{"id":11032,"date":"2024-05-30T12:26:00","date_gmt":"2024-05-30T12:26:00","guid":{"rendered":"https:\/\/green-giraffe-671934.hostingersite.com\/?post_type=product&#038;p=11032"},"modified":"2024-12-05T08:45:27","modified_gmt":"2024-12-05T08:45:27","slug":"2-valve-piston-velve-manifolds-with-l-4%ef%bc%82-sae-fittinggs","status":"publish","type":"product","link":"https:\/\/chinafore.com\/es\/producto\/colectores-velve-de-piston-de-2-valvulas-con-l-4\uff02-sae-fittinggs\/","title":{"rendered":"Colectores de pist\u00f3n de 2 v\u00e1lvulas con racores l\/4\" sae"},"content":{"rendered":"<div class=\"container-text\">\n<div style=\"text-align: center;\">\t<strong><span style=\"font-size:36px;\">Colectores de pist\u00f3n de 2 v\u00e1lvulas con racores l\/4\" sae<\/span><\/strong><\/p>\n<p>\t<strong><span style=\"font-size:26px;\">CF-1003<\/span><\/strong><\/p>\n<p>\t<img decoding=\"async\" alt=\"\" src=\"\/wp-content\/uploads\/2024\/05\/2-20040G6430K40.jpg\" \/>\t<\/p>\n<div style=\"text-align: left;\">\t\t&nbsp;<\/div>\n<table id=\"biaoge\" align=\"center\" border=\"0\" cellpadding=\"1\" cellspacing=\"1\">\n<tbody>\n<tr>\n<td>\n<div style=\"text-align: left;\">\t\t\t\t\t\t<span style=\"font-size:14px;\">Colector de 2 v\u00e1lvulas con indicadores de 68 mm<\/span><\/div>\n<div style=\"text-align: left;\">\t\t\t\t\t\t<span style=\"font-size:14px;\">Incluye el sistema de v\u00e1lvulas original de triple junta t\u00f3rica.<\/span><\/div>\n<div style=\"text-align: left;\">\t\t\t\t\t\t<strong><span style=\"font-size:16px;\">SISTEMA DE V\u00c1LVULA DE PIST\u00d3N<\/span><\/strong><\/div>\n<div style=\"text-align: left;\">\t\t\t\t\t\t<span style=\"font-size:14px;\">\u25cf Dise\u00f1o de tres juntas t\u00f3ricas de neopreno Super.<\/span><\/div>\n<div style=\"text-align: left;\">\t\t\t\t\t\t<span style=\"font-size:14px;\">\u25cf La junta t\u00f3rica de asiento posterior sella la tuerca de la v\u00e1lvula cuando est\u00e1 completamente abierta.<\/span><\/div>\n<div style=\"text-align: left;\">\t\t\t\t\t\t<span style=\"font-size:14px;\">\u25cf Los v\u00e1stagos de las v\u00e1lvulas se retraen completamente para proporcionar el m\u00e1ximo caudal.<\/span><\/div>\n<div style=\"text-align: left;\">\t\t\t\t\t\t<span style=\"font-size:14px;\">\u25cf Acabado de puerto tipo espejo para un movimiento suave de la v\u00e1lvula.<\/span><\/div>\n<div style=\"text-align: left;\">\t\t\t\t\t\t<strong><span style=\"font-size:16px;\">TIPO DE MAN\u00d3METRO<\/span><\/strong><\/div>\n<div style=\"text-align: left;\">\t\t\t\t\t\t<span style=\"font-size:14px;\">1. Unidad de presi\u00f3n y temperatura: PSI\/Kpa ,\u00b0F\/\u00b0C;<\/span><\/div>\n<div style=\"text-align: left;\">\t\t\t\t\t\t<span style=\"font-size:14px;\">&nbsp; &nbsp; Escalas de refrigeraci\u00f3n y di\u00e1metro del man\u00f3metro: R410A.R22, R-407C\/68mm\/2,5\".<\/span><\/div>\n<div style=\"text-align: left;\">\t\t\t\t\t\t<span style=\"font-size:14px;\">2. Unidad de presi\u00f3n y temperatura: PSI\/Kpa ,\u00b0F\/\u00b0C;<\/span><\/div>\n<div style=\"text-align: left;\">\t\t\t\t\t\t<span style=\"font-size:14px;\">&nbsp; &nbsp; Escalas de refrigeraci\u00f3n y di\u00e1metro del man\u00f3metro: R-134A,R22, R-404A,68mm\/25\".<\/span><\/div>\n<div style=\"text-align: left;\">\t\t\t\t\t\t<span style=\"font-size:14px;\">3. Unidad de presi\u00f3n y temperatura: PSI\/Kpa ,\u00b0F\/\u00b0C;<\/span><\/div>\n<div style=\"text-align: left;\">\t\t\t\t\t\t<span style=\"font-size:14px;\">&nbsp; &nbsp; Escalas de refrigeraci\u00f3n y di\u00e1metro del man\u00f3metro: R-12, R22, R502,68mm\/2,5\".<\/span><\/div>\n<\/td>\n<\/tr>\n<\/tbody>\n<\/table>\n<\/div>\n<p><\/div>","protected":false},"excerpt":{"rendered":"<p>Colectores de pist\u00f3n de 2 v\u00e1lvulas con racores l\/4\" sae<\/p>","protected":false},"featured_media":11034,"comment_status":"closed","ping_status":"closed","template":"","meta":[],"etheme_brands":[],"product_brand":[],"product_cat":[63],"product_tag":[],"class_list":{"0":"post-11032","1":"product","2":"type-product","3":"status-publish","4":"has-post-thumbnail","6":"product_cat-manifold","8":"first","9":"instock","10":"shipping-taxable","11":"product-type-simple"},"_links":{"self":[{"href":"https:\/\/chinafore.com\/es\/wp-json\/wp\/v2\/product\/11032","targetHints":{"allow":["GET"]}}],"collection":[{"href":"https:\/\/chinafore.com\/es\/wp-json\/wp\/v2\/product"}],"about":[{"href":"https:\/\/chinafore.com\/es\/wp-json\/wp\/v2\/types\/product"}],"replies":[{"embeddable":true,"href":"https:\/\/chinafore.com\/es\/wp-json\/wp\/v2\/comments?post=11032"}],"version-history":[{"count":1,"href":"https:\/\/chinafore.com\/es\/wp-json\/wp\/v2\/product\/11032\/revisions"}],"predecessor-version":[{"id":11033,"href":"https:\/\/chinafore.com\/es\/wp-json\/wp\/v2\/product\/11032\/revisions\/11033"}],"wp:featuredmedia":[{"embeddable":true,"href":"https:\/\/chinafore.com\/es\/wp-json\/wp\/v2\/media\/11034"}],"wp:attachment":[{"href":"https:\/\/chinafore.com\/es\/wp-json\/wp\/v2\/media?parent=11032"}],"wp:term":[{"taxonomy":"brand","embeddable":true,"href":"https:\/\/chinafore.com\/es\/wp-json\/wp\/v2\/etheme_brands?post=11032"},{"taxonomy":"product_brand","embeddable":true,"href":"https:\/\/chinafore.com\/es\/wp-json\/wp\/v2\/product_brand?post=11032"},{"taxonomy":"product_cat","embeddable":true,"href":"https:\/\/chinafore.com\/es\/wp-json\/wp\/v2\/product_cat?post=11032"},{"taxonomy":"product_tag","embeddable":true,"href":"https:\/\/chinafore.com\/es\/wp-json\/wp\/v2\/product_tag?post=11032"}],"curies":[{"name":"wp","href":"https:\/\/api.w.org\/{rel}","templated":true}]}}