{"id":11028,"date":"2024-05-30T12:26:00","date_gmt":"2024-05-30T12:26:00","guid":{"rendered":"https:\/\/green-giraffe-671934.hostingersite.com\/?post_type=product&#038;p=11028"},"modified":"2024-12-05T08:45:26","modified_gmt":"2024-12-05T08:45:26","slug":"manifolds-with-2-1-2%ef%bc%82-gauges","status":"publish","type":"product","link":"https:\/\/chinafore.com\/es\/producto\/colectores-con-2-1-2\uff02-manometros\/","title":{"rendered":"Colectores con man\u00f3metros de 2-1\/2"},"content":{"rendered":"<div class=\"container-text\">\n<div style=\"text-align: center;\">\t<strong><span style=\"font-size:36px;\">Colectores con man\u00f3metros de 2-1\/2<\/span><\/strong><\/p>\n<p>\t<img decoding=\"async\" alt=\"\" src=\"\/wp-content\/uploads\/2024\/05\/2-20040P91G5220.jpg\" \/><\/p>\n<table id=\"biaoge\" align=\"center\" border=\"1\" cellpadding=\"1\" cellspacing=\"1\">\n<tbody>\n<tr>\n<td>\t\t\t\t\t<strong><span style=\"font-size:14px;\">Refrigerantes<\/span><\/strong><\/td>\n<td>\t\t\t\t\t<strong><span style=\"font-size:14px;\">Descripci\u00f3n<\/span><\/strong><\/td>\n<td>\t\t\t\t\t<strong><span style=\"font-size:14px;\">Sin manguera<\/span><\/strong><\/td>\n<td>\t\t\t\t\t<strong><span style=\"font-size:14px;\">1<\/span><\/strong><\/td>\n<td>\t\t\t\t\t<strong><span style=\"font-size:14px;\">2<\/span><\/strong><\/td>\n<td>\t\t\t\t\t<strong><span style=\"font-size:14px;\">3<\/span><\/strong><\/td>\n<td>\t\t\t\t\t<strong><span style=\"font-size:14px;\">4<\/span><\/strong><\/td>\n<td>\t\t\t\t\t<strong><span style=\"font-size:14px;\">5<\/span><\/strong><\/td>\n<\/tr>\n<tr>\n<td>\t\t\t\t\t&#8211;<\/td>\n<td>\t\t\t\t\tUnidad b\u00e1sica: colector, calibradores, gancho y anclajes<\/td>\n<td>\t\t\t\t\t3094<\/td>\n<td>\t\t\t\t\t&#8211;<\/td>\n<td>\t\t\t\t\t&#8211;<\/td>\n<td>\t\t\t\t\t&#8211;<\/td>\n<td>\t\t\t\t\t&#8211;<\/td>\n<td>\t\t\t\t\t&#8211;<\/td>\n<\/tr>\n<tr>\n<td>\t\t\t\t\tR-12\/R-22\/R-502<\/td>\n<td>\t\t\t\t\tMangueras RYB de 36<\/td>\n<td>\t\t\t\t\t&#8211;<\/td>\n<td>\t\t\t\t\t3095<\/td>\n<td>\t\t\t\t\t3100<\/td>\n<td>\t\t\t\t\t3105<\/td>\n<td>\t\t\t\t\t3110<\/td>\n<td>\t\t\t\t\t3115<\/td>\n<\/tr>\n<tr>\n<td>\t\t\t\t\tR-12\/R-22\/R-502<\/td>\n<td>\t\t\t\t\tMangueras RYB de 48<\/td>\n<td>\t\t\t\t\t&#8211;<\/td>\n<td>\t\t\t\t\t3096<\/td>\n<td>\t\t\t\t\t3101<\/td>\n<td>\t\t\t\t\t3106<\/td>\n<td>\t\t\t\t\t3111<\/td>\n<td>\t\t\t\t\t&#8211;<\/td>\n<\/tr>\n<tr>\n<td>\t\t\t\t\tR-12\/R-22\/R-502<\/td>\n<td>\t\t\t\t\tMangueras RYB de 60<\/td>\n<td>\t\t\t\t\t&#8211;<\/td>\n<td>\t\t\t\t\t3097<\/td>\n<td>\t\t\t\t\t3102<\/td>\n<td>\t\t\t\t\t3107<\/td>\n<td>\t\t\t\t\t3112<\/td>\n<td>\t\t\t\t\t3116<\/td>\n<\/tr>\n<tr>\n<td>\t\t\t\t\tR-12\/R-22\/R-502<\/td>\n<td>\t\t\t\t\tMangueras RYB de 72<\/td>\n<td>\t\t\t\t\t&#8211;<\/td>\n<td>\t\t\t\t\t3098<\/td>\n<td>\t\t\t\t\t3103<\/td>\n<td>\t\t\t\t\t3108<\/td>\n<td>\t\t\t\t\t3113<\/td>\n<td>\t\t\t\t\t3117<\/td>\n<\/tr>\n<tr>\n<td>\t\t\t\t\tR-12\/R-22\/R-502<\/td>\n<td>\t\t\t\t\tMangueras RYB de 36\" y malet\u00edn<\/td>\n<td>\t\t\t\t\t&#8211;<\/td>\n<td>\t\t\t\t\t3099<\/td>\n<td>\t\t\t\t\t3104<\/td>\n<td>\t\t\t\t\t3109<\/td>\n<td>\t\t\t\t\t3114<\/td>\n<td>\t\t\t\t\t&#8211;<\/td>\n<\/tr>\n<tr>\n<td>\t\t\t\t\t&#8211;<\/td>\n<td>\t\t\t\t\tUnidad b\u00e1sica: colector, calibradores, gancho y anclajes<\/td>\n<td>\t\t\t\t\t3118<\/td>\n<td>\t\t\t\t\t&#8211;<\/td>\n<td>\t\t\t\t\t&#8211;<\/td>\n<td>\t\t\t\t\t&#8211;<\/td>\n<td>\t\t\t\t\t&#8211;<\/td>\n<td>\t\t\t\t\t&#8211;<\/td>\n<\/tr>\n<tr>\n<td>\t\t\t\t\tR-134a\/R-404A\/R-507<\/td>\n<td>\t\t\t\t\tMangueras RYB de 36<\/td>\n<td>\t\t\t\t\t&#8211;<\/td>\n<td>\t\t\t\t\t3119<\/td>\n<td>\t\t\t\t\t3124<\/td>\n<td>\t\t\t\t\t3129<\/td>\n<td>\t\t\t\t\t3134<\/td>\n<td>\t\t\t\t\t3139<\/td>\n<\/tr>\n<tr>\n<td>\t\t\t\t\tR-134a\/R-404A\/R-507<\/td>\n<td>\t\t\t\t\tMangueras RYB de 48<\/td>\n<td>\t\t\t\t\t&#8211;<\/td>\n<td>\t\t\t\t\t3120<\/td>\n<td>\t\t\t\t\t3125<\/td>\n<td>\t\t\t\t\t3130<\/td>\n<td>\t\t\t\t\t3135<\/td>\n<td>\t\t\t\t\t&#8211;<\/td>\n<\/tr>\n<tr>\n<td>\t\t\t\t\tR-134a\/R-404A\/R-507<\/td>\n<td>\t\t\t\t\tMangueras RYB de 60<\/td>\n<td>\t\t\t\t\t&#8211;<\/td>\n<td>\t\t\t\t\t3121<\/td>\n<td>\t\t\t\t\t3126<\/td>\n<td>\t\t\t\t\t3131<\/td>\n<td>\t\t\t\t\t3136<\/td>\n<td>\t\t\t\t\t3140<\/td>\n<\/tr>\n<tr>\n<td>\t\t\t\t\tR-134a\/R-404A\/R-507<\/td>\n<td>\t\t\t\t\tMangueras RYB de 72<\/td>\n<td>\t\t\t\t\t&#8211;<\/td>\n<td>\t\t\t\t\t3122<\/td>\n<td>\t\t\t\t\t3127<\/td>\n<td>\t\t\t\t\t3132<\/td>\n<td>\t\t\t\t\t3137<\/td>\n<td>\t\t\t\t\t&#8211;<\/td>\n<\/tr>\n<tr>\n<td>\t\t\t\t\tR-134a\/R-404A\/R-507<\/td>\n<td>\t\t\t\t\tMangueras RYB de 36\" y malet\u00edn<\/td>\n<td>\t\t\t\t\t&#8211;<\/td>\n<td>\t\t\t\t\t3123<\/td>\n<td>\t\t\t\t\t3128<\/td>\n<td>\t\t\t\t\t3133<\/td>\n<td>\t\t\t\t\t3138<\/td>\n<td>\t\t\t\t\t&#8211;<\/td>\n<\/tr>\n<tr>\n<td>\t\t\t\t\t&#8211;<\/td>\n<td>\t\t\t\t\tUnidad b\u00e1sica: colector, calibradores, gancho y anclajes<\/td>\n<td>\t\t\t\t\t3141<\/td>\n<td>\t\t\t\t\t&#8211;<\/td>\n<td>\t\t\t\t\t&#8211;<\/td>\n<td>\t\t\t\t\t&#8211;<\/td>\n<td>\t\t\t\t\t&#8211;<\/td>\n<td>\t\t\t\t\t&#8211;<\/td>\n<\/tr>\n<tr>\n<td>\t\t\t\t\tR-410A<\/td>\n<td>\t\t\t\t\tManguera RYB de 60<\/td>\n<td>\t\t\t\t\t&#8211;<\/td>\n<td>\t\t\t\t\t&#8211;<\/td>\n<td>\t\t\t\t\t3142<\/td>\n<td>\t\t\t\t\t&#8211;<\/td>\n<td>\t\t\t\t\t3145<\/td>\n<td>\t\t\t\t\t3146<\/td>\n<\/tr>\n<tr>\n<td>\t\t\t\t\tR-410A<\/td>\n<td>\t\t\t\t\tMangueras RYB de 60\" especiales*.<\/td>\n<td>\t\t\t\t\t&#8211;<\/td>\n<td>\t\t\t\t\t&#8211;<\/td>\n<td>\t\t\t\t\t3143<\/td>\n<td>\t\t\t\t\t&#8211;<\/td>\n<td>\t\t\t\t\t&#8211;<\/td>\n<td>\t\t\t\t\t&#8211;<\/td>\n<\/tr>\n<tr>\n<td>\t\t\t\t\tR-410A<\/td>\n<td>\t\t\t\t\tManguera HCA 60<\/td>\n<td>\t\t\t\t\t&#8211;<\/td>\n<td>\t\t\t\t\t&#8211;<\/td>\n<td>\t\t\t\t\t3144<\/td>\n<td>\t\t\t\t\t&#8211;<\/td>\n<td>\t\t\t\t\t&#8211;<\/td>\n<td>\t\t\t\t\t&#8211;<\/td>\n<\/tr>\n<\/tbody>\n<\/table>\n<p>\t<img decoding=\"async\" alt=\"\" src=\"\/wp-content\/uploads\/2024\/05\/2-20040P95509E7.jpg\"\/>\t<\/p>\n<table id=\"biaoge\" align=\"center\" border=\"0\" cellpadding=\"1\" cellspacing=\"1\">\n<tbody>\n<tr>\n<td>\n<div style=\"text-align: left;\">\t\t\t\t\t\t<strong><span style=\"font-size:14px;\">Cuerpo de lat\u00f3n forjado con manetas de v\u00e1lvula met\u00e1licas.<\/span><\/strong><\/div>\n<div style=\"text-align: left;\">\t\t\t\t\t\t<span style=\"font-size:14px;\">El cuerpo forjado es de lat\u00f3n macizo para mayor durabilidad. Portabilidad completa&nbsp;<\/span><span style=\"font-size: 14px;\">maximiza la capacidad.<\/span><\/div>\n<div style=\"text-align: left;\">\t\t\t\t\t\t<span style=\"font-size:14px;\">Las manetas met\u00e1licas de las v\u00e1lvulas son de tama\u00f1o normal para facilitar su manejo.<\/span><\/div>\n<div style=\"text-align: left;\">\t\t\t\t\t\t<span style=\"font-size:14px;\">Los anclajes de la manguera est\u00e1n forjados en la parte posterior del cuerpo a 45\u00b0.<\/span><\/div>\n<div style=\"text-align: left;\">\t\t\t\t\t\t<span style=\"font-size:14px;\"><strong>Probado. <\/strong>Cada colector se somete a pruebas individuales para&nbsp;<\/span><span style=\"font-size: 14px;\">fiabilidad antes del env\u00edo.<\/span><\/div>\n<div style=\"text-align: left;\">\t\t\t\t\t\t<strong><span style=\"font-size:14px;\">Garant\u00eda limitada de por vida<\/span><\/strong><\/div>\n<div style=\"text-align: left;\">\t\t\t\t\t\t<span style=\"font-size:14px;\">en la barra del colector y las v\u00e1lvulas, no en los man\u00f3metros. Ver colector&nbsp;<\/span><span style=\"font-size: 14px;\">instrucciones para m\u00e1s detalles.<\/span><\/div>\n<div style=\"text-align: left;\">\t\t\t\t\t\t<span style=\"font-size:14px;\"><strong>Tecnolog\u00eda. <\/strong>Protector contra sobretensiones y amortiguador de silicona&nbsp;<\/span><span style=\"font-size: 14px;\">movimiento ayuda a minimizar la pulsaci\u00f3n de la aguja para que sea m\u00e1s f\u00e1cil,<\/span><span style=\"font-size: 14px;\">lecturas m\u00e1s precisas.<\/span><\/div>\n<div style=\"text-align: left;\">\t\t\t\t\t\t<strong><span style=\"font-size:14px;\">Pistones deslizantes de doble junta t\u00f3rica.<\/span><\/strong><\/div>\n<div style=\"text-align: left;\">\t\t\t\t\t\t<span style=\"font-size:14px;\">El dise\u00f1o no giratorio reduce el desgaste.&nbsp;<\/span><span style=\"font-size: 14px;\">S\u00f3lo 1-1\/2 vueltas le dan el flujo completo.<\/span><\/div>\n<div style=\"text-align: left;\">\t\t\t\t\t\t<span style=\"font-size:14px;\">El asiento de nylon de larga duraci\u00f3n es tambi\u00e9n para vac\u00edo y&nbsp;<\/span><span style=\"font-size: 14px;\">R134A, R404A, R507, R407C, R4I0A, etc.<\/span><\/div>\n<div style=\"text-align: left;\">\t\t\t\t\t\t<span style=\"font-size:14px;\"><strong>Mangueras.<\/strong> La mayor\u00eda de los colectores incluyen&nbsp;<\/span><span style=\"font-size: 14px;\">mangueras de carga LAX codificadas por colores.&nbsp;<\/span><br \/>\t\t\t\t\t\t<span style=\"font-size: 14px;\">Man\u00f3metros de caja de acero de 2-1\/2\" de f\u00e1cil lectura ( )&nbsp;<\/span><span style=\"font-size: 14px;\">con una precisi\u00f3n de 3-2-3%.<\/span><\/div>\n<div style=\"text-align: left;\">\t\t\t\t\t\t<\/p>\n<div>\t\t\t\t\t\t\t<span style=\"font-size:14px;\"><strong>NOTAS: <\/strong>Colectores con algunas otras combinaciones de mangueras disponibles.<\/span><\/div>\n<div>\t\t\t\t\t\t\t<span style=\"font-size:14px;\">* Manguera especial R410A - La manguera R&amp;B es de 1\/4\" x 45\u00b0 5\/16\" extremo;<\/span><br \/>\t\t\t\t\t\t\t<span style=\"font-size: 14px;\">La manguera en Y tiene un extremo de 1\/4\" x 45\u00b0 1\/4\".<\/span><\/div>\n<div>\t\t\t\t\t\t\t<span style=\"font-size:14px;\">Colectores de R-410A con racores portamangueras de 5\/16\".<\/span><\/div>\n<div>\t\t\t\t\t\t\t<span style=\"font-size:14px;\">1 Colector con man\u00f3metros de 68MM<\/span><\/div>\n<div>\t\t\t\t\t\t\t<span style=\"font-size:14px;\">2 Colector con racores est\u00e1ndar<\/span><\/div>\n<div>\t\t\t\t\t\t\t<span style=\"font-size:14px;\">3 Colector con indicadores de aceite de 68MM<\/span><\/div>\n<div>\t\t\t\t\t\t\t<span style=\"font-size:14px;\">4 Colector con man\u00f3metros secos de 80MM<\/span><\/div>\n<div>\t\t\t\t\t\t\t<span style=\"font-size:14px;\">5 Colector con v\u00e1lvulas de bola compactas mangueras<\/span><\/div>\n<\/p><\/div>\n<\/td>\n<\/tr>\n<\/tbody>\n<\/table>\n<p><\/div>","protected":false},"excerpt":{"rendered":"<p>Colectores con man\u00f3metros de 2-1\/2<\/p>","protected":false},"featured_media":11030,"comment_status":"closed","ping_status":"closed","template":"","meta":[],"etheme_brands":[],"product_brand":[],"product_cat":[63],"product_tag":[],"class_list":{"0":"post-11028","1":"product","2":"type-product","3":"status-publish","4":"has-post-thumbnail","6":"product_cat-manifold","8":"first","9":"instock","10":"shipping-taxable","11":"product-type-simple"},"_links":{"self":[{"href":"https:\/\/chinafore.com\/es\/wp-json\/wp\/v2\/product\/11028","targetHints":{"allow":["GET"]}}],"collection":[{"href":"https:\/\/chinafore.com\/es\/wp-json\/wp\/v2\/product"}],"about":[{"href":"https:\/\/chinafore.com\/es\/wp-json\/wp\/v2\/types\/product"}],"replies":[{"embeddable":true,"href":"https:\/\/chinafore.com\/es\/wp-json\/wp\/v2\/comments?post=11028"}],"version-history":[{"count":1,"href":"https:\/\/chinafore.com\/es\/wp-json\/wp\/v2\/product\/11028\/revisions"}],"predecessor-version":[{"id":11029,"href":"https:\/\/chinafore.com\/es\/wp-json\/wp\/v2\/product\/11028\/revisions\/11029"}],"wp:featuredmedia":[{"embeddable":true,"href":"https:\/\/chinafore.com\/es\/wp-json\/wp\/v2\/media\/11030"}],"wp:attachment":[{"href":"https:\/\/chinafore.com\/es\/wp-json\/wp\/v2\/media?parent=11028"}],"wp:term":[{"taxonomy":"brand","embeddable":true,"href":"https:\/\/chinafore.com\/es\/wp-json\/wp\/v2\/etheme_brands?post=11028"},{"taxonomy":"product_brand","embeddable":true,"href":"https:\/\/chinafore.com\/es\/wp-json\/wp\/v2\/product_brand?post=11028"},{"taxonomy":"product_cat","embeddable":true,"href":"https:\/\/chinafore.com\/es\/wp-json\/wp\/v2\/product_cat?post=11028"},{"taxonomy":"product_tag","embeddable":true,"href":"https:\/\/chinafore.com\/es\/wp-json\/wp\/v2\/product_tag?post=11028"}],"curies":[{"name":"wp","href":"https:\/\/api.w.org\/{rel}","templated":true}]}}