{"id":10850,"date":"2024-09-07T07:51:57","date_gmt":"2024-09-07T07:51:57","guid":{"rendered":"https:\/\/green-giraffe-671934.hostingersite.com\/?post_type=product&#038;p=10850"},"modified":"2026-03-23T03:29:31","modified_gmt":"2026-03-23T08:29:31","slug":"condensate-pump-tranquil-x","status":"publish","type":"product","link":"https:\/\/chinafore.com\/es\/producto\/bomba-de-condensado-tranquil-x\/","title":{"rendered":"Bomba de condensados Tranquil-X"},"content":{"rendered":"<div class=\"page\" title=\"P\u00e1gina 1\">\n<div class=\"layoutArea\">\n<div class=\"column\">\n<p>Las bombas de la serie Tranquil incorporan un sensor de agua digital sin flotador, un rango de tensi\u00f3n universal y un caudal ajustable para un rendimiento \u00f3ptimo, lo que las convierte en las bombas de mayor calidad y potencia del mercado.<\/p>\n<ul>\n<li>Fuente de alimentaci\u00f3n: 100-240V AC 50\/60Hz &lt; 4W<\/li>\n<li>Caudal m\u00e1ximo: Control autom\u00e1tico del caudal ajustado con los cambios en el caudal de entrada de agua, hasta 40L\/H<\/li>\n<li>Altura m\u00e1xima: 20 m<\/li>\n<li>Altura m\u00e1xima de aspiraci\u00f3n: 2 M<\/li>\n<li>Potencia m\u00e1xima de la unidad: 46 kw \/ 157.000 Btu\/h<\/li>\n<li>Temperatura m\u00e1xima del agua: 70\u00b0C<\/li>\n<li>Tubo de descarga: 6mmID<\/li>\n<li>Clase II aparato<\/li>\n<li>Protecci\u00f3n: Totalmente encapsulado, IP-45<\/li>\n<li>M\u00e9todo de arranque: Arranque suave<\/li>\n<li>L\u00d7A\u00d7H: 281 mm \u00d7 55 mm \u00d7 69 mm<\/li>\n<\/ul>\n<\/div>\n<\/div>\n<\/div>","protected":false},"excerpt":{"rendered":"<p>The Tranquil series pumps feature a digital floatless water sensor, a universal voltage range, and an adjustable flow rate for optimal performance, which makes them&#8230;<\/p>","protected":false},"featured_media":13216,"comment_status":"closed","ping_status":"closed","template":"","meta":[],"etheme_brands":[],"product_brand":[],"product_cat":[93],"product_tag":[],"class_list":{"0":"post-10850","1":"product","2":"type-product","3":"status-publish","4":"has-post-thumbnail","6":"product_cat-tranquil-series","8":"first","9":"instock","10":"shipping-taxable","11":"product-type-simple"},"_links":{"self":[{"href":"https:\/\/chinafore.com\/es\/wp-json\/wp\/v2\/product\/10850","targetHints":{"allow":["GET"]}}],"collection":[{"href":"https:\/\/chinafore.com\/es\/wp-json\/wp\/v2\/product"}],"about":[{"href":"https:\/\/chinafore.com\/es\/wp-json\/wp\/v2\/types\/product"}],"replies":[{"embeddable":true,"href":"https:\/\/chinafore.com\/es\/wp-json\/wp\/v2\/comments?post=10850"}],"version-history":[{"count":1,"href":"https:\/\/chinafore.com\/es\/wp-json\/wp\/v2\/product\/10850\/revisions"}],"predecessor-version":[{"id":11887,"href":"https:\/\/chinafore.com\/es\/wp-json\/wp\/v2\/product\/10850\/revisions\/11887"}],"wp:featuredmedia":[{"embeddable":true,"href":"https:\/\/chinafore.com\/es\/wp-json\/wp\/v2\/media\/13216"}],"wp:attachment":[{"href":"https:\/\/chinafore.com\/es\/wp-json\/wp\/v2\/media?parent=10850"}],"wp:term":[{"taxonomy":"brand","embeddable":true,"href":"https:\/\/chinafore.com\/es\/wp-json\/wp\/v2\/etheme_brands?post=10850"},{"taxonomy":"product_brand","embeddable":true,"href":"https:\/\/chinafore.com\/es\/wp-json\/wp\/v2\/product_brand?post=10850"},{"taxonomy":"product_cat","embeddable":true,"href":"https:\/\/chinafore.com\/es\/wp-json\/wp\/v2\/product_cat?post=10850"},{"taxonomy":"product_tag","embeddable":true,"href":"https:\/\/chinafore.com\/es\/wp-json\/wp\/v2\/product_tag?post=10850"}],"curies":[{"name":"wp","href":"https:\/\/api.w.org\/{rel}","templated":true}]}}