{"id":10482,"date":"2024-05-30T12:26:00","date_gmt":"2024-05-30T12:26:00","guid":{"rendered":"https:\/\/green-giraffe-671934.hostingersite.com\/?post_type=product&#038;p=10482"},"modified":"2024-12-05T08:47:19","modified_gmt":"2024-12-05T08:47:19","slug":"swirl-ceiling-diffuser-with-fixed-blades-on-square-plate","status":"publish","type":"product","link":"https:\/\/chinafore.com\/es\/producto\/difusor-de-techo-rotacional-de-lamas-fijas-sobre-placa-cuadrada\/","title":{"rendered":"Difusor de techo rotacional de lamas fijas sobre placa cuadrada"},"content":{"rendered":"<div class=\"container-text\">\n<div style=\"text-align: center;\">\t<strong><span style=\"font-size:36px;\">SWA<\/span><\/strong><\/p>\n<p>\t<img decoding=\"async\" alt=\"\" src=\"\/wp-content\/uploads\/2024\/05\/2-2004111424414V.jpg\" \/><\/p>\n<table id=\"biaoge\" align=\"center\" border=\"1\" cellpadding=\"1\" cellspacing=\"1\">\n<tbody>\n<tr>\n<td>\t\t\t\t\t<strong><span style=\"font-size:14px;\">Tipo<\/span><\/strong><\/td>\n<td>\t\t\t\t\t<strong><span style=\"font-size:14px;\">A(mm)<\/span><\/strong><\/td>\n<td>\t\t\t\t\t<strong><span style=\"font-size:14px;\"><span style=\"color: rgb(0, 0, 0); font-family: &quot;Helvetica Neue&quot;, Helvetica, Arial, sans-serif;\">\u0424<\/span>B(mm)<\/span><\/strong><\/td>\n<td>\t\t\t\t\t<strong><span style=\"font-size:14px;\"><span style=\"color: rgb(0, 0, 0); font-family: &quot;Helvetica Neue&quot;, Helvetica, Arial, sans-serif;\">\u0424<\/span>C(mm)<\/span><\/strong><\/td>\n<\/tr>\n<tr>\n<td>\t\t\t\t\tSWA400<\/td>\n<td>\t\t\t\t\t398<\/td>\n<td>\t\t\t\t\t350<\/td>\n<td>\t\t\t\t\t130<\/td>\n<\/tr>\n<tr>\n<td>\t\t\t\t\tSWA500<\/td>\n<td>\t\t\t\t\t498<\/td>\n<td>\t\t\t\t\t350<\/td>\n<td>\t\t\t\t\t130<\/td>\n<\/tr>\n<tr>\n<td>\t\t\t\t\tSWA600<\/td>\n<td>\t\t\t\t\t598<\/td>\n<td>\t\t\t\t\t350<\/td>\n<td>\t\t\t\t\t130<\/td>\n<\/tr>\n<tr>\n<td>\t\t\t\t\tSWA625<\/td>\n<td>\t\t\t\t\t623<\/td>\n<td>\t\t\t\t\t350<\/td>\n<td>\t\t\t\t\t130<\/td>\n<\/tr>\n<tr>\n<td>\t\t\t\t\tSWA600D<\/td>\n<td>\t\t\t\t\t598<\/td>\n<td>\t\t\t\t\t540<\/td>\n<td>\t\t\t\t\t200<\/td>\n<\/tr>\n<tr>\n<td>\t\t\t\t\tSWA625D<\/td>\n<td>\t\t\t\t\t623<\/td>\n<td>\t\t\t\t\t540<\/td>\n<td>\t\t\t\t\t200<\/td>\n<\/tr>\n<tr>\n<td>\t\t\t\t\tSWA675D<\/td>\n<td>\t\t\t\t\t673<\/td>\n<td>\t\t\t\t\t540<\/td>\n<td>\t\t\t\t\t200<\/td>\n<\/tr>\n<\/tbody>\n<\/table>\n<p>\t<\/p>\n<table id=\"biaoge\" align=\"center\" border=\"0\" cellpadding=\"1\" cellspacing=\"1\">\n<tbody>\n<tr>\n<td>\n<div style=\"text-align: left;\">\t\t\t\t\t\t<span style=\"font-size:14px;\">- SWA:Difusores de techo rotacionales de alta&nbsp;<\/span><span style=\"font-size: 14px;\">de inducci\u00f3n, consistente en una placa cuadrada&nbsp;<\/span><span style=\"font-size: 14px;\">con&nbsp; &nbsp; &nbsp;<br \/>\t\t\t\t\t\t&nbsp; m\u00faltiples cuchillas fijas dispuestas en&nbsp;<\/span><span style=\"font-size: 14px;\">circular y estar equipado con&nbsp;<\/span><span style=\"font-size: 14px;\">galvanizado<br \/>\t\t\t\t\t\t&nbsp; plenum de acero.2 tama\u00f1os de remolino&nbsp;<\/span><span style=\"font-size: 14px;\">disponible en varios tama\u00f1os de placa<\/span><\/div>\n<div style=\"text-align: left;\">\t\t\t\t\t\t<span style=\"font-size:14px;\">- Aplicaci\u00f3n:Para impulsi\u00f3n y extracci\u00f3n de aire en&nbsp;<\/span><span style=\"font-size: 14px;\">sistemas de ventilaci\u00f3n y aire acondicionado<\/span><\/div>\n<div style=\"text-align: left;\">\t\t\t\t\t\t<span style=\"font-size:14px;\">- Material: acero con recubrimiento de polvo blanco&nbsp;<\/span><span style=\"font-size: 14px;\">RAL9010<\/span><\/div>\n<div style=\"text-align: left;\">\t\t\t\t\t\t<span style=\"font-size:14px;\">- Composici\u00f3n:Placa frontal de&nbsp;<\/span><span style=\"font-size: 14px;\">acero con recubrimiento de polvo. Tornillo central&nbsp;<\/span><span style=\"font-size: 14px;\">montaje<\/span><\/div>\n<div style=\"text-align: left;\">\t\t\t\t\t\t<span style=\"font-size:14px;\">- Montaje:Fijaci\u00f3n mediante tornillo central en el&nbsp;<\/span><span style=\"font-size: 14px;\">travesa\u00f1o del plenum de conexi\u00f3n<\/span><\/div>\n<\/td>\n<\/tr>\n<\/tbody>\n<\/table>\n<p>\t<img decoding=\"async\" alt=\"\" src=\"\/wp-content\/uploads\/2024\/05\/2-20041114303V39.jpg\"\/><\/div>\n<p><\/div>","protected":false},"excerpt":{"rendered":"<p>Difusor de techo rotacional de lamas fijas sobre placa cuadrada<\/p>","protected":false},"featured_media":10484,"comment_status":"closed","ping_status":"closed","template":"","meta":[],"etheme_brands":[],"product_brand":[],"product_cat":[51],"product_tag":[],"class_list":{"0":"post-10482","1":"product","2":"type-product","3":"status-publish","4":"has-post-thumbnail","6":"product_cat-diffuser","8":"first","9":"instock","10":"shipping-taxable","11":"product-type-simple"},"_links":{"self":[{"href":"https:\/\/chinafore.com\/es\/wp-json\/wp\/v2\/product\/10482","targetHints":{"allow":["GET"]}}],"collection":[{"href":"https:\/\/chinafore.com\/es\/wp-json\/wp\/v2\/product"}],"about":[{"href":"https:\/\/chinafore.com\/es\/wp-json\/wp\/v2\/types\/product"}],"replies":[{"embeddable":true,"href":"https:\/\/chinafore.com\/es\/wp-json\/wp\/v2\/comments?post=10482"}],"version-history":[{"count":1,"href":"https:\/\/chinafore.com\/es\/wp-json\/wp\/v2\/product\/10482\/revisions"}],"predecessor-version":[{"id":11838,"href":"https:\/\/chinafore.com\/es\/wp-json\/wp\/v2\/product\/10482\/revisions\/11838"}],"wp:featuredmedia":[{"embeddable":true,"href":"https:\/\/chinafore.com\/es\/wp-json\/wp\/v2\/media\/10484"}],"wp:attachment":[{"href":"https:\/\/chinafore.com\/es\/wp-json\/wp\/v2\/media?parent=10482"}],"wp:term":[{"taxonomy":"brand","embeddable":true,"href":"https:\/\/chinafore.com\/es\/wp-json\/wp\/v2\/etheme_brands?post=10482"},{"taxonomy":"product_brand","embeddable":true,"href":"https:\/\/chinafore.com\/es\/wp-json\/wp\/v2\/product_brand?post=10482"},{"taxonomy":"product_cat","embeddable":true,"href":"https:\/\/chinafore.com\/es\/wp-json\/wp\/v2\/product_cat?post=10482"},{"taxonomy":"product_tag","embeddable":true,"href":"https:\/\/chinafore.com\/es\/wp-json\/wp\/v2\/product_tag?post=10482"}],"curies":[{"name":"wp","href":"https:\/\/api.w.org\/{rel}","templated":true}]}}