{"id":10450,"date":"2024-05-30T12:26:00","date_gmt":"2024-05-30T12:26:00","guid":{"rendered":"https:\/\/green-giraffe-671934.hostingersite.com\/?post_type=product&#038;p=10450"},"modified":"2024-12-05T08:47:14","modified_gmt":"2024-12-05T08:47:14","slug":"eg-e-white-aluminium-transfer-grilles","status":"publish","type":"product","link":"https:\/\/chinafore.com\/es\/producto\/eg-e-rejillas-de-transferencia-de-aluminio-blanco\/","title":{"rendered":"Rejillas de transferencia de aluminio blanco Eg-E"},"content":{"rendered":"<div class=\"container-text\">\n<div style=\"text-align: center;\">\t<strong><span style=\"font-size:36px;\">EG - E<\/span><\/strong><\/p>\n<p>\t<img decoding=\"async\" alt=\"\" src=\"\/wp-content\/uploads\/2024\/05\/2-2004131HG1Q3.jpg\" \/><\/p>\n<table id=\"biaoge\" align=\"center\" border=\"1\" cellpadding=\"1\" cellspacing=\"1\">\n<tbody>\n<tr>\n<td>\t\t\t\t\t<strong><span style=\"font-size:14px;\">Tipo<\/span><\/strong><\/td>\n<td>\t\t\t\t\t<strong><span style=\"font-size:14px;\">A-A(mm)<\/span><\/strong><\/td>\n<td>\t\t\t\t\t<strong><span style=\"font-size:14px;\">B-B(mm)<\/span><\/strong><\/td>\n<td>\t\t\t\t\t<strong><span style=\"font-size:14px;\">H(mm)<\/span><\/strong><\/td>\n<\/tr>\n<tr>\n<td>\t\t\t\t\tEG-E600x400<\/td>\n<td>\t\t\t\t\t595&#215;395<\/td>\n<td>\t\t\t\t\t644&#215;444<\/td>\n<td>\t\t\t\t\t40<\/td>\n<\/tr>\n<tr>\n<td>\t\t\t\t\tEG-E750x400<\/td>\n<td>\t\t\t\t\t745&#215;395<\/td>\n<td>\t\t\t\t\t794&#215;444<\/td>\n<td>\t\t\t\t\t40<\/td>\n<\/tr>\n<tr>\n<td>\t\t\t\t\tEG-E750x450<\/td>\n<td>\t\t\t\t\t745&#215;445<\/td>\n<td>\t\t\t\t\t794&#215;494<\/td>\n<td>\t\t\t\t\t40<\/td>\n<\/tr>\n<tr>\n<td>\t\t\t\t\tEG-E800x500<\/td>\n<td>\t\t\t\t\t795&#215;495<\/td>\n<td>\t\t\t\t\t844&#215;544<\/td>\n<td>\t\t\t\t\t40<\/td>\n<\/tr>\n<tr>\n<td>\t\t\t\t\tEG-E900x400<\/td>\n<td>\t\t\t\t\t895&#215;395<\/td>\n<td>\t\t\t\t\t944&#215;444<\/td>\n<td>\t\t\t\t\t40<\/td>\n<\/tr>\n<tr>\n<td>\t\t\t\t\tEG-E900x500<\/td>\n<td>\t\t\t\t\t895&#215;495<\/td>\n<td>\t\t\t\t\t944&#215;544<\/td>\n<td>\t\t\t\t\t40<\/td>\n<\/tr>\n<tr>\n<td>\t\t\t\t\tEG-E900x550<\/td>\n<td>\t\t\t\t\t895&#215;545<\/td>\n<td>\t\t\t\t\t955&#215;604<\/td>\n<td>\t\t\t\t\t40<\/td>\n<\/tr>\n<tr>\n<td>\t\t\t\t\tEG-E595x595<\/td>\n<td>\t\t\t\t\t546&#215;546<\/td>\n<td>\t\t\t\t\t595&#215;595<\/td>\n<td>\t\t\t\t\t40<\/td>\n<\/tr>\n<\/tbody>\n<\/table>\n<div style=\"text-align: left;\">\t\t&nbsp;<\/div>\n<table id=\"biaoge\" align=\"center\" border=\"0\" cellpadding=\"1\" cellspacing=\"1\">\n<tbody>\n<tr>\n<td>\n<div style=\"text-align: left;\">\t\t\t\t\t\t<span style=\"font-size:14px;\">- Rejillas de transferencia de aluminio blanco con WG cuadrado - A&nbsp;<\/span><span style=\"font-size: 14px;\">Mallas de 12,7\u00d712,7 mm.<\/span><\/div>\n<div style=\"text-align: left;\">\t\t\t\t\t\t<span style=\"font-size:14px;\">- Aplicaci\u00f3n:Para extracci\u00f3n de aire en ventilaci\u00f3n y&nbsp;<\/span><span style=\"font-size: 14px;\">sistemas de acondicionamiento<\/span><\/div>\n<div style=\"text-align: left;\">\t\t\t\t\t\t<span style=\"font-size:14px;\">- Material:Aluminio<\/span><\/div>\n<div style=\"text-align: left;\">\t\t\t\t\t\t<span style=\"font-size:14px;\">- Color:RAL 9016, RAL 9010<\/span><\/div>\n<div style=\"text-align: left;\">\t\t\t\t\t\t<span style=\"font-size:14px;\">- Composici\u00f3n: aluminio acabado en blanco&nbsp;<\/span><span style=\"font-size: 14px;\">con marco y con una superficie libre de 85%<\/span><\/div>\n<div style=\"text-align: left;\">\t\t\t\t\t\t<span style=\"font-size:14px;\">- Con material filtrante<\/span><\/div>\n<div style=\"text-align: left;\">\t\t\t\t\t\t<span style=\"font-size:14px;\">- F\u00e1cil de sustituir y limpiar<\/span><\/div>\n<div style=\"text-align: left;\">\t\t\t\t\t\t<span style=\"font-size:14px;\">- Cualquier tama\u00f1o que desee<\/span><\/div>\n<\/td>\n<\/tr>\n<\/tbody>\n<\/table>\n<p>\t<img decoding=\"async\" alt=\"\" src=\"\/wp-content\/uploads\/2024\/05\/2-2004131I04V48.jpg\"\/><\/p>\n<\/div>","protected":false},"excerpt":{"rendered":"<p>Rejillas de transferencia de aluminio blanco Eg-E<\/p>","protected":false},"featured_media":10452,"comment_status":"closed","ping_status":"closed","template":"","meta":[],"etheme_brands":[],"product_brand":[],"product_cat":[51],"product_tag":[],"class_list":{"0":"post-10450","1":"product","2":"type-product","3":"status-publish","4":"has-post-thumbnail","6":"product_cat-diffuser","8":"first","9":"instock","10":"shipping-taxable","11":"product-type-simple"},"_links":{"self":[{"href":"https:\/\/chinafore.com\/es\/wp-json\/wp\/v2\/product\/10450","targetHints":{"allow":["GET"]}}],"collection":[{"href":"https:\/\/chinafore.com\/es\/wp-json\/wp\/v2\/product"}],"about":[{"href":"https:\/\/chinafore.com\/es\/wp-json\/wp\/v2\/types\/product"}],"replies":[{"embeddable":true,"href":"https:\/\/chinafore.com\/es\/wp-json\/wp\/v2\/comments?post=10450"}],"version-history":[{"count":1,"href":"https:\/\/chinafore.com\/es\/wp-json\/wp\/v2\/product\/10450\/revisions"}],"predecessor-version":[{"id":11806,"href":"https:\/\/chinafore.com\/es\/wp-json\/wp\/v2\/product\/10450\/revisions\/11806"}],"wp:featuredmedia":[{"embeddable":true,"href":"https:\/\/chinafore.com\/es\/wp-json\/wp\/v2\/media\/10452"}],"wp:attachment":[{"href":"https:\/\/chinafore.com\/es\/wp-json\/wp\/v2\/media?parent=10450"}],"wp:term":[{"taxonomy":"brand","embeddable":true,"href":"https:\/\/chinafore.com\/es\/wp-json\/wp\/v2\/etheme_brands?post=10450"},{"taxonomy":"product_brand","embeddable":true,"href":"https:\/\/chinafore.com\/es\/wp-json\/wp\/v2\/product_brand?post=10450"},{"taxonomy":"product_cat","embeddable":true,"href":"https:\/\/chinafore.com\/es\/wp-json\/wp\/v2\/product_cat?post=10450"},{"taxonomy":"product_tag","embeddable":true,"href":"https:\/\/chinafore.com\/es\/wp-json\/wp\/v2\/product_tag?post=10450"}],"curies":[{"name":"wp","href":"https:\/\/api.w.org\/{rel}","templated":true}]}}