{"id":10438,"date":"2024-05-30T12:26:00","date_gmt":"2024-05-30T12:26:00","guid":{"rendered":"https:\/\/green-giraffe-671934.hostingersite.com\/?post_type=product&#038;p=10438"},"modified":"2024-12-05T08:47:12","modified_gmt":"2024-12-05T08:47:12","slug":"aluminum-air-ceiling-4way-square-diffuser","status":"publish","type":"product","link":"https:\/\/chinafore.com\/es\/producto\/difusor-cuadrado-4-vias-aluminio-air-ceiling\/","title":{"rendered":"Difusor cuadrado de 4 v\u00edas para techo de aire de aluminio"},"content":{"rendered":"<div class=\"container-text\">\n<div style=\"text-align: center;\">\t<strong><span style=\"font-size:36px;\">CD - 4S3<\/span><\/strong><\/p>\n<p>\t<img decoding=\"async\" alt=\"\" src=\"\/wp-content\/uploads\/2024\/05\/2-20041610042a27.jpg\" \/><\/p>\n<table id=\"biaoge\" align=\"center\" border=\"1\" cellpadding=\"1\" cellspacing=\"1\">\n<tbody>\n<tr>\n<td>\t\t\t\t\t<strong><span style=\"font-size:14px;\">Tipo<\/span><\/strong><\/td>\n<td>\t\t\t\t\t<strong><span style=\"font-size:14px;\">A(mm)<\/span><\/strong><\/td>\n<td>\t\t\t\t\t<strong><span style=\"font-size:14px;\">B(mm)<\/span><\/strong><\/td>\n<td>\t\t\t\t\t<strong><span style=\"font-size:14px;\">C(mm)<\/span><\/strong><\/td>\n<td>\t\t\t\t\t<strong><span style=\"font-size:14px;\">D(mm)<\/span><\/strong><\/td>\n<td>\t\t\t\t\t<strong><span style=\"font-size:14px;\">E(mm)<\/span><\/strong><\/td>\n<\/tr>\n<tr>\n<td>\t\t\t\t\tCD-4S3150x150<\/td>\n<td>\t\t\t\t\t131<\/td>\n<td>\t\t\t\t\t144<\/td>\n<td>\t\t\t\t\t290<\/td>\n<td>\t\t\t\t\t45<\/td>\n<td>\t\t\t\t\t85<\/td>\n<\/tr>\n<tr>\n<td>\t\t\t\t\tCD-4S3225x225<\/td>\n<td>\t\t\t\t\t207<\/td>\n<td>\t\t\t\t\t220<\/td>\n<td>\t\t\t\t\t365<\/td>\n<td>\t\t\t\t\t45<\/td>\n<td>\t\t\t\t\t85<\/td>\n<\/tr>\n<tr>\n<td>\t\t\t\t\tCD-4S3300x300<\/td>\n<td>\n<div>\t\t\t\t\t\t278<\/div>\n<\/td>\n<td>\t\t\t\t\t294<\/td>\n<td>\t\t\t\t\t440<\/td>\n<td>\t\t\t\t\t45<\/td>\n<td>\t\t\t\t\t85<\/td>\n<\/tr>\n<tr>\n<td>\t\t\t\t\tCD-4S3375x375<\/td>\n<td>\t\t\t\t\t355<\/td>\n<td>\t\t\t\t\t369<\/td>\n<td>\t\t\t\t\t515<\/td>\n<td>\t\t\t\t\t45<\/td>\n<td>\t\t\t\t\t85<\/td>\n<\/tr>\n<tr>\n<td>\t\t\t\t\tCD-4S3450x450<\/td>\n<td>\t\t\t\t\t430<\/td>\n<td>\t\t\t\t\t444<\/td>\n<td>\t\t\t\t\t595\/600<\/td>\n<td>\t\t\t\t\t45<\/td>\n<td>\t\t\t\t\t85<\/td>\n<\/tr>\n<\/tbody>\n<\/table>\n<p>\t<\/p>\n<table id=\"biaoge\" align=\"center\" border=\"0\" cellpadding=\"1\" cellspacing=\"1\">\n<tbody>\n<tr>\n<td>\n<div style=\"text-align: left;\">\t\t\t\t\t\t<span style=\"font-size:14px;\">- Difusor de techo de 4 v\u00edas con compuerta y&nbsp;<\/span><span style=\"font-size: 14px;\">n\u00facleo extra\u00edble<\/span><\/div>\n<div style=\"text-align: left;\">\t\t\t\t\t\t<span style=\"font-size:14px;\">- Aplicaci\u00f3n: Para impulsi\u00f3n y extracci\u00f3n de aire en&nbsp;<\/span><span style=\"font-size: 14px;\">ventilaci\u00f3n y aire acondicionado.<\/span><\/div>\n<div style=\"text-align: left;\">\t\t\t\t\t\t<span style=\"font-size:14px;\">- Material: Aluminio<\/span><\/div>\n<div style=\"text-align: left;\">\t\t\t\t\t\t<span style=\"font-size:14px;\">- Color: RAL 9016, RAL 9010<\/span><\/div>\n<div style=\"text-align: left;\">\t\t\t\t\t\t<span style=\"font-size:14px;\">- Composici\u00f3n: Armaz\u00f3n de aluminio Fijo&nbsp;<\/span><span style=\"font-size: 14px;\">palas palas direccionales de 4 v\u00edas<\/span><\/div>\n<div style=\"text-align: left;\">\t\t\t\t\t\t<span style=\"font-size:14px;\">- Fijaci\u00f3n: Fijaci\u00f3n por el collar del difusor en -<\/span><span style=\"font-size: 14px;\">el plenum de conexi\u00f3n<\/span><\/div>\n<\/td>\n<\/tr>\n<\/tbody>\n<\/table>\n<p>\t<img decoding=\"async\" alt=\"\" src=\"\/wp-content\/uploads\/2024\/05\/2-200416101J2I2.jpg\"\/><br \/>\t&nbsp;<\/div>\n<p><\/div>","protected":false},"excerpt":{"rendered":"<p>Difusor cuadrado de 4 v\u00edas para techo de aire de aluminio<\/p>","protected":false},"featured_media":10440,"comment_status":"closed","ping_status":"closed","template":"","meta":[],"etheme_brands":[],"product_brand":[],"product_cat":[51],"product_tag":[],"class_list":{"0":"post-10438","1":"product","2":"type-product","3":"status-publish","4":"has-post-thumbnail","6":"product_cat-diffuser","8":"first","9":"instock","10":"shipping-taxable","11":"product-type-simple"},"_links":{"self":[{"href":"https:\/\/chinafore.com\/es\/wp-json\/wp\/v2\/product\/10438","targetHints":{"allow":["GET"]}}],"collection":[{"href":"https:\/\/chinafore.com\/es\/wp-json\/wp\/v2\/product"}],"about":[{"href":"https:\/\/chinafore.com\/es\/wp-json\/wp\/v2\/types\/product"}],"replies":[{"embeddable":true,"href":"https:\/\/chinafore.com\/es\/wp-json\/wp\/v2\/comments?post=10438"}],"version-history":[{"count":1,"href":"https:\/\/chinafore.com\/es\/wp-json\/wp\/v2\/product\/10438\/revisions"}],"predecessor-version":[{"id":11794,"href":"https:\/\/chinafore.com\/es\/wp-json\/wp\/v2\/product\/10438\/revisions\/11794"}],"wp:featuredmedia":[{"embeddable":true,"href":"https:\/\/chinafore.com\/es\/wp-json\/wp\/v2\/media\/10440"}],"wp:attachment":[{"href":"https:\/\/chinafore.com\/es\/wp-json\/wp\/v2\/media?parent=10438"}],"wp:term":[{"taxonomy":"brand","embeddable":true,"href":"https:\/\/chinafore.com\/es\/wp-json\/wp\/v2\/etheme_brands?post=10438"},{"taxonomy":"product_brand","embeddable":true,"href":"https:\/\/chinafore.com\/es\/wp-json\/wp\/v2\/product_brand?post=10438"},{"taxonomy":"product_cat","embeddable":true,"href":"https:\/\/chinafore.com\/es\/wp-json\/wp\/v2\/product_cat?post=10438"},{"taxonomy":"product_tag","embeddable":true,"href":"https:\/\/chinafore.com\/es\/wp-json\/wp\/v2\/product_tag?post=10438"}],"curies":[{"name":"wp","href":"https:\/\/api.w.org\/{rel}","templated":true}]}}