{"id":10322,"date":"2024-05-30T12:26:00","date_gmt":"2024-05-30T12:26:00","guid":{"rendered":"https:\/\/green-giraffe-671934.hostingersite.com\/?post_type=product&#038;p=10322"},"modified":"2024-12-05T08:46:56","modified_gmt":"2024-12-05T08:46:56","slug":"stainless-steel-air-louver-with-natural-finish","status":"publish","type":"product","link":"https:\/\/chinafore.com\/es\/producto\/rejilla-de-ventilacion-de-acero-inoxidable-con-acabado-natural\/","title":{"rendered":"Rejilla de ventilaci\u00f3n de acero inoxidable con acabado natural"},"content":{"rendered":"<div class=\"container-text\">\n<div style=\"text-align: center;\">\t<strong><span style=\"font-size:36px;\">SS-ELA<\/span><\/strong><\/p>\n<p>\t<img decoding=\"async\" alt=\"\" src=\"\/wp-content\/uploads\/2024\/05\/2-20041G41S1U2.jpg\" \/><\/p>\n<table id=\"biaoge\" align=\"center\" border=\"1\" cellpadding=\"1\" cellspacing=\"1\">\n<tbody>\n<tr>\n<td>\t\t\t\t\t<strong><span style=\"font-size:14px;\">Tipo<\/span><\/strong><\/td>\n<td>\t\t\t\t\t<strong><span style=\"font-size:14px;\">\u0424A(mm)<\/span><\/strong><\/td>\n<td>\t\t\t\t\t<strong><span style=\"font-size:14px;\">\u0424B(mm)<\/span><\/strong><\/td>\n<td>\t\t\t\t\t<strong><span style=\"font-size:14px;\">L(mm)<\/span><\/strong><\/td>\n<\/tr>\n<tr>\n<td>\t\t\t\t\tSS-ELA80<\/td>\n<td>\t\t\t\t\t78<\/td>\n<td>\t\t\t\t\t106<\/td>\n<td>\t\t\t\t\t47<\/td>\n<\/tr>\n<tr>\n<td>\t\t\t\t\tSS-ELA100<\/td>\n<td>\t\t\t\t\t98<\/td>\n<td>\t\t\t\t\t126<\/td>\n<td>\t\t\t\t\t47<\/td>\n<\/tr>\n<tr>\n<td>\t\t\t\t\tSS-ELA125<\/td>\n<td>\t\t\t\t\t123<\/td>\n<td>\t\t\t\t\t151<\/td>\n<td>\t\t\t\t\t47<\/td>\n<\/tr>\n<tr>\n<td>\t\t\t\t\tSS-ELA150<\/td>\n<td>\t\t\t\t\t148<\/td>\n<td>\t\t\t\t\t176<\/td>\n<td>\t\t\t\t\t47<\/td>\n<\/tr>\n<tr>\n<td>\t\t\t\t\tSS-ELA160<\/td>\n<td>\t\t\t\t\t157<\/td>\n<td>\t\t\t\t\t187<\/td>\n<td>\t\t\t\t\t47<\/td>\n<\/tr>\n<tr>\n<td>\t\t\t\t\tSS-ELA200<\/td>\n<td>\t\t\t\t\t197<\/td>\n<td>\t\t\t\t\t226<\/td>\n<td>\t\t\t\t\t47<\/td>\n<\/tr>\n<tr>\n<td>\t\t\t\t\tSS-ELA250<\/td>\n<td>\t\t\t\t\t248<\/td>\n<td>\t\t\t\t\t276<\/td>\n<td>\t\t\t\t\t57<\/td>\n<\/tr>\n<tr>\n<td>\t\t\t\t\tSS-ELA315<\/td>\n<td>\t\t\t\t\t313<\/td>\n<td>\t\t\t\t\t343<\/td>\n<td>\t\t\t\t\t57<\/td>\n<\/tr>\n<\/tbody>\n<\/table>\n<div style=\"text-align: left;\">\t\t&nbsp;<\/div>\n<table id=\"biaoge\" align=\"center\" border=\"0\" cellpadding=\"1\" cellspacing=\"1\">\n<tbody>\n<tr>\n<td>\n<div style=\"text-align: left;\">\t\t\t\t\t\t<span style=\"font-size:14px;\">- Rejillas circulares&nbsp;&nbsp;<\/span><\/div>\n<div style=\"text-align: left;\">\t\t\t\t\t\t<span style=\"font-size:14px;\">- Aplicaci\u00f3n: Para impulsi\u00f3n y extracci\u00f3n de aire en&nbsp;<\/span><span style=\"font-size: 14px;\">sistemas de ventilaci\u00f3n<\/span><\/div>\n<div style=\"text-align: left;\">\t\t\t\t\t\t<span style=\"font-size:14px;\">- Material:Acero<\/span><\/div>\n<div style=\"text-align: left;\">\t\t\t\t\t\t<span style=\"font-size:14px;\">- Color : Acabado natural<\/span><\/div>\n<div style=\"text-align: left;\">\t\t\t\t\t\t<span style=\"font-size:14px;\">- Composici\u00f3n: Cuerpo prensado de aluminio<\/span><span style=\"font-size: 14px;\">&nbsp;conector de conducto de fich con clips.&nbsp; &nbsp; &nbsp;<br \/>\t\t\t\t\t\t&nbsp; Insectsreen instalado&nbsp;<\/span><span style=\"font-size: 14px;\">detr\u00e1s de la cara de la persiana<\/span><\/div>\n<div style=\"text-align: left;\">\t\t\t\t\t\t<span style=\"font-size:14px;\">- Montaje: Para montaje en conducto o redondo&nbsp;<\/span><span style=\"font-size: 14px;\">aperturas&nbsp;<\/span><span style=\"font-size: 14px;\">en pared exterior<\/span><\/div>\n<\/td>\n<\/tr>\n<\/tbody>\n<\/table>\n<p>\t<img decoding=\"async\" alt=\"\" src=\"\/wp-content\/uploads\/2024\/05\/2-20041G4251D15.jpg\"\/><\/div>\n<p><\/div>","protected":false},"excerpt":{"rendered":"<p>Rejilla de ventilaci\u00f3n de acero inoxidable con acabado natural<\/p>","protected":false},"featured_media":10324,"comment_status":"closed","ping_status":"closed","template":"","meta":[],"etheme_brands":[],"product_brand":[],"product_cat":[51],"product_tag":[],"class_list":{"0":"post-10322","1":"product","2":"type-product","3":"status-publish","4":"has-post-thumbnail","6":"product_cat-diffuser","8":"first","9":"instock","10":"shipping-taxable","11":"product-type-simple"},"_links":{"self":[{"href":"https:\/\/chinafore.com\/es\/wp-json\/wp\/v2\/product\/10322","targetHints":{"allow":["GET"]}}],"collection":[{"href":"https:\/\/chinafore.com\/es\/wp-json\/wp\/v2\/product"}],"about":[{"href":"https:\/\/chinafore.com\/es\/wp-json\/wp\/v2\/types\/product"}],"replies":[{"embeddable":true,"href":"https:\/\/chinafore.com\/es\/wp-json\/wp\/v2\/comments?post=10322"}],"version-history":[{"count":1,"href":"https:\/\/chinafore.com\/es\/wp-json\/wp\/v2\/product\/10322\/revisions"}],"predecessor-version":[{"id":11677,"href":"https:\/\/chinafore.com\/es\/wp-json\/wp\/v2\/product\/10322\/revisions\/11677"}],"wp:featuredmedia":[{"embeddable":true,"href":"https:\/\/chinafore.com\/es\/wp-json\/wp\/v2\/media\/10324"}],"wp:attachment":[{"href":"https:\/\/chinafore.com\/es\/wp-json\/wp\/v2\/media?parent=10322"}],"wp:term":[{"taxonomy":"brand","embeddable":true,"href":"https:\/\/chinafore.com\/es\/wp-json\/wp\/v2\/etheme_brands?post=10322"},{"taxonomy":"product_brand","embeddable":true,"href":"https:\/\/chinafore.com\/es\/wp-json\/wp\/v2\/product_brand?post=10322"},{"taxonomy":"product_cat","embeddable":true,"href":"https:\/\/chinafore.com\/es\/wp-json\/wp\/v2\/product_cat?post=10322"},{"taxonomy":"product_tag","embeddable":true,"href":"https:\/\/chinafore.com\/es\/wp-json\/wp\/v2\/product_tag?post=10322"}],"curies":[{"name":"wp","href":"https:\/\/api.w.org\/{rel}","templated":true}]}}