{"id":10310,"date":"2024-05-30T12:26:00","date_gmt":"2024-05-30T12:26:00","guid":{"rendered":"https:\/\/green-giraffe-671934.hostingersite.com\/?post_type=product&#038;p=10310"},"modified":"2024-12-05T08:46:54","modified_gmt":"2024-12-05T08:46:54","slug":"stainless-steel-fresh-air-vent-diffuser","status":"publish","type":"product","link":"https:\/\/chinafore.com\/es\/producto\/difusor-de-aire-fresco-de-acero-inoxidable\/","title":{"rendered":"Difusor de aire fresco de acero inoxidable"},"content":{"rendered":"<div class=\"container-text\">\n<div style=\"text-align: center;\">\t<strong><span style=\"font-size:36px;\">SS-SV<\/span><\/strong><\/p>\n<p>\t<img decoding=\"async\" alt=\"\" src=\"\/wp-content\/uploads\/2024\/05\/2-20041G3503NI.jpg\" \/><\/p>\n<table id=\"biaoge\" align=\"center\" border=\"1\" cellpadding=\"1\" cellspacing=\"1\">\n<tbody>\n<tr>\n<td>\t\t\t\t\t<strong><span style=\"font-size:14px;\">Tipo<\/span><\/strong><\/td>\n<td>\t\t\t\t\t<strong><span style=\"font-size:14px;\">\u0424D1(mm)<\/span><\/strong><\/td>\n<td>\t\t\t\t\t<strong><span style=\"font-size:14px;\">\u0424D(mm)<\/span><\/strong><\/td>\n<td>\t\t\t\t\t<strong><span style=\"font-size:14px;\">L(mm)<\/span><\/strong><\/td>\n<td>\t\t\t\t\t<strong><span style=\"font-size:14px;\">L1(mm)<\/span><\/strong><\/td>\n<\/tr>\n<tr>\n<td>\t\t\t\t\tSS-SV100<\/td>\n<td>\t\t\t\t\t150<\/td>\n<td>\t\t\t\t\t96<\/td>\n<td>\t\t\t\t\t51<\/td>\n<td>\t\t\t\t\t120<\/td>\n<\/tr>\n<tr>\n<td>\t\t\t\t\tSS-SV125<\/td>\n<td>\t\t\t\t\t187<\/td>\n<td>\t\t\t\t\t120<\/td>\n<td>\t\t\t\t\t54<\/td>\n<td>\t\t\t\t\t139<\/td>\n<\/tr>\n<tr>\n<td>\t\t\t\t\tSS-SV150<\/td>\n<td>\t\t\t\t\t208<\/td>\n<td>\t\t\t\t\t145<\/td>\n<td>\t\t\t\t\t62<\/td>\n<td>\t\t\t\t\t158<\/td>\n<\/tr>\n<tr>\n<td>\t\t\t\t\tSS-SV160<\/td>\n<td>\t\t\t\t\t208<\/td>\n<td>\t\t\t\t\t155<\/td>\n<td>\t\t\t\t\t63<\/td>\n<td>\t\t\t\t\t158<\/td>\n<\/tr>\n<tr>\n<td>\t\t\t\t\tSS-SV200<\/td>\n<td>\t\t\t\t\t268<\/td>\n<td>\t\t\t\t\t195<\/td>\n<td>\t\t\t\t\t73<\/td>\n<td>\t\t\t\t\t208<\/td>\n<\/tr>\n<\/tbody>\n<\/table>\n<p>\t<\/p>\n<table id=\"biaoge\" align=\"center\" border=\"0\" cellpadding=\"1\" cellspacing=\"1\">\n<tbody>\n<tr>\n<td>\n<div style=\"text-align: left;\">\t\t\t\t\t\t<span style=\"font-size:14px;\">- Rejillas de entrada y salida de aire<\/span><\/div>\n<div style=\"text-align: left;\">\t\t\t\t\t\t<span style=\"font-size:14px;\">- Aplicaci\u00f3n: Para impulsi\u00f3n y extracci\u00f3n de aire en&nbsp;<\/span><span style=\"font-size: 14px;\">sistemas de ventilaci\u00f3n<\/span><\/div>\n<div style=\"text-align: left;\">\t\t\t\t\t\t<span style=\"font-size:14px;\">- Material: Acero inoxidable<\/span><\/div>\n<div style=\"text-align: left;\">\t\t\t\t\t\t<span style=\"font-size:14px;\">- Color : Acabado cepillado<\/span><\/div>\n<div style=\"text-align: left;\">\t\t\t\t\t\t<span style=\"font-size:14px;\">- Composici\u00f3n: Carcasa y malla para p\u00e1jaros de&nbsp;<\/span><span style=\"font-size: 14px;\">de acero inoxidable. Con conexi\u00f3n a conducto<br \/>\t\t\t\t\t\t&nbsp; brida.<\/span><\/div>\n<div style=\"text-align: left;\">\t\t\t\t\t\t<span style=\"font-size:14px;\">&nbsp; Tornillos de montaje y boquilla de goteo incluidos<\/span><\/div>\n<div style=\"text-align: left;\">\t\t\t\t\t\t<span style=\"font-size:14px;\">- Montaje: Montaje en conductos redondos o&nbsp;<\/span><span style=\"font-size: 14px;\">aberturas en la pared<\/span><\/div>\n<\/td>\n<\/tr>\n<\/tbody>\n<\/table>\n<p>\t<img decoding=\"async\" alt=\"\" src=\"\/wp-content\/uploads\/2024\/05\/2-20041G3552K39.jpg\"\/><\/p>\n<\/div>","protected":false},"excerpt":{"rendered":"<p>Difusor de aire fresco de acero inoxidable<\/p>","protected":false},"featured_media":10312,"comment_status":"closed","ping_status":"closed","template":"","meta":[],"etheme_brands":[],"product_brand":[],"product_cat":[51],"product_tag":[],"class_list":{"0":"post-10310","1":"product","2":"type-product","3":"status-publish","4":"has-post-thumbnail","6":"product_cat-diffuser","8":"first","9":"instock","10":"shipping-taxable","11":"product-type-simple"},"_links":{"self":[{"href":"https:\/\/chinafore.com\/es\/wp-json\/wp\/v2\/product\/10310","targetHints":{"allow":["GET"]}}],"collection":[{"href":"https:\/\/chinafore.com\/es\/wp-json\/wp\/v2\/product"}],"about":[{"href":"https:\/\/chinafore.com\/es\/wp-json\/wp\/v2\/types\/product"}],"replies":[{"embeddable":true,"href":"https:\/\/chinafore.com\/es\/wp-json\/wp\/v2\/comments?post=10310"}],"version-history":[{"count":1,"href":"https:\/\/chinafore.com\/es\/wp-json\/wp\/v2\/product\/10310\/revisions"}],"predecessor-version":[{"id":11665,"href":"https:\/\/chinafore.com\/es\/wp-json\/wp\/v2\/product\/10310\/revisions\/11665"}],"wp:featuredmedia":[{"embeddable":true,"href":"https:\/\/chinafore.com\/es\/wp-json\/wp\/v2\/media\/10312"}],"wp:attachment":[{"href":"https:\/\/chinafore.com\/es\/wp-json\/wp\/v2\/media?parent=10310"}],"wp:term":[{"taxonomy":"brand","embeddable":true,"href":"https:\/\/chinafore.com\/es\/wp-json\/wp\/v2\/etheme_brands?post=10310"},{"taxonomy":"product_brand","embeddable":true,"href":"https:\/\/chinafore.com\/es\/wp-json\/wp\/v2\/product_brand?post=10310"},{"taxonomy":"product_cat","embeddable":true,"href":"https:\/\/chinafore.com\/es\/wp-json\/wp\/v2\/product_cat?post=10310"},{"taxonomy":"product_tag","embeddable":true,"href":"https:\/\/chinafore.com\/es\/wp-json\/wp\/v2\/product_tag?post=10310"}],"curies":[{"name":"wp","href":"https:\/\/api.w.org\/{rel}","templated":true}]}}