{"id":10306,"date":"2024-05-30T12:26:00","date_gmt":"2024-05-30T12:26:00","guid":{"rendered":"https:\/\/green-giraffe-671934.hostingersite.com\/?post_type=product&#038;p=10306"},"modified":"2024-12-05T08:46:54","modified_gmt":"2024-12-05T08:46:54","slug":"abs-round-air-valve-ceiling-diffuser","status":"publish","type":"product","link":"https:\/\/chinafore.com\/es\/producto\/difusor-de-techo-con-valvula-de-aire-redonda-de-abs\/","title":{"rendered":"Difusor de techo ABS redondo con v\u00e1lvula de aire"},"content":{"rendered":"<div class=\"container-text\">\n<div style=\"text-align: center;\">\t<span style=\"font-size:36px;\"><strong>CD-RD<\/strong><\/span><\/p>\n<p>\t<img decoding=\"async\" alt=\"\" src=\"\/wp-content\/uploads\/2024\/05\/1-1Z3251210300-L.jpg\" \/><\/p>\n<table id=\"biaoge\" align=\"center\" border=\"1\" cellpadding=\"1\" cellspacing=\"1\">\n<tbody>\n<tr>\n<td>\t\t\t\t\t<strong><span style=\"font-size:14px;\">Tipo<\/span><\/strong><\/td>\n<td>\t\t\t\t\t<strong><span style=\"font-size:14px;\">\u2205A(mm)<\/span><\/strong><\/td>\n<td>\t\t\t\t\t<strong><span style=\"font-size:14px;\">\u2205B(mm)<\/span><\/strong><\/td>\n<td>\t\t\t\t\t<strong><span style=\"font-size:14px;\">H(mm)<\/span><\/strong><\/td>\n<\/tr>\n<tr>\n<td>\t\t\t\t\tCD-RD150<\/td>\n<td>\t\t\t\t\t145<\/td>\n<td>\t\t\t\t\t260<\/td>\n<td>\t\t\t\t\t120<\/td>\n<\/tr>\n<tr>\n<td>\t\t\t\t\tCD-RD200<\/td>\n<td>\t\t\t\t\t200<\/td>\n<td>\t\t\t\t\t320<\/td>\n<td>\t\t\t\t\t120<\/td>\n<\/tr>\n<tr>\n<td>\t\t\t\t\tCD-RD250<\/td>\n<td>\t\t\t\t\t250<\/td>\n<td>\t\t\t\t\t390<\/td>\n<td>\t\t\t\t\t120<\/td>\n<\/tr>\n<tr>\n<td>\t\t\t\t\tCD-RD300<\/td>\n<td>\t\t\t\t\t295<\/td>\n<td>\t\t\t\t\t440<\/td>\n<td>\t\t\t\t\t120<\/td>\n<\/tr>\n<\/tbody>\n<\/table>\n<p>\t<\/p>\n<table id=\"biaoge\" align=\"center\" border=\"0\" cellpadding=\"1\" cellspacing=\"1\">\n<tbody>\n<tr>\n<td>\n<div style=\"text-align: left;\">\t\t\t\t\t\tEl difusor de techo redondo CD-RD est\u00e1 fabricado en ABS de alto impacto para ofrecer resistencia y rigidez a largo plazo. Disponible en 4 tama\u00f1os, permite un flujo de aire suave y silencioso que fluye en un patr\u00f3n conc\u00e9ntrico a trav\u00e9s del techo, para proporcionar una buena cobertura tanto en refrigeraci\u00f3n como en la mayor\u00eda de las aplicaciones de calefacci\u00f3n.<br \/>\t\t\t\t\t\t&nbsp;<\/div>\n<div style=\"text-align: left;\">\t\t\t\t\t\t<strong><span style=\"font-size:14px;\">Caracter\u00edsticas:<\/span><\/strong><\/div>\n<div style=\"text-align: left;\">\t\t\t\t\t\t- Montaje empotrado<\/div>\n<div style=\"text-align: left;\">\t\t\t\t\t\t- Superficie blanca no reflectante de f\u00e1cil limpieza Caudal totalmente ajustable desde el cierre completo hasta la apertura total<\/div>\n<div style=\"text-align: left;\">\t\t\t\t\t\t- Fabricado en ABS para ofrecer resistencia y estabilidad a largo plazo<\/div>\n<\/td>\n<\/tr>\n<\/tbody>\n<\/table>\n<p>\t<img decoding=\"async\" alt=\"\" src=\"\/wp-content\/uploads\/2024\/05\/1-200304154210J0.jpg\" style=\"width: 570px; height: 235px;\" \/><\/div>\n<p><\/div>","protected":false},"excerpt":{"rendered":"<p>Difusor de techo ABS redondo con v\u00e1lvula de aire<\/p>","protected":false},"featured_media":10308,"comment_status":"closed","ping_status":"closed","template":"","meta":[],"etheme_brands":[],"product_brand":[],"product_cat":[51],"product_tag":[],"class_list":{"0":"post-10306","1":"product","2":"type-product","3":"status-publish","4":"has-post-thumbnail","6":"product_cat-diffuser","8":"first","9":"instock","10":"shipping-taxable","11":"product-type-simple"},"_links":{"self":[{"href":"https:\/\/chinafore.com\/es\/wp-json\/wp\/v2\/product\/10306","targetHints":{"allow":["GET"]}}],"collection":[{"href":"https:\/\/chinafore.com\/es\/wp-json\/wp\/v2\/product"}],"about":[{"href":"https:\/\/chinafore.com\/es\/wp-json\/wp\/v2\/types\/product"}],"replies":[{"embeddable":true,"href":"https:\/\/chinafore.com\/es\/wp-json\/wp\/v2\/comments?post=10306"}],"version-history":[{"count":1,"href":"https:\/\/chinafore.com\/es\/wp-json\/wp\/v2\/product\/10306\/revisions"}],"predecessor-version":[{"id":11661,"href":"https:\/\/chinafore.com\/es\/wp-json\/wp\/v2\/product\/10306\/revisions\/11661"}],"wp:featuredmedia":[{"embeddable":true,"href":"https:\/\/chinafore.com\/es\/wp-json\/wp\/v2\/media\/10308"}],"wp:attachment":[{"href":"https:\/\/chinafore.com\/es\/wp-json\/wp\/v2\/media?parent=10306"}],"wp:term":[{"taxonomy":"brand","embeddable":true,"href":"https:\/\/chinafore.com\/es\/wp-json\/wp\/v2\/etheme_brands?post=10306"},{"taxonomy":"product_brand","embeddable":true,"href":"https:\/\/chinafore.com\/es\/wp-json\/wp\/v2\/product_brand?post=10306"},{"taxonomy":"product_cat","embeddable":true,"href":"https:\/\/chinafore.com\/es\/wp-json\/wp\/v2\/product_cat?post=10306"},{"taxonomy":"product_tag","embeddable":true,"href":"https:\/\/chinafore.com\/es\/wp-json\/wp\/v2\/product_tag?post=10306"}],"curies":[{"name":"wp","href":"https:\/\/api.w.org\/{rel}","templated":true}]}}