{"id":10298,"date":"2024-05-30T12:26:00","date_gmt":"2024-05-30T12:26:00","guid":{"rendered":"https:\/\/green-giraffe-671934.hostingersite.com\/?post_type=product&#038;p=10298"},"modified":"2024-12-05T08:46:52","modified_gmt":"2024-12-05T08:46:52","slug":"air-volume-control-duct-damper-iris","status":"publish","type":"product","link":"https:\/\/chinafore.com\/es\/producto\/regulacion-del-caudal-de-aire-compuerta-del-conducto-iris\/","title":{"rendered":"Compuerta de regulaci\u00f3n de caudal de aire IRIS"},"content":{"rendered":"<div class=\"container-text\">\n<div style=\"text-align: center;\">\t<strong><span style=\"font-size:36px;\">Regulador de volumen<\/span><br \/>\t<span style=\"font-size:28px;\">IRIS<\/span><\/strong><\/p>\n<p>\t<img decoding=\"async\" alt=\"\" src=\"\/wp-content\/uploads\/2024\/05\/1-1Z3251225350-L.jpg\" \/><\/p>\n<table id=\"biaoge\" align=\"center\" border=\"1\" cellpadding=\"1\" cellspacing=\"1\">\n<tbody>\n<tr>\n<td>\t\t\t\t\tTipo<\/td>\n<td>\t\t\t\t\td(mm)<\/td>\n<td>\t\t\t\t\tD(mm)<\/td>\n<td>\t\t\t\t\tL(mm)<\/td>\n<td>\t\t\t\t\tA(mm)<\/td>\n<td>\t\t\t\t\tMaterial THK(mm)<\/td>\n<\/tr>\n<tr>\n<td>\t\t\t\t\t80<\/td>\n<td>\t\t\t\t\t79<\/td>\n<td>\t\t\t\t\t125<\/td>\n<td>\t\t\t\t\t115<\/td>\n<td>\t\t\t\t\t33<\/td>\n<td>\t\t\t\t\t0.6<\/td>\n<\/tr>\n<tr>\n<td>\t\t\t\t\t100<\/td>\n<td>\t\t\t\t\t99<\/td>\n<td>\t\t\t\t\t165<\/td>\n<td>\t\t\t\t\t115<\/td>\n<td>\t\t\t\t\t27<\/td>\n<td>\t\t\t\t\t0.6<\/td>\n<\/tr>\n<tr>\n<td>\t\t\t\t\t125<\/td>\n<td>\t\t\t\t\t124<\/td>\n<td>\t\t\t\t\t188<\/td>\n<td>\t\t\t\t\t115<\/td>\n<td>\t\t\t\t\t27<\/td>\n<td>\t\t\t\t\t0.6<\/td>\n<\/tr>\n<tr>\n<td>\t\t\t\t\t150<\/td>\n<td>\t\t\t\t\t149<\/td>\n<td>\t\t\t\t\t230<\/td>\n<td>\t\t\t\t\t115<\/td>\n<td>\t\t\t\t\t27<\/td>\n<td>\t\t\t\t\t0.6<\/td>\n<\/tr>\n<tr>\n<td>\t\t\t\t\t160<\/td>\n<td>\t\t\t\t\t159<\/td>\n<td>\t\t\t\t\t230<\/td>\n<td>\t\t\t\t\t115<\/td>\n<td>\t\t\t\t\t27<\/td>\n<td>\t\t\t\t\t0.6<\/td>\n<\/tr>\n<tr>\n<td>\t\t\t\t\t200<\/td>\n<td>\t\t\t\t\t199<\/td>\n<td>\t\t\t\t\t285<\/td>\n<td>\t\t\t\t\t120<\/td>\n<td>\t\t\t\t\t27<\/td>\n<td>\t\t\t\t\t0.6<\/td>\n<\/tr>\n<tr>\n<td>\t\t\t\t\t250<\/td>\n<td>\t\t\t\t\t249<\/td>\n<td>\t\t\t\t\t335<\/td>\n<td>\t\t\t\t\t135<\/td>\n<td>\t\t\t\t\t33<\/td>\n<td>\t\t\t\t\t0.6<\/td>\n<\/tr>\n<tr>\n<td>\t\t\t\t\t315<\/td>\n<td>\t\t\t\t\t314<\/td>\n<td>\t\t\t\t\t405<\/td>\n<td>\t\t\t\t\t140<\/td>\n<td>\t\t\t\t\t33<\/td>\n<td>\t\t\t\t\t0.6<\/td>\n<\/tr>\n<tr>\n<td>\t\t\t\t\t400<\/td>\n<td>\t\t\t\t\t398<\/td>\n<td>\t\t\t\t\t525<\/td>\n<td>\t\t\t\t\t150<\/td>\n<td>\t\t\t\t\t46<\/td>\n<td>\t\t\t\t\t1.0<\/td>\n<\/tr>\n<tr>\n<td>\t\t\t\t\t500<\/td>\n<td>\t\t\t\t\t948<\/td>\n<td>\t\t\t\t\t655<\/td>\n<td>\t\t\t\t\t150<\/td>\n<td>\t\t\t\t\t46<\/td>\n<td>\t\t\t\t\t1.0<\/td>\n<\/tr>\n<tr>\n<td>\t\t\t\t\t630<\/td>\n<td>\t\t\t\t\t628<\/td>\n<td>\t\t\t\t\t815<\/td>\n<td>\t\t\t\t\t155<\/td>\n<td>\t\t\t\t\t46<\/td>\n<td>\t\t\t\t\t1.0<\/td>\n<\/tr>\n<tr>\n<td>\t\t\t\t\t800<\/td>\n<td>\t\t\t\t\t798<\/td>\n<td>\t\t\t\t\t1015<\/td>\n<td>\t\t\t\t\t285<\/td>\n<td>\t\t\t\t\t110<\/td>\n<td>\t\t\t\t\t1.0<\/td>\n<\/tr>\n<\/tbody>\n<\/table>\n<p>\t<\/p>\n<table id=\"biaoge\" align=\"center\" border=\"0\" cellpadding=\"1\" cellspacing=\"1\">\n<caption style=\"text-align: left;\">\t\t\t<strong><span style=\"font-size:18px;\">Funcionamiento e instalaci\u00f3n<\/span><\/strong><\/caption>\n<tbody>\n<tr>\n<td>\n<div style=\"text-align: left;\">\t\t\t\t\t\tRegulaci\u00f3n y medici\u00f3n del caudal de aire<\/div>\n<div style=\"text-align: left;\">\t\t\t\t\t\tLas placas de regulaci\u00f3n forman un orificio de medici\u00f3n pr\u00e1cticamente ideal que permite una medici\u00f3n f\u00e1cil y fiable del caudal de aire.<\/div>\n<div style=\"text-align: left;\">\t\t\t\t\t\tPara determinar el caudal de aire, mida la diferencia de presi\u00f3n \u0394pm en las conexiones del man\u00f3metro y compruebe el caudal de aire correspondiente en la tabla de regulaci\u00f3n.<\/div>\n<div style=\"text-align: left;\">\t\t\t\t\t\tEl diagrama se muestra en la carcasa de la compuerta y en la informaci\u00f3n separada para la regulaci\u00f3n y medici\u00f3n del caudal de aire (los diagramas de selecci\u00f3n no sirven para la medici\u00f3n del caudal de aire).<\/div>\n<div style=\"text-align: left;\">\t\t\t\t\t\tEl caudal de aire se regula mediante la tuerca reguladora o la empu\u00f1adura.<\/div>\n<div style=\"text-align: left;\">\t\t\t\t\t\tLa compuerta IRIS se fija al conducto mediante remaches. Para el montaje vertical, aseg\u00farese de que el peso de los conductos de interconexi\u00f3n est\u00e9 totalmente soportado.<\/div>\n<div style=\"text-align: left;\">\t\t\t\t\t\tConsulte en el formulario las distancias de seguridad recomendadas.<\/div>\n<\/td>\n<\/tr>\n<\/tbody>\n<\/table>\n<div>\t\t<img decoding=\"async\" alt=\"\" src=\"\/wp-content\/uploads\/2024\/05\/1-200304130125591.jpg\" style=\"width: 570px; height: 337px;\" \/><\/div>\n<\/div>\n<p><\/div>","protected":false},"excerpt":{"rendered":"<p>Compuerta de regulaci\u00f3n de caudal de aire IRIS<\/p>","protected":false},"featured_media":10300,"comment_status":"closed","ping_status":"closed","template":"","meta":[],"etheme_brands":[],"product_brand":[],"product_cat":[53],"product_tag":[],"class_list":{"0":"post-10298","1":"product","2":"type-product","3":"status-publish","4":"has-post-thumbnail","6":"product_cat-duct-fitting","8":"first","9":"instock","10":"shipping-taxable","11":"product-type-simple"},"_links":{"self":[{"href":"https:\/\/chinafore.com\/es\/wp-json\/wp\/v2\/product\/10298","targetHints":{"allow":["GET"]}}],"collection":[{"href":"https:\/\/chinafore.com\/es\/wp-json\/wp\/v2\/product"}],"about":[{"href":"https:\/\/chinafore.com\/es\/wp-json\/wp\/v2\/types\/product"}],"replies":[{"embeddable":true,"href":"https:\/\/chinafore.com\/es\/wp-json\/wp\/v2\/comments?post=10298"}],"version-history":[{"count":1,"href":"https:\/\/chinafore.com\/es\/wp-json\/wp\/v2\/product\/10298\/revisions"}],"predecessor-version":[{"id":11653,"href":"https:\/\/chinafore.com\/es\/wp-json\/wp\/v2\/product\/10298\/revisions\/11653"}],"wp:featuredmedia":[{"embeddable":true,"href":"https:\/\/chinafore.com\/es\/wp-json\/wp\/v2\/media\/10300"}],"wp:attachment":[{"href":"https:\/\/chinafore.com\/es\/wp-json\/wp\/v2\/media?parent=10298"}],"wp:term":[{"taxonomy":"brand","embeddable":true,"href":"https:\/\/chinafore.com\/es\/wp-json\/wp\/v2\/etheme_brands?post=10298"},{"taxonomy":"product_brand","embeddable":true,"href":"https:\/\/chinafore.com\/es\/wp-json\/wp\/v2\/product_brand?post=10298"},{"taxonomy":"product_cat","embeddable":true,"href":"https:\/\/chinafore.com\/es\/wp-json\/wp\/v2\/product_cat?post=10298"},{"taxonomy":"product_tag","embeddable":true,"href":"https:\/\/chinafore.com\/es\/wp-json\/wp\/v2\/product_tag?post=10298"}],"curies":[{"name":"wp","href":"https:\/\/api.w.org\/{rel}","templated":true}]}}