{"id":10283,"date":"2024-05-30T12:26:00","date_gmt":"2024-05-30T12:26:00","guid":{"rendered":"https:\/\/green-giraffe-671934.hostingersite.com\/?post_type=product&#038;p=10283"},"modified":"2026-03-23T03:32:27","modified_gmt":"2026-03-23T08:32:27","slug":"condensate-drainage-pump-mute-box","status":"publish","type":"product","link":"https:\/\/chinafore.com\/es\/producto\/caja-muda-de-la-bomba-de-drenaje-de-condensados\/","title":{"rendered":"Caja muda de la bomba de drenaje de condensados"},"content":{"rendered":"<div class=\"container-text\">\n<div style=\"text-align: center;\">\n<p><span style=\"font-size: 36px;\"><strong>Caja Muda<\/strong><\/span><\/p>\n<p><img decoding=\"async\" src=\"\/wp-content\/uploads\/2024\/05\/2-20030215101QA.jpg\" alt=\"\" \/><\/p>\n<\/div>\n<p>&nbsp;<\/p>\n<table id=\"biaoge\" border=\"1\" cellspacing=\"1\" cellpadding=\"1\" align=\"center\">\n<tbody>\n<tr>\n<td colspan=\"2\"><strong><span style=\"font-size: 14px;\">Datos t\u00e9cnicos<\/span><\/strong><\/td>\n<\/tr>\n<tr>\n<td>Fuente de alimentaci\u00f3n: 100-240 V CA 50\/60 Hz<\/td>\n<td>Tubo de descarga: 6mmID<\/td>\n<\/tr>\n<tr>\n<td>Caudal m\u00e1ximo: 22 L\/h a 0 de altura<\/td>\n<td>Clase II aparato<\/td>\n<\/tr>\n<tr>\n<td>Nivel sonoro: &lt;19dB(A) @ 1m<\/td>\n<td>Clasificado: continuo<\/td>\n<\/tr>\n<tr>\n<td>Capacidad del dep\u00f3sito: 40 ml<\/td>\n<td>Protecci\u00f3n IP: IPX5<\/td>\n<\/tr>\n<tr>\n<td>Altura m\u00e1xima recomendada: 20 m<\/td>\n<td>Thermal protection: \u221a<\/td>\n<\/tr>\n<tr>\n<td>Rendimiento m\u00e1ximo de la unidad: 28kw\/95550Btu\/h<\/td>\n<td>Fully potted: \u221a<\/td>\n<\/tr>\n<tr>\n<td>Interruptor de seguridad: 3A Normalmente cerrado<\/td>\n<td>LxAnxAl: 185mmx36mmx34mm<\/td>\n<\/tr>\n<tr>\n<td>Temperatura m\u00e1xima del agua: 70\u2103<\/td>\n<td><\/td>\n<\/tr>\n<\/tbody>\n<\/table>\n<p>&nbsp;<\/p>\n<table id=\"biaoge\" border=\"0\" cellspacing=\"1\" cellpadding=\"1\" align=\"center\">\n<tbody>\n<tr>\n<td>\n<div><strong><span style=\"font-size: 14px;\">Bomba de vaciado de condensados silenciosa y compacta, perfecta para su instalaci\u00f3n\u00a0<\/span><\/strong><strong><span style=\"font-size: 14px;\">en aparatos de aire acondicionado con espacio interior limitado. El peque\u00f1o tama\u00f1o, la\u00a0<\/span><\/strong><strong><span style=\"font-size: 14px;\">Su f\u00e1cil instalaci\u00f3n y su bajo nivel sonoro lo hacen adecuado para instalaciones\u00a0<\/span><\/strong><strong><span style=\"font-size: 14px;\">en todos los lugares. La bomba est\u00e1 dise\u00f1ada para cable de alimentaci\u00f3n y alarma y\u00a0<\/span><\/strong><strong><span style=\"font-size: 14px;\">se suministra con tubo de ventilaci\u00f3n del dep\u00f3sito,<br \/>\ncinta adhesiva de doble cara para fijar la bomba-tanque,<\/span><\/strong><strong><span style=\"font-size: 14px;\">tuber\u00eda de conexi\u00f3n bomba-cisterna, dep\u00f3sito y tuber\u00eda de conexi\u00f3n bomba-dep\u00f3sito de 6\u00d79 mm.<\/span><\/strong><\/div>\n<div><strong><span style=\"font-size: 14px;\">Para el tubo de alimentaci\u00f3n, utilice la manguera est\u00e1ndar de 6\u00d79 mm (no suministrada de serie).<\/span><\/strong><\/div>\n<div><strong><span style=\"font-size: 14px;\">equipo).<\/span><\/strong><\/div>\n<\/td>\n<\/tr>\n<\/tbody>\n<\/table>\n<div style=\"text-align: center;\"><img decoding=\"async\" style=\"width: 570px; height: 300px;\" src=\"\/wp-content\/uploads\/2024\/05\/2-200302154123T3.jpg\" alt=\"\" \/><br \/>\n<img decoding=\"async\" style=\"width: 570px; height: 300px;\" src=\"\/wp-content\/uploads\/2024\/05\/2-20030215592O31.jpg\" alt=\"\" \/><br \/>\n<img decoding=\"async\" style=\"width: 570px; height: 300px;\" src=\"\/wp-content\/uploads\/2024\/05\/2-200302155943262.jpg\" alt=\"\" \/><\/div>\n<\/div>","protected":false},"excerpt":{"rendered":"<p>Caja muda de la bomba de drenaje de condensados<\/p>","protected":false},"featured_media":10285,"comment_status":"closed","ping_status":"closed","template":"","meta":[],"etheme_brands":[],"product_brand":[],"product_cat":[94],"product_tag":[],"class_list":{"0":"post-10283","1":"product","2":"type-product","3":"status-publish","4":"has-post-thumbnail","6":"product_cat-mute-series","8":"first","9":"instock","10":"shipping-taxable","11":"product-type-simple"},"_links":{"self":[{"href":"https:\/\/chinafore.com\/es\/wp-json\/wp\/v2\/product\/10283","targetHints":{"allow":["GET"]}}],"collection":[{"href":"https:\/\/chinafore.com\/es\/wp-json\/wp\/v2\/product"}],"about":[{"href":"https:\/\/chinafore.com\/es\/wp-json\/wp\/v2\/types\/product"}],"replies":[{"embeddable":true,"href":"https:\/\/chinafore.com\/es\/wp-json\/wp\/v2\/comments?post=10283"}],"version-history":[{"count":3,"href":"https:\/\/chinafore.com\/es\/wp-json\/wp\/v2\/product\/10283\/revisions"}],"predecessor-version":[{"id":13717,"href":"https:\/\/chinafore.com\/es\/wp-json\/wp\/v2\/product\/10283\/revisions\/13717"}],"wp:featuredmedia":[{"embeddable":true,"href":"https:\/\/chinafore.com\/es\/wp-json\/wp\/v2\/media\/10285"}],"wp:attachment":[{"href":"https:\/\/chinafore.com\/es\/wp-json\/wp\/v2\/media?parent=10283"}],"wp:term":[{"taxonomy":"brand","embeddable":true,"href":"https:\/\/chinafore.com\/es\/wp-json\/wp\/v2\/etheme_brands?post=10283"},{"taxonomy":"product_brand","embeddable":true,"href":"https:\/\/chinafore.com\/es\/wp-json\/wp\/v2\/product_brand?post=10283"},{"taxonomy":"product_cat","embeddable":true,"href":"https:\/\/chinafore.com\/es\/wp-json\/wp\/v2\/product_cat?post=10283"},{"taxonomy":"product_tag","embeddable":true,"href":"https:\/\/chinafore.com\/es\/wp-json\/wp\/v2\/product_tag?post=10283"}],"curies":[{"name":"wp","href":"https:\/\/api.w.org\/{rel}","templated":true}]}}