{"id":10271,"date":"2024-05-30T12:26:00","date_gmt":"2024-05-30T12:26:00","guid":{"rendered":"https:\/\/green-giraffe-671934.hostingersite.com\/?post_type=product&#038;p=10271"},"modified":"2024-12-05T08:46:49","modified_gmt":"2024-12-05T08:46:49","slug":"arl-ce-certification-approved-recovery-machine","status":"publish","type":"product","link":"https:\/\/chinafore.com\/es\/producto\/maquina-de-recuperacion-con-certificacion-arl-ce\/","title":{"rendered":"M\u00e1quina de recuperaci\u00f3n con certificaci\u00f3n Arl y Ce"},"content":{"rendered":"<div class=\"container-text\">\n<div style=\"text-align: center;\">\t<span style=\"font-size:36px;\"><strong>M\u00e1quina de recuperaci\u00f3n<\/strong><\/span><\/p>\n<p>\t<span style=\"font-size:28px;\"><strong>RM12A<\/strong><\/span><\/p>\n<p>\t<img decoding=\"async\" alt=\"\" src=\"\/wp-content\/uploads\/2024\/05\/2-2003031321553Y.jpg\" \/><\/p>\n<p>\t<strong><span style=\"font-size:16px;\">RM12C<\/span><\/strong><\/p>\n<p>\t<img decoding=\"async\" alt=\"\" src=\"\/wp-content\/uploads\/2024\/05\/2-200303132A2L0.jpg\" \/><\/p>\n<p>\t<img decoding=\"async\" alt=\"\" src=\"\/wp-content\/uploads\/2024\/05\/2-200303133353541.jpg\" style=\"width: 570px; height: 300px;\" \/><\/div>\n<table id=\"biaoge\" align=\"center\" border=\"1\" cellpadding=\"1\" cellspacing=\"1\">\n<tbody>\n<tr>\n<td colspan=\"5\">\t\t\t\t<strong><span style=\"font-size:14px;\">Datos t\u00e9cnicos<\/span><\/strong><\/td>\n<\/tr>\n<tr>\n<td style=\"text-align: center;\">\t\t\t\tRefrigerantes<\/td>\n<td colspan=\"4\" rowspan=\"1\">\n<div>\t\t\t\t\tCategor\u00eda \u2162\uff1a R12, R134a, R401c, R406A, R500<\/div>\n<div>\t\t\t\t\tCategor\u00eda \u2163\uff1a R22, R401A, R401B, R402B, R407C,R407D, R408A, R409A, R411A, R411B, R412A, R502, R509<\/div>\n<div>\t\t\t\t\tCategor\u00eda \u2164\uff1a R402A, R404A, R407A, R407B, R410A, R507<\/div>\n<\/td>\n<\/tr>\n<tr>\n<td style=\"text-align: center;\">\t\t\t\tFuente de alimentaci\u00f3n<\/td>\n<td style=\"text-align: center;\">\t\t\t\t220v\/50~60Hz<\/td>\n<td colspan=\"2\" rowspan=\"1\" style=\"text-align: center;\">\t\t\t\t220v\/50~60Hz<\/td>\n<td style=\"text-align: center;\">\t\t\t\t220v\/50~60Hz<\/td>\n<\/tr>\n<tr>\n<td style=\"text-align: center;\">\t\t\t\tMotor<\/td>\n<td colspan=\"4\" rowspan=\"1\" style=\"text-align: center;\">\t\t\t\t1\/2HP<\/td>\n<\/tr>\n<tr>\n<td style=\"text-align: center;\">\t\t\t\tVelocidad del motor<\/td>\n<td colspan=\"2\" rowspan=\"1\" style=\"text-align: center;\">\t\t\t\t1450rpm@50Hz<\/td>\n<td colspan=\"2\" rowspan=\"1\" style=\"text-align: center;\">\t\t\t\t1750rpm@60Hz<\/td>\n<\/tr>\n<tr>\n<td>\n<div style=\"text-align: center;\">\t\t\t\t\tM\u00e1ximo<\/div>\n<div style=\"text-align: center;\">\t\t\t\t\tActual<br \/>\t\t\t\t\tDibujar<\/div>\n<\/td>\n<td colspan=\"2\" rowspan=\"1\" style=\"text-align: center;\">\t\t\t\t4A@220v<\/td>\n<td colspan=\"2\" rowspan=\"1\" style=\"text-align: center;\">\t\t\t\t8A@100v\/110v<\/td>\n<\/tr>\n<tr>\n<td style=\"text-align: center;\">\t\t\t\tCompresor<\/td>\n<td colspan=\"4\" rowspan=\"1\" style=\"text-align: center;\">\t\t\t\tSin aceite, refrigerado por aire, tipo pist\u00f3n<\/td>\n<\/tr>\n<tr>\n<td>\n<div style=\"text-align: center;\">\t\t\t\t\tSeguridad autom\u00e1tica<\/div>\n<div style=\"text-align: center;\">\t\t\t\t\tCierre<\/div>\n<\/td>\n<td colspan=\"4\" rowspan=\"1\" style=\"text-align: center;\">\t\t\t\t38,5 bar\/3850kPa(558psi)<\/td>\n<\/tr>\n<tr>\n<td style=\"text-align: center;\">\t\t\t\tTasa de recuperaci\u00f3n<\/td>\n<td rowspan=\"1\">\n<div style=\"text-align: center;\">\t\t\t\t\tVapor<\/div>\n<div style=\"text-align: center;\">\t\t\t\t\tL\u00edquido<\/div>\n<div style=\"text-align: center;\">\t\t\t\t\tEmpujar\/tirar<\/div>\n<\/td>\n<td rowspan=\"1\">\n<div style=\"text-align: center;\">\t\t\t\t\tCategor\u00eda\u2162<\/div>\n<div style=\"text-align: center;\">\t\t\t\t\t0,23 kg\/min<\/div>\n<div style=\"text-align: center;\">\t\t\t\t\t1,57 kg\/min<\/div>\n<div style=\"text-align: center;\">\t\t\t\t\t4,64 kg\/min<\/div>\n<\/td>\n<td rowspan=\"1\">\n<div style=\"text-align: center;\">\t\t\t\t\tCategor\u00eda\u2163<\/div>\n<div style=\"text-align: center;\">\t\t\t\t\t0,25 kg\/min<\/div>\n<div style=\"text-align: center;\">\t\t\t\t\t1,81 kg\/min<\/div>\n<div style=\"text-align: center;\">\t\t\t\t\t5,57 kg\/min<\/div>\n<\/td>\n<td rowspan=\"1\">\n<div style=\"text-align: center;\">\t\t\t\t\tCategor\u00eda\u2164<\/div>\n<div style=\"text-align: center;\">\t\t\t\t\t0,26 kg\/min<\/div>\n<div style=\"text-align: center;\">\t\t\t\t\t1,85 kg\/min<\/div>\n<div style=\"text-align: center;\">\t\t\t\t\t6,22 kg\/min<\/div>\n<\/td>\n<\/tr>\n<tr>\n<td>\n<div style=\"text-align: center;\">\t\t\t\t\tFuncionamiento<\/div>\n<div style=\"text-align: center;\">\t\t\t\t\tTemperatura<\/div>\n<\/td>\n<td colspan=\"4\" rowspan=\"1\" style=\"text-align: center;\">\t\t\t\t0\u2103~40\u2103<\/td>\n<\/tr>\n<tr>\n<td>\n<div style=\"text-align: center;\">\t\t\t\t\tDimensiones<\/div>\n<div style=\"text-align: center;\">\t\t\t\t\t(VRR12A)<\/div>\n<\/td>\n<td colspan=\"4\" rowspan=\"1\" style=\"text-align: center;\">\t\t\t\t500 mm x 220 mm x 340 mm<\/td>\n<\/tr>\n<tr>\n<td>\n<div style=\"text-align: center;\">\t\t\t\t\tPeso<\/div>\n<div style=\"text-align: center;\">\t\t\t\t\t(VRR12A)<\/div>\n<\/td>\n<td colspan=\"4\" rowspan=\"1\" style=\"text-align: center;\">\t\t\t\t16 kg<\/td>\n<\/tr>\n<\/tbody>\n<\/table>\n<p><\/p>\n<table id=\"biaoge\" align=\"center\" border=\"0\" cellpadding=\"1\" cellspacing=\"1\">\n<tbody>\n<tr>\n<td>\n<div>\t\t\t\t\t<strong><span style=\"font-size:16px;\">Recuperaci\u00f3n econ\u00f3mica con compresor sin aceite de 1\/2CV.<\/span><\/strong><br \/>\t\t\t\t\t<strong><span style=\"font-size:16px;\">Apto para todos los refrigerantes de uso com\u00fan, incluido el R410A.<\/span><\/strong><br \/>\t\t\t\t\t<strong><span style=\"font-size:16px;\">Certificaci\u00f3n ARI&amp;CE aprobada.<\/span><\/strong><br \/>\t\t\t\t\t<strong><span style=\"font-size:16px;\">Protecci\u00f3n contra sobrellenado 80%.<\/span><\/strong><\/div>\n<div>\t\t\t\t\t<strong><span style=\"font-size:16px;\">La unidad se detendr\u00e1 autom\u00e1ticamente cuando el peso de recuperado&nbsp;<\/span><\/strong><strong><span style=\"font-size:16px;\">refrigerante alcanza la capacidad 80% del dep\u00f3sito.<\/span><\/strong><\/div>\n<div>\t\t\t\t\t<strong><span style=\"font-size:16px;\">Protecci\u00f3n contra baja presi\u00f3n<\/span><\/strong><\/div>\n<div>\t\t\t\t\t<strong><span style=\"font-size:16px;\">La unidad se detendr\u00e1 autom\u00e1ticamente una vez finalizada la recuperaci\u00f3n,<\/span><\/strong><strong><span style=\"font-size:16px;\">que<br \/>\t\t\t\t\treduce la necesidad de supervisar todo el proceso.<\/span><\/strong><\/div>\n<div>\t\t\t\t\t<strong><span style=\"font-size:16px;\">Dispositivo separador de aceite<\/span><\/strong><\/div>\n<div>\t\t\t\t\t<strong><span style=\"font-size:16px;\">Depuraci\u00f3n y reciclado de los refrigerantes.<\/span><\/strong><\/div>\n<\/td>\n<\/tr>\n<\/tbody>\n<\/table>\n<p><\/div>","protected":false},"excerpt":{"rendered":"<p>M\u00e1quina de recuperaci\u00f3n con certificaci\u00f3n Arl y Ce<\/p>","protected":false},"featured_media":10273,"comment_status":"closed","ping_status":"closed","template":"","meta":[],"etheme_brands":[],"product_brand":[],"product_cat":[69],"product_tag":[],"class_list":{"0":"post-10271","1":"product","2":"type-product","3":"status-publish","4":"has-post-thumbnail","6":"product_cat-recovery-machine","8":"first","9":"instock","10":"shipping-taxable","11":"product-type-simple"},"_links":{"self":[{"href":"https:\/\/chinafore.com\/es\/wp-json\/wp\/v2\/product\/10271","targetHints":{"allow":["GET"]}}],"collection":[{"href":"https:\/\/chinafore.com\/es\/wp-json\/wp\/v2\/product"}],"about":[{"href":"https:\/\/chinafore.com\/es\/wp-json\/wp\/v2\/types\/product"}],"replies":[{"embeddable":true,"href":"https:\/\/chinafore.com\/es\/wp-json\/wp\/v2\/comments?post=10271"}],"version-history":[{"count":1,"href":"https:\/\/chinafore.com\/es\/wp-json\/wp\/v2\/product\/10271\/revisions"}],"predecessor-version":[{"id":11625,"href":"https:\/\/chinafore.com\/es\/wp-json\/wp\/v2\/product\/10271\/revisions\/11625"}],"wp:featuredmedia":[{"embeddable":true,"href":"https:\/\/chinafore.com\/es\/wp-json\/wp\/v2\/media\/10273"}],"wp:attachment":[{"href":"https:\/\/chinafore.com\/es\/wp-json\/wp\/v2\/media?parent=10271"}],"wp:term":[{"taxonomy":"brand","embeddable":true,"href":"https:\/\/chinafore.com\/es\/wp-json\/wp\/v2\/etheme_brands?post=10271"},{"taxonomy":"product_brand","embeddable":true,"href":"https:\/\/chinafore.com\/es\/wp-json\/wp\/v2\/product_brand?post=10271"},{"taxonomy":"product_cat","embeddable":true,"href":"https:\/\/chinafore.com\/es\/wp-json\/wp\/v2\/product_cat?post=10271"},{"taxonomy":"product_tag","embeddable":true,"href":"https:\/\/chinafore.com\/es\/wp-json\/wp\/v2\/product_tag?post=10271"}],"curies":[{"name":"wp","href":"https:\/\/api.w.org\/{rel}","templated":true}]}}