{"id":10263,"date":"2024-05-30T12:26:00","date_gmt":"2024-05-30T12:26:00","guid":{"rendered":"https:\/\/green-giraffe-671934.hostingersite.com\/?post_type=product&#038;p=10263"},"modified":"2024-12-05T08:46:48","modified_gmt":"2024-12-05T08:46:48","slug":"non-insulated-reinforced-pvcflexible-air-ducts","status":"publish","type":"product","link":"https:\/\/chinafore.com\/es\/producto\/non-insulated-reinforced-pvcflexible-air-ducts\/","title":{"rendered":"Conductos de aire flexibles de PVC reforzado no aislados"},"content":{"rendered":"<div class=\"container-text\">\n<div style=\"text-align: center;\">\t<span style=\"font-size:36px;\"><strong>Non-insulated reinforced PVC flexible air ducts<\/strong><\/span><\/p>\n<p>\t<img decoding=\"async\" alt=\"\" src=\"\/wp-content\/uploads\/2024\/05\/2-200305133040U5.jpg\" \/><\/p>\n<table id=\"biaoge\" align=\"center\" border=\"1\" cellpadding=\"1\" cellspacing=\"1\">\n<caption>\t\t\t<strong><span style=\"font-size:16px;\">Especificaciones t\u00e9cnicas<\/span><\/strong><\/caption>\n<tbody>\n<tr>\n<td>\t\t\t\t\t<strong>Caracter\u00edsticas t\u00e9cnicas<\/strong><\/td>\n<td>\t\t\t\t\t<strong>Aire combinado<\/strong><\/td>\n<\/tr>\n<tr>\n<td>\t\t\t\t\tBase Fabric<\/td>\n<td>\t\t\t\t\tPolyester<\/td>\n<\/tr>\n<tr>\n<td>\t\t\t\t\tCoating<\/td>\n<td>\t\t\t\t\tPVC (both sides)<\/td>\n<\/tr>\n<tr>\n<td>\t\t\t\t\tNominal Thickness<\/td>\n<td>\t\t\t\t\t250 micron<\/td>\n<\/tr>\n<tr>\n<td>\t\t\t\t\tPVC Color<\/td>\n<td>\t\t\t\t\tGrey<\/td>\n<\/tr>\n<tr>\n<td>\t\t\t\t\tDi\u00e1metros disponibles<\/td>\n<td>\t\t\t\t\t\u00d8 102<\/td>\n<\/tr>\n<tr>\n<td>\t\t\t\t\t&nbsp;<\/td>\n<td>\t\t\t\t\t\u00d8 127<\/td>\n<\/tr>\n<tr>\n<td>\t\t\t\t\t&nbsp;<\/td>\n<td>\t\t\t\t\t\u00d8 150<\/td>\n<\/tr>\n<tr>\n<td>\t\t\t\t\t&nbsp;<\/td>\n<td>\t\t\t\t\t\u00d8 160<\/td>\n<\/tr>\n<tr>\n<td>\t\t\t\t\t&nbsp;<\/td>\n<td>\t\t\t\t\t&Oslash; 180<\/td>\n<\/tr>\n<tr>\n<td>\t\t\t\t\t&nbsp;<\/td>\n<td>\t\t\t\t\t\u00d8 203<\/td>\n<\/tr>\n<tr>\n<td>\t\t\t\t\t&nbsp;<\/td>\n<td>\t\t\t\t\t\u00d8 254<\/td>\n<\/tr>\n<tr>\n<td>\t\t\t\t\t&nbsp;<\/td>\n<td>\t\t\t\t\t\u00d8 305<\/td>\n<\/tr>\n<tr>\n<td>\t\t\t\t\t&nbsp;<\/td>\n<td>\t\t\t\t\t\u00d8 315<\/td>\n<\/tr>\n<tr>\n<td>\t\t\t\t\t&nbsp;<\/td>\n<td>\t\t\t\t\t\u00d8 356<\/td>\n<\/tr>\n<tr>\n<td>\t\t\t\t\t&nbsp;<\/td>\n<td>\t\t\t\t\t\u00d8 406<\/td>\n<\/tr>\n<tr>\n<td>\t\t\t\t\t&nbsp;<\/td>\n<td>\t\t\t\t\t\u00d8 457<\/td>\n<\/tr>\n<tr>\n<td>\t\t\t\t\t&nbsp;<\/td>\n<td>\t\t\t\t\t\u00d8 508<\/td>\n<\/tr>\n<tr>\n<td>\t\t\t\t\tTemperatura<\/td>\n<td>\t\t\t\t\t-30&deg;C\/+80&deg;C<\/td>\n<\/tr>\n<tr>\n<td>\t\t\t\t\tVelocidad del aire<\/td>\n<td>\t\t\t\t\t30 m\/s(m\u00e1x)<\/td>\n<\/tr>\n<tr>\n<td>\t\t\t\t\tPresi\u00f3n de funcionamiento<\/td>\n<td>\t\t\t\t\t3000 Pa(maks)<\/td>\n<\/tr>\n<tr>\n<td>\t\t\t\t\tLongitud est\u00e1ndar<\/td>\n<td>\t\t\t\t\t10m<\/td>\n<\/tr>\n<tr>\n<td>\t\t\t\t\tEmbalaje<\/td>\n<td>\t\t\t\t\tCaja de cart\u00f3n individual<\/td>\n<\/tr>\n<\/tbody>\n<\/table>\n<\/div>\n<table id=\"biaoge\" align=\"center\" border=\"0\" cellpadding=\"1\" cellspacing=\"1\">\n<tbody>\n<tr>\n<td>\n<div>\t\t\t\t\t<strong><span style=\"font-size:16px;\">Aplicaci\u00f3n:<\/span><\/strong><\/div>\n<div>\t\t\t\t\t<span style=\"font-size:14px;\">fabricados espec\u00edficamente para calefacci\u00f3n y refrigeraci\u00f3n a baja y media presi\u00f3n,<\/span><span style=\"font-size: 14px;\">ventilation, air conditioning, exhaust and dust extraction systems.<\/span><\/div>\n<div>\t\t\t\t\t<strong><span style=\"font-size:16px;\">Material:<\/span><\/strong><\/div>\n<div>\t\t\t\t\t<span style=\"font-size:14px;\">PVC flexible is manufactured from hardwearing PVC canvas strip&nbsp;<\/span><span style=\"font-size: 14px;\">reinforced with high tension steel spring wire.<\/span><\/div>\n<div>\t\t\t\t\t<strong><span style=\"font-size:16px;\">Caracter\u00edstica:<\/span><\/strong><\/div>\n<div>\t\t\t\t\t<span style=\"font-size:14px;\">PVC flexible flexible air ducts are airtight. PVC flexible is highly elastic&nbsp;<\/span><span style=\"font-size: 14px;\">and flexible. can be used in applications with excessive vibration and\/or&nbsp;<\/span><span style=\"font-size: 14px;\">perpetual motion systems\uff0cIt can be easily fitted to circular, oval or&nbsp;<\/span><span style=\"font-size: 14px;\">rectangular connectors.<\/span><\/div>\n<\/td>\n<\/tr>\n<\/tbody>\n<\/table>\n<p><\/div>","protected":false},"excerpt":{"rendered":"<p>Conductos de aire flexibles de PVC reforzado no aislados<\/p>","protected":false},"featured_media":10265,"comment_status":"closed","ping_status":"closed","template":"","meta":[],"etheme_brands":[],"product_brand":[],"product_cat":[52],"product_tag":[],"class_list":{"0":"post-10263","1":"product","2":"type-product","3":"status-publish","4":"has-post-thumbnail","6":"product_cat-flexible-duct","8":"first","9":"instock","10":"shipping-taxable","11":"product-type-simple"},"_links":{"self":[{"href":"https:\/\/chinafore.com\/es\/wp-json\/wp\/v2\/product\/10263","targetHints":{"allow":["GET"]}}],"collection":[{"href":"https:\/\/chinafore.com\/es\/wp-json\/wp\/v2\/product"}],"about":[{"href":"https:\/\/chinafore.com\/es\/wp-json\/wp\/v2\/types\/product"}],"replies":[{"embeddable":true,"href":"https:\/\/chinafore.com\/es\/wp-json\/wp\/v2\/comments?post=10263"}],"version-history":[{"count":1,"href":"https:\/\/chinafore.com\/es\/wp-json\/wp\/v2\/product\/10263\/revisions"}],"predecessor-version":[{"id":11617,"href":"https:\/\/chinafore.com\/es\/wp-json\/wp\/v2\/product\/10263\/revisions\/11617"}],"wp:featuredmedia":[{"embeddable":true,"href":"https:\/\/chinafore.com\/es\/wp-json\/wp\/v2\/media\/10265"}],"wp:attachment":[{"href":"https:\/\/chinafore.com\/es\/wp-json\/wp\/v2\/media?parent=10263"}],"wp:term":[{"taxonomy":"brand","embeddable":true,"href":"https:\/\/chinafore.com\/es\/wp-json\/wp\/v2\/etheme_brands?post=10263"},{"taxonomy":"product_brand","embeddable":true,"href":"https:\/\/chinafore.com\/es\/wp-json\/wp\/v2\/product_brand?post=10263"},{"taxonomy":"product_cat","embeddable":true,"href":"https:\/\/chinafore.com\/es\/wp-json\/wp\/v2\/product_cat?post=10263"},{"taxonomy":"product_tag","embeddable":true,"href":"https:\/\/chinafore.com\/es\/wp-json\/wp\/v2\/product_tag?post=10263"}],"curies":[{"name":"wp","href":"https:\/\/api.w.org\/{rel}","templated":true}]}}