{"id":10224,"date":"2024-05-30T12:26:00","date_gmt":"2024-05-30T12:26:00","guid":{"rendered":"https:\/\/green-giraffe-671934.hostingersite.com\/?post_type=product&#038;p=10224"},"modified":"2024-12-05T08:46:43","modified_gmt":"2024-12-05T08:46:43","slug":"fire-resistance-double-layer-aluminum-flexible-insulated-foi","status":"publish","type":"product","link":"https:\/\/chinafore.com\/es\/producto\/resistencia-al-fuego-doble-capa-aluminio-flexible-aislado-foi\/","title":{"rendered":"Resistencia al fuego de doble capa de aluminio flexible aislado Foi"},"content":{"rendered":"<div class=\"container-text\">\n<div style=\"text-align: center;\">\t<span style=\"font-size:36px;\"><strong>Aislamiento ac\u00fastico de aluminio flexible<\/strong><\/span><\/p>\n<p>\t<img decoding=\"async\" alt=\"\" src=\"\/wp-content\/uploads\/2024\/05\/2-200305130442926.jpg\" \/><\/p>\n<table id=\"biaoge\" align=\"center\" border=\"1\" cellpadding=\"1\" cellspacing=\"1\">\n<caption>\t\t\t<strong><span style=\"font-size:16px;\">Especificaciones t\u00e9cnicas<\/span><\/strong><\/caption>\n<tbody>\n<tr>\n<td>\t\t\t\t\tPropiedades t\u00e9cnicas<\/td>\n<td>\t\t\t\t\tMulticapa<\/td>\n<td>\t\t\t\t\tMonocapa<\/td>\n<\/tr>\n<tr>\n<td>\t\t\t\t\tConstrucci\u00f3n del conducto interior<\/td>\n<td>\t\t\t\t\tAluminio de 2 capas<\/td>\n<td>\t\t\t\t\t1 capa de aluminio<\/td>\n<\/tr>\n<tr>\n<td>\t\t\t\t\t&nbsp;<\/td>\n<td>\t\t\t\t\t1 capa de poli\u00e9ster<\/td>\n<td>\t\t\t\t\t1 capa de poli\u00e9ster<\/td>\n<\/tr>\n<tr>\n<td>\t\t\t\t\tConstrucci\u00f3n de la chaqueta<\/td>\n<td>\t\t\t\t\t1 capa de aluminio<\/td>\n<td>\t\t\t\t\t1 capa de aluminio<\/td>\n<\/tr>\n<tr>\n<td>\t\t\t\t\t&nbsp;<\/td>\n<td>\t\t\t\t\t1 capa de poli\u00e9ster<\/td>\n<td>\t\t\t\t\t1 capa de poli\u00e9ster<\/td>\n<\/tr>\n<tr>\n<td>\t\t\t\t\tDi\u00e1metros disponibles<\/td>\n<td>\t\t\t\t\t\u00d8 102<\/td>\n<td>\t\t\t\t\t\u00d8 102<\/td>\n<\/tr>\n<tr>\n<td>\t\t\t\t\t&nbsp;<\/td>\n<td>\t\t\t\t\t\u00d8 127<\/td>\n<td>\t\t\t\t\t\u00d8 127<\/td>\n<\/tr>\n<tr>\n<td>\t\t\t\t\t&nbsp;<\/td>\n<td>\t\t\t\t\t\u00d8 152<\/td>\n<td>\t\t\t\t\t\u00d8 152<\/td>\n<\/tr>\n<tr>\n<td>\t\t\t\t\t&nbsp;<\/td>\n<td>\t\t\t\t\t\u00d8 160<\/td>\n<td>\t\t\t\t\t\u00d8 160<\/td>\n<\/tr>\n<tr>\n<td>\t\t\t\t\t&nbsp;<\/td>\n<td>\t\t\t\t\t\u00d8 203<\/td>\n<td>\t\t\t\t\t\u00d8 203<\/td>\n<\/tr>\n<tr>\n<td>\t\t\t\t\t&nbsp;<\/td>\n<td>\t\t\t\t\t\u00d8 254<\/td>\n<td>\t\t\t\t\t\u00d8 254<\/td>\n<\/tr>\n<tr>\n<td>\t\t\t\t\t&nbsp;<\/td>\n<td>\t\t\t\t\t\u00d8 305<\/td>\n<td>\t\t\t\t\t\u00d8 305<\/td>\n<\/tr>\n<tr>\n<td>\t\t\t\t\t&nbsp;<\/td>\n<td>\t\t\t\t\t\u00d8 315<\/td>\n<td>\t\t\t\t\t\u00d8 315<\/td>\n<\/tr>\n<tr>\n<td>\t\t\t\t\t&nbsp;<\/td>\n<td>\t\t\t\t\t\u00d8 356<\/td>\n<td>\t\t\t\t\t\u00d8 356<\/td>\n<\/tr>\n<tr>\n<td>\t\t\t\t\t&nbsp;<\/td>\n<td>\t\t\t\t\t\u00d8 406<\/td>\n<td>\t\t\t\t\t\u00d8 406<\/td>\n<\/tr>\n<tr>\n<td>\t\t\t\t\t&nbsp;<\/td>\n<td>\t\t\t\t\t\u00d8 456<\/td>\n<td>\t\t\t\t\t\u00d8 456<\/td>\n<\/tr>\n<tr>\n<td>\t\t\t\t\t&nbsp;<\/td>\n<td>\t\t\t\t\t\u00d8 508<\/td>\n<td>\t\t\t\t\t\u00d8 508<\/td>\n<\/tr>\n<tr>\n<td>\t\t\t\t\tTemperatura<\/td>\n<td>\t\t\t\t\t-30\u00b0C \/ +140\u00b0C<\/td>\n<td>\t\t\t\t\t-30\u00b0C \/ +140\u00b0C<\/td>\n<\/tr>\n<tr>\n<td>\t\t\t\t\tVelocidad del aire<\/td>\n<td>\t\t\t\t\t30 m\/s (m\u00e1x.)<\/td>\n<td>\t\t\t\t\t30 m\/s (m\u00e1x.)<\/td>\n<\/tr>\n<tr>\n<td>\t\t\t\t\tPresi\u00f3n de funcionamiento<\/td>\n<td>\t\t\t\t\t3000 Pa(m\u00e1x)<\/td>\n<td>\t\t\t\t\t3000 Pa(m\u00e1x)<\/td>\n<\/tr>\n<tr>\n<td>\t\t\t\t\tAislamiento<\/td>\n<td>\t\t\t\t\tLana de vidrio<\/td>\n<td>\t\t\t\t\tLana de vidrio<\/td>\n<\/tr>\n<tr>\n<td>\t\t\t\t\tEspesor del aislamiento<\/td>\n<td>\t\t\t\t\t25 mm<\/td>\n<td>\t\t\t\t\t25 mm<\/td>\n<\/tr>\n<tr>\n<td>\t\t\t\t\tDensidad de aislamiento<\/td>\n<td>\t\t\t\t\t16 kg\/m3<\/td>\n<td>\t\t\t\t\t16 kg\/m3<\/td>\n<\/tr>\n<tr>\n<td>\t\t\t\t\tLongitud est\u00e1ndar<\/td>\n<td>\t\t\t\t\t10 m<\/td>\n<td>\t\t\t\t\t10 m<\/td>\n<\/tr>\n<tr>\n<td>\t\t\t\t\tResistencia al fuego<\/td>\n<td>\t\t\t\t\tIgn\u00edfugo<\/td>\n<td>\t\t\t\t\tIgn\u00edfugo<\/td>\n<\/tr>\n<tr>\n<td>\t\t\t\t\tEmbalaje<\/td>\n<td>\t\t\t\t\tCaja de cart\u00f3n individual<\/td>\n<td>\t\t\t\t\tCaja de cart\u00f3n individual<\/td>\n<\/tr>\n<\/tbody>\n<\/table>\n<\/div>\n<table id=\"biaoge\" align=\"center\" border=\"0\" cellpadding=\"1\" cellspacing=\"1\">\n<tbody>\n<tr>\n<td>\n<div>\t\t\t\t\t<strong><span style=\"font-size:16px;\">Aplicaci\u00f3n:<\/span><\/strong><\/div>\n<div>\t\t\t\t\t<span style=\"font-size:14px;\">Espec\u00edficamente fabricados para calefacci\u00f3n y refrigeraci\u00f3n a baja y media presi\u00f3n,<\/span><span style=\"font-size: 14px;\">sistemas de ventilaci\u00f3n, extracci\u00f3n y aire acondicionado.<\/span><\/div>\n<div>\t\t\t\t\t<strong><span style=\"font-size:16px;\">Material:<\/span><\/strong><\/div>\n<div>\t\t\t\t\t<span style=\"font-size:14px;\">Fabricado en aluminio multicapa y poli\u00e9ster, reforzado&nbsp;<\/span><span style=\"font-size: 14px;\">con alambre de muelle de acero duro de alta tensi\u00f3n, sondeado con lana de vidrio&nbsp;<\/span><span style=\"font-size: 14px;\">aislamiento y una barrera de vapor de aluminio.<\/span><\/div>\n<div>\t\t\t\t\t<strong><span style=\"font-size:16px;\">Caracter\u00edstica:<\/span><\/strong><\/div>\n<div>\t\t\t\t\t<span style=\"font-size:14px;\">Gran elasticidad y flexibilidad.<\/span><\/div>\n<div>\t\t\t\t\t<strong><span style=\"font-size:16px;\">Montaje:<\/span><\/strong><\/div>\n<div>\t\t\t\t\t<span style=\"font-size:14px;\">Se adapta f\u00e1cilmente a conectores circulares, ovalados o rectangulares.<\/span><\/div>\n<div>\t\t\t\t\t<strong><span style=\"font-size:16px;\">Certificaci\u00f3n:<\/span><\/strong><\/div>\n<div>\t\t\t\t\t<span style=\"font-size:14px;\">Las dimensiones, tolerancias y mec\u00e1nicas se comprueban, clasifican &amp;&nbsp;<\/span><span style=\"font-size: 14px;\">certificado seg\u00fan la norma EN 13180.<\/span><\/div>\n<\/td>\n<\/tr>\n<\/tbody>\n<\/table>\n<p><\/div>","protected":false},"excerpt":{"rendered":"<p>Resistencia al fuego de doble capa de aluminio flexible aislado Foi<\/p>","protected":false},"featured_media":10226,"comment_status":"closed","ping_status":"closed","template":"","meta":[],"etheme_brands":[],"product_brand":[],"product_cat":[52],"product_tag":[],"class_list":{"0":"post-10224","1":"product","2":"type-product","3":"status-publish","4":"has-post-thumbnail","6":"product_cat-flexible-duct","8":"first","9":"instock","10":"shipping-taxable","11":"product-type-simple"},"_links":{"self":[{"href":"https:\/\/chinafore.com\/es\/wp-json\/wp\/v2\/product\/10224","targetHints":{"allow":["GET"]}}],"collection":[{"href":"https:\/\/chinafore.com\/es\/wp-json\/wp\/v2\/product"}],"about":[{"href":"https:\/\/chinafore.com\/es\/wp-json\/wp\/v2\/types\/product"}],"replies":[{"embeddable":true,"href":"https:\/\/chinafore.com\/es\/wp-json\/wp\/v2\/comments?post=10224"}],"version-history":[{"count":1,"href":"https:\/\/chinafore.com\/es\/wp-json\/wp\/v2\/product\/10224\/revisions"}],"predecessor-version":[{"id":11578,"href":"https:\/\/chinafore.com\/es\/wp-json\/wp\/v2\/product\/10224\/revisions\/11578"}],"wp:featuredmedia":[{"embeddable":true,"href":"https:\/\/chinafore.com\/es\/wp-json\/wp\/v2\/media\/10226"}],"wp:attachment":[{"href":"https:\/\/chinafore.com\/es\/wp-json\/wp\/v2\/media?parent=10224"}],"wp:term":[{"taxonomy":"brand","embeddable":true,"href":"https:\/\/chinafore.com\/es\/wp-json\/wp\/v2\/etheme_brands?post=10224"},{"taxonomy":"product_brand","embeddable":true,"href":"https:\/\/chinafore.com\/es\/wp-json\/wp\/v2\/product_brand?post=10224"},{"taxonomy":"product_cat","embeddable":true,"href":"https:\/\/chinafore.com\/es\/wp-json\/wp\/v2\/product_cat?post=10224"},{"taxonomy":"product_tag","embeddable":true,"href":"https:\/\/chinafore.com\/es\/wp-json\/wp\/v2\/product_tag?post=10224"}],"curies":[{"name":"wp","href":"https:\/\/api.w.org\/{rel}","templated":true}]}}