{"id":10220,"date":"2024-05-30T12:26:00","date_gmt":"2024-05-30T12:26:00","guid":{"rendered":"https:\/\/green-giraffe-671934.hostingersite.com\/?post_type=product&#038;p=10220"},"modified":"2024-12-05T08:46:41","modified_gmt":"2024-12-05T08:46:41","slug":"combi-alu-pvc-insulated-flexible-ducting","status":"publish","type":"product","link":"https:\/\/chinafore.com\/es\/producto\/conducto-flexible-aislado-combi-alu-pvc\/","title":{"rendered":"Conducto flexible aislado Combi-alu\/pvc"},"content":{"rendered":"<div class=\"container-text\">\n<div style=\"text-align: center;\">\t<strong><span style=\"font-size:36px;\">Conducto flexible aislado Combi-alu\/pvc<\/span><\/strong><\/p>\n<p>\t<img decoding=\"async\" alt=\"\" src=\"\/wp-content\/uploads\/2024\/05\/2-2003051A912O9.jpg\" \/><\/p>\n<table id=\"biaoge\" align=\"center\" border=\"1\" cellpadding=\"1\" cellspacing=\"1\">\n<caption>\t\t\t<strong><span style=\"font-size:16px;\">Especificaciones t\u00e9cnicas<\/span><\/strong><\/caption>\n<tbody>\n<tr>\n<td>\t\t\t\t\t<strong>Caracter\u00edsticas t\u00e9cnicas<\/strong><\/td>\n<td>\t\t\t\t\t<strong>Aire combinado<\/strong><\/td>\n<\/tr>\n<tr>\n<td>\t\t\t\t\tConstrucci\u00f3n<\/td>\n<td>\t\t\t\t\t1 capa de aluminio<\/td>\n<\/tr>\n<tr>\n<td>\t\t\t\t\t&nbsp;<\/td>\n<td>\t\t\t\t\t1 capa de poli\u00e9ster<\/td>\n<\/tr>\n<tr>\n<td>\t\t\t\t\t&nbsp;<\/td>\n<td>\t\t\t\t\tPVC de 1 capa<\/td>\n<\/tr>\n<tr>\n<td>\t\t\t\t\tPVC Color<\/td>\n<td>\t\t\t\t\tNegro<\/td>\n<\/tr>\n<tr>\n<td>\t\t\t\t\tDi\u00e1metros disponibles<\/td>\n<td>\t\t\t\t\t\u00d8 102<\/td>\n<\/tr>\n<tr>\n<td>\t\t\t\t\t&nbsp;<\/td>\n<td>\t\t\t\t\t\u00d8 127<\/td>\n<\/tr>\n<tr>\n<td>\t\t\t\t\t&nbsp;<\/td>\n<td>\t\t\t\t\t\u00d8 150<\/td>\n<\/tr>\n<tr>\n<td>\t\t\t\t\t&nbsp;<\/td>\n<td>\t\t\t\t\t\u00d8 160<\/td>\n<\/tr>\n<tr>\n<td>\t\t\t\t\t&nbsp;<\/td>\n<td>\t\t\t\t\t\u00d8 203<\/td>\n<\/tr>\n<tr>\n<td>\t\t\t\t\t&nbsp;<\/td>\n<td>\t\t\t\t\t\u00d8 254<\/td>\n<\/tr>\n<tr>\n<td>\t\t\t\t\t&nbsp;<\/td>\n<td>\t\t\t\t\t\u00d8 305<\/td>\n<\/tr>\n<tr>\n<td>\t\t\t\t\t&nbsp;<\/td>\n<td>\t\t\t\t\t\u00d8 315<\/td>\n<\/tr>\n<tr>\n<td>\t\t\t\t\t&nbsp;<\/td>\n<td>\t\t\t\t\t\u00d8 356<\/td>\n<\/tr>\n<tr>\n<td>\t\t\t\t\t&nbsp;<\/td>\n<td>\t\t\t\t\t\u00d8 406<\/td>\n<\/tr>\n<tr>\n<td>\t\t\t\t\t&nbsp;<\/td>\n<td>\t\t\t\t\t\u00d8 457<\/td>\n<\/tr>\n<tr>\n<td>\t\t\t\t\t&nbsp;<\/td>\n<td>\t\t\t\t\t\u00d8 508<\/td>\n<\/tr>\n<tr>\n<td>\t\t\t\t\tPaso del cable<\/td>\n<td>\t\t\t\t\t18mm(\u00d8\u2265102mm)<\/td>\n<\/tr>\n<tr>\n<td>\t\t\t\t\tTemperatura<\/td>\n<td>\t\t\t\t\t-30\u00b0C\/+150\u00b0C<\/td>\n<\/tr>\n<tr>\n<td>\t\t\t\t\tVelocidad del aire<\/td>\n<td>\t\t\t\t\t30 m\/s(m\u00e1x)<\/td>\n<\/tr>\n<tr>\n<td>\t\t\t\t\tPresi\u00f3n de funcionamiento<\/td>\n<td>\t\t\t\t\t3000 Pa(maks)<\/td>\n<\/tr>\n<tr>\n<td>\t\t\t\t\tLongitud est\u00e1ndar<\/td>\n<td>\t\t\t\t\t10m<\/td>\n<\/tr>\n<tr>\n<td>\t\t\t\t\tEmbalaje<\/td>\n<td>\t\t\t\t\tCaja de cart\u00f3n individual<\/td>\n<\/tr>\n<\/tbody>\n<\/table>\n<\/div>\n<table id=\"biaoge\" align=\"center\" border=\"0\" cellpadding=\"1\" cellspacing=\"1\">\n<tbody>\n<tr>\n<td>\n<div>\t\t\t\t\t<strong><span style=\"font-size:16px;\">Aplicaci\u00f3n:<\/span><\/strong><\/div>\n<div>\t\t\t\t\t<span style=\"font-size:14px;\">fabricados espec\u00edficamente para calefacci\u00f3n y refrigeraci\u00f3n a baja y media presi\u00f3n,<\/span><span style=\"font-size: 14px;\">ventilaci\u00f3n y aire acondicionado.<\/span><\/div>\n<div>\t\t\t\t\t<strong><span style=\"font-size:16px;\">Material:<\/span><\/strong><\/div>\n<div>\t\t\t\t\t<span style=\"font-size:14px;\">El conducto herm\u00e9tico de poli\u00e9ster est\u00e1 fabricado con poli\u00e9ster multicapa,<\/span><span style=\"font-size: 14px;\">reforzado con alambre de muelle de acero duro de alta tensi\u00f3n.<\/span><\/div>\n<div>\t\t\t\t\t<strong><span style=\"font-size:16px;\">Caracter\u00edstica:<\/span><\/strong><\/div>\n<div>\t\t\t\t\t<span style=\"font-size:14px;\">El conducto de poli\u00e9ster es muy el\u00e1stico y flexible. Se adapta f\u00e1cilmente a&nbsp;<\/span><span style=\"font-size: 14px;\">conectores circulares u ovalados.<\/span><\/div>\n<\/td>\n<\/tr>\n<\/tbody>\n<\/table>\n<p><\/div>","protected":false},"excerpt":{"rendered":"<p>Conducto flexible aislado Combi-alu\/pvc<\/p>","protected":false},"featured_media":10222,"comment_status":"closed","ping_status":"closed","template":"","meta":[],"etheme_brands":[],"product_brand":[],"product_cat":[52],"product_tag":[],"class_list":{"0":"post-10220","1":"product","2":"type-product","3":"status-publish","4":"has-post-thumbnail","6":"product_cat-flexible-duct","8":"first","9":"instock","10":"shipping-taxable","11":"product-type-simple"},"_links":{"self":[{"href":"https:\/\/chinafore.com\/es\/wp-json\/wp\/v2\/product\/10220","targetHints":{"allow":["GET"]}}],"collection":[{"href":"https:\/\/chinafore.com\/es\/wp-json\/wp\/v2\/product"}],"about":[{"href":"https:\/\/chinafore.com\/es\/wp-json\/wp\/v2\/types\/product"}],"replies":[{"embeddable":true,"href":"https:\/\/chinafore.com\/es\/wp-json\/wp\/v2\/comments?post=10220"}],"version-history":[{"count":1,"href":"https:\/\/chinafore.com\/es\/wp-json\/wp\/v2\/product\/10220\/revisions"}],"predecessor-version":[{"id":11574,"href":"https:\/\/chinafore.com\/es\/wp-json\/wp\/v2\/product\/10220\/revisions\/11574"}],"wp:featuredmedia":[{"embeddable":true,"href":"https:\/\/chinafore.com\/es\/wp-json\/wp\/v2\/media\/10222"}],"wp:attachment":[{"href":"https:\/\/chinafore.com\/es\/wp-json\/wp\/v2\/media?parent=10220"}],"wp:term":[{"taxonomy":"brand","embeddable":true,"href":"https:\/\/chinafore.com\/es\/wp-json\/wp\/v2\/etheme_brands?post=10220"},{"taxonomy":"product_brand","embeddable":true,"href":"https:\/\/chinafore.com\/es\/wp-json\/wp\/v2\/product_brand?post=10220"},{"taxonomy":"product_cat","embeddable":true,"href":"https:\/\/chinafore.com\/es\/wp-json\/wp\/v2\/product_cat?post=10220"},{"taxonomy":"product_tag","embeddable":true,"href":"https:\/\/chinafore.com\/es\/wp-json\/wp\/v2\/product_tag?post=10220"}],"curies":[{"name":"wp","href":"https:\/\/api.w.org\/{rel}","templated":true}]}}