{"id":10196,"date":"2024-05-30T12:26:00","date_gmt":"2024-05-30T12:26:00","guid":{"rendered":"https:\/\/green-giraffe-671934.hostingersite.com\/?post_type=product&#038;p=10196"},"modified":"2024-12-05T08:46:38","modified_gmt":"2024-12-05T08:46:38","slug":"duct-backdraught-shutters-bda","status":"publish","type":"product","link":"https:\/\/chinafore.com\/es\/producto\/persianas-de-contratiro-bda\/","title":{"rendered":"Persianas de contratiro BDA"},"content":{"rendered":"<div class=\"container-text\">\n<div style=\"text-align: center;\">\t<strong><span style=\"font-size:36px;\">Persianas de contratiro<\/span><\/strong><\/p>\n<p>\t<span style=\"font-size:28px;\"><strong>BDA<\/strong><\/span><\/p>\n<p>\t<img decoding=\"async\" alt=\"\" src=\"\/wp-content\/uploads\/2024\/05\/2-2003061450403A.jpg\" \/><\/p>\n<table id=\"biaoge\" align=\"center\" border=\"1\" cellpadding=\"1\" cellspacing=\"1\">\n<tbody>\n<tr>\n<td>\t\t\t\t\t<strong><span style=\"font-size:14px;\">Talla<\/span><\/strong><\/td>\n<td>\t\t\t\t\t<strong><span style=\"font-size:14px;\">\u03a6d(mm)<\/span><\/strong><\/td>\n<td>\t\t\t\t\t<strong><span style=\"font-size:14px;\">H(mm)<\/span><\/strong><\/td>\n<td>\t\t\t\t\t<strong><span style=\"font-size:14px;\">t(mm)<\/span><\/strong><\/td>\n<\/tr>\n<tr>\n<td>\t\t\t\t\t80<\/td>\n<td>\t\t\t\t\t97<\/td>\n<td>\t\t\t\t\t88<\/td>\n<td>\t\t\t\t\t0.5<\/td>\n<\/tr>\n<tr>\n<td>\t\t\t\t\t100<\/td>\n<td>\t\t\t\t\t99<\/td>\n<td>\t\t\t\t\t88<\/td>\n<td>\t\t\t\t\t0.5<\/td>\n<\/tr>\n<tr>\n<td>\t\t\t\t\t125<\/td>\n<td>\t\t\t\t\t124<\/td>\n<td>\t\t\t\t\t88<\/td>\n<td>\t\t\t\t\t0.5<\/td>\n<\/tr>\n<tr>\n<td>\t\t\t\t\t150<\/td>\n<td>\t\t\t\t\t148.9<\/td>\n<td>\t\t\t\t\t88<\/td>\n<td>\t\t\t\t\t0.5<\/td>\n<\/tr>\n<tr>\n<td>\t\t\t\t\t160<\/td>\n<td>\t\t\t\t\t158.9<\/td>\n<td>\t\t\t\t\t88<\/td>\n<td>\t\t\t\t\t0.5<\/td>\n<\/tr>\n<tr>\n<td>\t\t\t\t\t200<\/td>\n<td>\t\t\t\t\t198.9<\/td>\n<td>\t\t\t\t\t88<\/td>\n<td>\t\t\t\t\t0.5<\/td>\n<\/tr>\n<tr>\n<td>\t\t\t\t\t250<\/td>\n<td>\t\t\t\t\t248.9<\/td>\n<td>\t\t\t\t\t128<\/td>\n<td>\t\t\t\t\t0.5<\/td>\n<\/tr>\n<tr>\n<td>\t\t\t\t\t315<\/td>\n<td>\t\t\t\t\t313.8<\/td>\n<td>\t\t\t\t\t128<\/td>\n<td>\t\t\t\t\t0.5<\/td>\n<\/tr>\n<tr>\n<td>\t\t\t\t\t355<\/td>\n<td>\t\t\t\t\t353.8<\/td>\n<td>\t\t\t\t\t97.5<\/td>\n<td>\t\t\t\t\t0.5<\/td>\n<\/tr>\n<tr>\n<td>\t\t\t\t\t400<\/td>\n<td>\t\t\t\t\t398.8<\/td>\n<td>\t\t\t\t\t97.5<\/td>\n<td>\t\t\t\t\t0.5<\/td>\n<\/tr>\n<tr>\n<td>\t\t\t\t\t450<\/td>\n<td>\t\t\t\t\t448.8<\/td>\n<td>\t\t\t\t\t122.5<\/td>\n<td>\t\t\t\t\t0.5<\/td>\n<\/tr>\n<tr>\n<td>\t\t\t\t\t500<\/td>\n<td>\t\t\t\t\t498.8<\/td>\n<td>\t\t\t\t\t122.5<\/td>\n<td>\t\t\t\t\t0.5<\/td>\n<\/tr>\n<tr>\n<td>\t\t\t\t\t560<\/td>\n<td>\t\t\t\t\t558.8<\/td>\n<td>\t\t\t\t\t122.5<\/td>\n<td>\t\t\t\t\t0.5<\/td>\n<\/tr>\n<tr>\n<td>\t\t\t\t\t630<\/td>\n<td>\t\t\t\t\t628.8<\/td>\n<td>\t\t\t\t\t122.5<\/td>\n<td>\t\t\t\t\t0.5<\/td>\n<\/tr>\n<\/tbody>\n<\/table>\n<div style=\"text-align: left;\">\t\t&nbsp;<\/div>\n<table id=\"biaoge\" align=\"center\" border=\"0\" cellpadding=\"1\" cellspacing=\"1\">\n<tbody>\n<tr>\n<td>\n<div style=\"text-align: left;\">\t\t\t\t\t\t<span style=\"font-size:14px;\">Persianas de contratiro circulares de acero galvanizado con aluminio&nbsp;<\/span><span style=\"font-size: 14px;\">cuchillas para montaje entre 2 conductos<\/span><\/div>\n<div style=\"text-align: left;\">\t\t\t\t\t\t<span style=\"font-size:14px;\">Aplicaci\u00f3n<\/span><\/div>\n<div style=\"text-align: left;\">\t\t\t\t\t\t<span style=\"font-size:14px;\">Para el control del caudal de aire en sistemas de ventilaci\u00f3n<\/span><\/div>\n<div style=\"text-align: left;\">\t\t\t\t\t\t<span style=\"font-size:14px;\">Las hojas de aluminio se abrir\u00e1n cuando las hojas se expongan a&nbsp;<\/span><span style=\"font-size: 14px;\">sobrepresi\u00f3n y se cerrar\u00e1 de nuevo cuando la presi\u00f3n disminuya&nbsp;<\/span><span style=\"font-size: 14px;\">gracias a un muelle mec\u00e1nico de acero inoxidable<\/span><\/div>\n<div style=\"text-align: left;\">\t\t\t\t\t\t<span style=\"font-size:14px;\">Temperatura de uso hasta 50\u00b0C<\/span><\/div>\n<div style=\"text-align: left;\">\t\t\t\t\t\t<span style=\"font-size:14px;\">Material<\/span><\/div>\n<div style=\"text-align: left;\">\t\t\t\t\t\t<span style=\"font-size:14px;\">Acero galvanizado y aluminio<\/span><\/div>\n<div style=\"text-align: left;\">\t\t\t\t\t\t<span style=\"font-size:14px;\">Composici\u00f3n<\/span><\/div>\n<div style=\"text-align: left;\">\t\t\t\t\t\t<span style=\"font-size:14px;\">Cuerpo de acero galvanizado<\/span><\/div>\n<div style=\"text-align: left;\">\t\t\t\t\t\t<span style=\"font-size:14px;\">Cuchillas de aluminio<\/span><\/p>\n<div>\t\t\t\t\t\t\t<span style=\"font-size:14px;\">Acabado natural galvanizado<\/span><\/div>\n<div>\t\t\t\t\t\t\t<span style=\"font-size:14px;\">Montaje<\/span><\/div>\n<div>\t\t\t\t\t\t\t<span style=\"font-size:14px;\">Se recomienda instalar la persiana en conductos horizontales<\/span><\/div>\n<div>\t\t\t\t\t\t\t<span style=\"font-size:14px;\">El eje de la persiana debe estar vertical<\/span><\/div>\n<div>\t\t\t\t\t\t\t<span style=\"font-size:14px;\">La persiana se instala en la tuber\u00eda mediante un simple deslizamiento...<\/span><\/div>\n<div>\t\t\t\t\t\t\t<span style=\"font-size:14px;\">Las persianas de contratiro para conductos redondos ser\u00e1n del tipo<\/span><\/div>\n<div>\t\t\t\t\t\t\t<span style=\"font-size:14px;\">con cuerpo de acero galvanizado y cuchillas de aluminio. Ser\u00e1n<\/span><\/div>\n<div>\t\t\t\t\t\t\t<span style=\"font-size:14px;\">montado entre dos conductos para evitar corrientes de retorno cuando el<\/span><\/div>\n<div>\t\t\t\t\t\t\t<span style=\"font-size:14px;\">paradas del ventilador.<\/span><\/div>\n<\/p><\/div>\n<\/td>\n<\/tr>\n<\/tbody>\n<\/table>\n<div style=\"text-align: center;\">\t<img decoding=\"async\" alt=\"\" src=\"\/wp-content\/uploads\/2024\/05\/2-200306152242308.jpg\" style=\"width: 570px; height: 300px;\" \/><\/p>\n<p>\t<img decoding=\"async\" alt=\"\" src=\"\/wp-content\/uploads\/2024\/05\/2-200306152332601.jpg\" style=\"width: 570px; height: 300px;\" \/><\/p>\n<p>\t<img decoding=\"async\" alt=\"\" src=\"\/wp-content\/uploads\/2024\/05\/2-20030615235LY.jpg\" style=\"width: 570px; height: 300px;\" \/><\/div>\n<\/div>","protected":false},"excerpt":{"rendered":"<p>Persianas de contratiro BDA<\/p>","protected":false},"featured_media":10198,"comment_status":"closed","ping_status":"closed","template":"","meta":[],"etheme_brands":[],"product_brand":[],"product_cat":[53],"product_tag":[],"class_list":{"0":"post-10196","1":"product","2":"type-product","3":"status-publish","4":"has-post-thumbnail","6":"product_cat-duct-fitting","8":"first","9":"instock","10":"shipping-taxable","11":"product-type-simple"},"_links":{"self":[{"href":"https:\/\/chinafore.com\/es\/wp-json\/wp\/v2\/product\/10196","targetHints":{"allow":["GET"]}}],"collection":[{"href":"https:\/\/chinafore.com\/es\/wp-json\/wp\/v2\/product"}],"about":[{"href":"https:\/\/chinafore.com\/es\/wp-json\/wp\/v2\/types\/product"}],"replies":[{"embeddable":true,"href":"https:\/\/chinafore.com\/es\/wp-json\/wp\/v2\/comments?post=10196"}],"version-history":[{"count":1,"href":"https:\/\/chinafore.com\/es\/wp-json\/wp\/v2\/product\/10196\/revisions"}],"predecessor-version":[{"id":11550,"href":"https:\/\/chinafore.com\/es\/wp-json\/wp\/v2\/product\/10196\/revisions\/11550"}],"wp:featuredmedia":[{"embeddable":true,"href":"https:\/\/chinafore.com\/es\/wp-json\/wp\/v2\/media\/10198"}],"wp:attachment":[{"href":"https:\/\/chinafore.com\/es\/wp-json\/wp\/v2\/media?parent=10196"}],"wp:term":[{"taxonomy":"brand","embeddable":true,"href":"https:\/\/chinafore.com\/es\/wp-json\/wp\/v2\/etheme_brands?post=10196"},{"taxonomy":"product_brand","embeddable":true,"href":"https:\/\/chinafore.com\/es\/wp-json\/wp\/v2\/product_brand?post=10196"},{"taxonomy":"product_cat","embeddable":true,"href":"https:\/\/chinafore.com\/es\/wp-json\/wp\/v2\/product_cat?post=10196"},{"taxonomy":"product_tag","embeddable":true,"href":"https:\/\/chinafore.com\/es\/wp-json\/wp\/v2\/product_tag?post=10196"}],"curies":[{"name":"wp","href":"https:\/\/api.w.org\/{rel}","templated":true}]}}