{"id":10180,"date":"2024-05-30T12:26:00","date_gmt":"2024-05-30T12:26:00","guid":{"rendered":"https:\/\/green-giraffe-671934.hostingersite.com\/?post_type=product&#038;p=10180"},"modified":"2024-12-05T08:46:36","modified_gmt":"2024-12-05T08:46:36","slug":"spiral-wind-flow-mouth-damper","status":"publish","type":"product","link":"https:\/\/chinafore.com\/es\/producto\/spiral-wind-flow-mouth-damper\/","title":{"rendered":"Amortiguador bucal de flujo de viento en espiral"},"content":{"rendered":"<div class=\"container-text\">\n<div style=\"text-align: center;\">\t<span style=\"font-size:36px;\"><strong>Amortiguador bucal de flujo de viento en espiral<\/strong><\/span><\/p>\n<p>\t<img decoding=\"async\" alt=\"\" src=\"\/wp-content\/uploads\/2024\/05\/2-20030ZU425b4.jpg\" \/><\/p>\n<table id=\"biaoge\" align=\"center\" border=\"0\" cellpadding=\"1\" cellspacing=\"1\">\n<tbody>\n<tr>\n<td style=\"text-align: left;\">\t\t\t\t\t<span style=\"font-size:14px;\">Para el control de caudales en sistemas de volumen constante<\/p>\n<p>\t\t\t\t\tPara sistemas de baja velocidad<br \/>\t\t\t\t\tMechanical systems-powered, without extemal power supply<br \/>\t\t\t\t\tAdecuado para impulsi\u00f3n o retorno de aire<br \/>\t\t\t\t\tRango de caudal m\u00e1ximo 10:1<br \/>\t\t\t\t\tFlow ratr adjustment using pointer on extemal scale<\/p>\n<p>\t\t\t\t\tThe damper blade mechanisms maintenance&nbsp;free<\/p>\n<p>\t\t\t\t\tRango de temperatura de funcionamiento 10\u2103 a 50\u2103<br \/>\t\t\t\t\tSelecci\u00f3n en funci\u00f3n del tama\u00f1o nominal del sistema de conductos<\/p>\n<p>\t\t\t\t\tLow rate adjustment without special tools<br \/>\t\t\t\t\tRango de presi\u00f3n diferencial de 30 a 500 Pa<\/span><\/td>\n<\/tr>\n<\/tbody>\n<\/table>\n<\/div>\n<p><\/div>","protected":false},"excerpt":{"rendered":"<p>Amortiguador bucal de flujo de viento en espiral<\/p>","protected":false},"featured_media":10182,"comment_status":"closed","ping_status":"closed","template":"","meta":[],"etheme_brands":[],"product_brand":[],"product_cat":[53],"product_tag":[],"class_list":{"0":"post-10180","1":"product","2":"type-product","3":"status-publish","4":"has-post-thumbnail","6":"product_cat-duct-fitting","8":"first","9":"instock","10":"shipping-taxable","11":"product-type-simple"},"_links":{"self":[{"href":"https:\/\/chinafore.com\/es\/wp-json\/wp\/v2\/product\/10180","targetHints":{"allow":["GET"]}}],"collection":[{"href":"https:\/\/chinafore.com\/es\/wp-json\/wp\/v2\/product"}],"about":[{"href":"https:\/\/chinafore.com\/es\/wp-json\/wp\/v2\/types\/product"}],"replies":[{"embeddable":true,"href":"https:\/\/chinafore.com\/es\/wp-json\/wp\/v2\/comments?post=10180"}],"version-history":[{"count":1,"href":"https:\/\/chinafore.com\/es\/wp-json\/wp\/v2\/product\/10180\/revisions"}],"predecessor-version":[{"id":11534,"href":"https:\/\/chinafore.com\/es\/wp-json\/wp\/v2\/product\/10180\/revisions\/11534"}],"wp:featuredmedia":[{"embeddable":true,"href":"https:\/\/chinafore.com\/es\/wp-json\/wp\/v2\/media\/10182"}],"wp:attachment":[{"href":"https:\/\/chinafore.com\/es\/wp-json\/wp\/v2\/media?parent=10180"}],"wp:term":[{"taxonomy":"brand","embeddable":true,"href":"https:\/\/chinafore.com\/es\/wp-json\/wp\/v2\/etheme_brands?post=10180"},{"taxonomy":"product_brand","embeddable":true,"href":"https:\/\/chinafore.com\/es\/wp-json\/wp\/v2\/product_brand?post=10180"},{"taxonomy":"product_cat","embeddable":true,"href":"https:\/\/chinafore.com\/es\/wp-json\/wp\/v2\/product_cat?post=10180"},{"taxonomy":"product_tag","embeddable":true,"href":"https:\/\/chinafore.com\/es\/wp-json\/wp\/v2\/product_tag?post=10180"}],"curies":[{"name":"wp","href":"https:\/\/api.w.org\/{rel}","templated":true}]}}