{"id":10176,"date":"2024-05-30T12:26:00","date_gmt":"2024-05-30T12:26:00","guid":{"rendered":"https:\/\/green-giraffe-671934.hostingersite.com\/?post_type=product&#038;p=10176"},"modified":"2024-12-05T08:46:35","modified_gmt":"2024-12-05T08:46:35","slug":"constant-volume-flow-control","status":"publish","type":"product","link":"https:\/\/chinafore.com\/es\/producto\/control-de-caudal-de-volumen-constante\/","title":{"rendered":"Control de caudal de volumen constante"},"content":{"rendered":"<div class=\"container-text\">\n<div style=\"text-align: center;\">\t<span style=\"font-size:36px;\"><strong>Control de caudal de volumen constante<\/strong><\/span><\/p>\n<p>\t<strong><span style=\"font-size:26px;\">VFCS<\/span><\/strong><\/p>\n<p>\t<img decoding=\"async\" alt=\"\" src=\"\/wp-content\/uploads\/2024\/05\/2-200309104610U4.jpg\" \/><\/p>\n<p>\t<img decoding=\"async\" alt=\"\" src=\"\/wp-content\/uploads\/2024\/05\/2-20030910463Q11.jpg\" \/><\/div>\n<div style=\"text-align: center;\">\t&nbsp;<\/div>\n<table id=\"biaoge\" align=\"center\" border=\"1\" cellpadding=\"1\" cellspacing=\"1\">\n<tbody>\n<tr>\n<td style=\"text-align: center;\">\t\t\t\t<strong><span style=\"font-size:14px;\">Talla<\/span><\/strong><\/td>\n<td style=\"text-align: center;\">\t\t\t\t<strong><span style=\"font-size:14px;\">Anchura (mm)<\/span><\/strong><\/td>\n<td style=\"text-align: center;\">\t\t\t\t<strong><span style=\"font-size:14px;\">Altura (mm)<\/span><\/strong><\/td>\n<td style=\"text-align: center;\">\t\t\t\t<strong><span style=\"font-size:14px;\">B1(mm)<\/span><\/strong><\/td>\n<td style=\"text-align: center;\">\t\t\t\t<strong><span style=\"font-size:14px;\">B2(mm)<\/span><\/strong><\/td>\n<td style=\"text-align: center;\">\t\t\t\t<strong><span style=\"font-size:14px;\">H1(mm)<\/span><\/strong><\/td>\n<td style=\"text-align: center;\">\t\t\t\t<strong><span style=\"font-size:14px;\">H2(mm)<\/span><\/strong><\/td>\n<td style=\"text-align: center;\">\t\t\t\t<strong><span style=\"font-size:14px;\">m(kg)<\/span><\/strong><\/td>\n<\/tr>\n<tr>\n<td>\n<div style=\"text-align: center;\">\t\t\t\t\t200&#215;100<\/div>\n<\/td>\n<td style=\"text-align: center;\">\t\t\t\t200<\/td>\n<td style=\"text-align: center;\">\t\t\t\t100<\/td>\n<td style=\"text-align: center;\">\t\t\t\t234<\/td>\n<td style=\"text-align: center;\">\t\t\t\t276<\/td>\n<td style=\"text-align: center;\">\t\t\t\t134<\/td>\n<td style=\"text-align: center;\">\t\t\t\t176<\/td>\n<td style=\"text-align: center;\">\t\t\t\t5<\/td>\n<\/tr>\n<tr>\n<td>\n<div style=\"text-align: center;\">\t\t\t\t\t300&#215;100<\/div>\n<\/td>\n<td style=\"text-align: center;\">\t\t\t\t300<\/td>\n<td style=\"text-align: center;\">\t\t\t\t100<\/td>\n<td style=\"text-align: center;\">\t\t\t\t334<\/td>\n<td style=\"text-align: center;\">\t\t\t\t376<\/td>\n<td style=\"text-align: center;\">\t\t\t\t134<\/td>\n<td style=\"text-align: center;\">\t\t\t\t176<\/td>\n<td style=\"text-align: center;\">\t\t\t\t6<\/td>\n<\/tr>\n<tr>\n<td>\n<div style=\"text-align: center;\">\t\t\t\t\t300&#215;150<\/div>\n<\/td>\n<td style=\"text-align: center;\">\t\t\t\t300<\/td>\n<td style=\"text-align: center;\">\t\t\t\t150<\/td>\n<td style=\"text-align: center;\">\t\t\t\t334<\/td>\n<td style=\"text-align: center;\">\t\t\t\t376<\/td>\n<td style=\"text-align: center;\">\t\t\t\t184<\/td>\n<td style=\"text-align: center;\">\t\t\t\t226<\/td>\n<td style=\"text-align: center;\">\t\t\t\t7<\/td>\n<\/tr>\n<tr>\n<td>\n<div style=\"text-align: center;\">\t\t\t\t\t300&#215;200<\/div>\n<\/td>\n<td style=\"text-align: center;\">\t\t\t\t300<\/td>\n<td style=\"text-align: center;\">\t\t\t\t200<\/td>\n<td style=\"text-align: center;\">\t\t\t\t334<\/td>\n<td style=\"text-align: center;\">\t\t\t\t376<\/td>\n<td style=\"text-align: center;\">\t\t\t\t234<\/td>\n<td style=\"text-align: center;\">\t\t\t\t276<\/td>\n<td style=\"text-align: center;\">\t\t\t\t7<\/td>\n<\/tr>\n<tr>\n<td>\n<div style=\"text-align: center;\">\t\t\t\t\t400&#215;200<\/div>\n<\/td>\n<td style=\"text-align: center;\">\t\t\t\t400<\/td>\n<td style=\"text-align: center;\">\t\t\t\t200<\/td>\n<td style=\"text-align: center;\">\t\t\t\t434<\/td>\n<td style=\"text-align: center;\">\t\t\t\t476<\/td>\n<td style=\"text-align: center;\">\t\t\t\t234<\/td>\n<td style=\"text-align: center;\">\t\t\t\t276<\/td>\n<td style=\"text-align: center;\">\t\t\t\t9<\/td>\n<\/tr>\n<tr>\n<td>\n<div style=\"text-align: center;\">\t\t\t\t\t400&#215;250<\/div>\n<\/td>\n<td style=\"text-align: center;\">\t\t\t\t400<\/td>\n<td style=\"text-align: center;\">\t\t\t\t250<\/td>\n<td style=\"text-align: center;\">\t\t\t\t434<\/td>\n<td style=\"text-align: center;\">\t\t\t\t476<\/td>\n<td style=\"text-align: center;\">\t\t\t\t284<\/td>\n<td style=\"text-align: center;\">\t\t\t\t326<\/td>\n<td style=\"text-align: center;\">\t\t\t\t10<\/td>\n<\/tr>\n<tr>\n<td>\n<div style=\"text-align: center;\">\t\t\t\t\t400&#215;300<\/div>\n<\/td>\n<td style=\"text-align: center;\">\t\t\t\t400<\/td>\n<td style=\"text-align: center;\">\t\t\t\t300<\/td>\n<td style=\"text-align: center;\">\t\t\t\t434<\/td>\n<td style=\"text-align: center;\">\t\t\t\t476<\/td>\n<td style=\"text-align: center;\">\t\t\t\t334<\/td>\n<td style=\"text-align: center;\">\t\t\t\t376<\/td>\n<td style=\"text-align: center;\">\t\t\t\t12<\/td>\n<\/tr>\n<tr>\n<td>\n<div style=\"text-align: center;\">\t\t\t\t\t400&#215;400<\/div>\n<\/td>\n<td style=\"text-align: center;\">\t\t\t\t400<\/td>\n<td style=\"text-align: center;\">\t\t\t\t400<\/td>\n<td style=\"text-align: center;\">\t\t\t\t434<\/td>\n<td style=\"text-align: center;\">\t\t\t\t476<\/td>\n<td style=\"text-align: center;\">\t\t\t\t434<\/td>\n<td style=\"text-align: center;\">\t\t\t\t476<\/td>\n<td style=\"text-align: center;\">\t\t\t\t18<\/td>\n<\/tr>\n<tr>\n<td>\n<div style=\"text-align: center;\">\t\t\t\t\t500&#215;200<\/div>\n<\/td>\n<td style=\"text-align: center;\">\t\t\t\t500<\/td>\n<td style=\"text-align: center;\">\t\t\t\t200<\/td>\n<td style=\"text-align: center;\">\t\t\t\t534<\/td>\n<td style=\"text-align: center;\">\t\t\t\t576<\/td>\n<td style=\"text-align: center;\">\t\t\t\t234<\/td>\n<td style=\"text-align: center;\">\t\t\t\t276<\/td>\n<td style=\"text-align: center;\">\t\t\t\t11<\/td>\n<\/tr>\n<tr>\n<td>\n<div style=\"text-align: center;\">\t\t\t\t\t500&#215;250<\/div>\n<\/td>\n<td style=\"text-align: center;\">\t\t\t\t500<\/td>\n<td style=\"text-align: center;\">\t\t\t\t250<\/td>\n<td style=\"text-align: center;\">\t\t\t\t534<\/td>\n<td style=\"text-align: center;\">\t\t\t\t576<\/td>\n<td style=\"text-align: center;\">\t\t\t\t284<\/td>\n<td style=\"text-align: center;\">\t\t\t\t326<\/td>\n<td style=\"text-align: center;\">\t\t\t\t12<\/td>\n<\/tr>\n<tr>\n<td>\n<div style=\"text-align: center;\">\t\t\t\t\t500&#215;300<\/div>\n<\/td>\n<td style=\"text-align: center;\">\t\t\t\t500<\/td>\n<td style=\"text-align: center;\">\t\t\t\t300<\/td>\n<td style=\"text-align: center;\">\t\t\t\t534<\/td>\n<td style=\"text-align: center;\">\t\t\t\t576<\/td>\n<td style=\"text-align: center;\">\t\t\t\t334<\/td>\n<td style=\"text-align: center;\">\t\t\t\t376<\/td>\n<td style=\"text-align: center;\">\t\t\t\t13<\/td>\n<\/tr>\n<tr>\n<td>\n<div style=\"text-align: center;\">\t\t\t\t\t500&#215;400<\/div>\n<\/td>\n<td style=\"text-align: center;\">\t\t\t\t500<\/td>\n<td style=\"text-align: center;\">\t\t\t\t400<\/td>\n<td style=\"text-align: center;\">\t\t\t\t534<\/td>\n<td style=\"text-align: center;\">\t\t\t\t576<\/td>\n<td style=\"text-align: center;\">\t\t\t\t434<\/td>\n<td style=\"text-align: center;\">\t\t\t\t476<\/td>\n<td style=\"text-align: center;\">\t\t\t\t18<\/td>\n<\/tr>\n<tr>\n<td>\n<div style=\"text-align: center;\">\t\t\t\t\t500&#215;500<\/div>\n<\/td>\n<td style=\"text-align: center;\">\t\t\t\t500<\/td>\n<td style=\"text-align: center;\">\t\t\t\t500<\/td>\n<td style=\"text-align: center;\">\t\t\t\t534<\/td>\n<td style=\"text-align: center;\">\t\t\t\t576<\/td>\n<td style=\"text-align: center;\">\t\t\t\t534<\/td>\n<td style=\"text-align: center;\">\t\t\t\t576<\/td>\n<td style=\"text-align: center;\">\t\t\t\t19<\/td>\n<\/tr>\n<tr>\n<td>\n<div style=\"text-align: center;\">\t\t\t\t\t600&#215;200<\/div>\n<\/td>\n<td style=\"text-align: center;\">\t\t\t\t600<\/td>\n<td style=\"text-align: center;\">\t\t\t\t200<\/td>\n<td style=\"text-align: center;\">\t\t\t\t634<\/td>\n<td style=\"text-align: center;\">\t\t\t\t676<\/td>\n<td style=\"text-align: center;\">\t\t\t\t234<\/td>\n<td style=\"text-align: center;\">\t\t\t\t276<\/td>\n<td style=\"text-align: center;\">\t\t\t\t13<\/td>\n<\/tr>\n<tr>\n<td>\n<div style=\"text-align: center;\">\t\t\t\t\t600&#215;250<\/div>\n<\/td>\n<td style=\"text-align: center;\">\t\t\t\t600<\/td>\n<td style=\"text-align: center;\">\t\t\t\t250<\/td>\n<td style=\"text-align: center;\">\t\t\t\t634<\/td>\n<td style=\"text-align: center;\">\t\t\t\t676<\/td>\n<td style=\"text-align: center;\">\t\t\t\t284<\/td>\n<td style=\"text-align: center;\">\t\t\t\t326<\/td>\n<td style=\"text-align: center;\">\t\t\t\t14<\/td>\n<\/tr>\n<tr>\n<td>\n<div style=\"text-align: center;\">\t\t\t\t\t600&#215;300<\/div>\n<\/td>\n<td style=\"text-align: center;\">\t\t\t\t600<\/td>\n<td style=\"text-align: center;\">\t\t\t\t300<\/td>\n<td style=\"text-align: center;\">\t\t\t\t634<\/td>\n<td style=\"text-align: center;\">\t\t\t\t676<\/td>\n<td style=\"text-align: center;\">\t\t\t\t334<\/td>\n<td style=\"text-align: center;\">\t\t\t\t376<\/td>\n<td style=\"text-align: center;\">\t\t\t\t15<\/td>\n<\/tr>\n<tr>\n<td>\n<div style=\"text-align: center;\">\t\t\t\t\t600&#215;400<\/div>\n<\/td>\n<td style=\"text-align: center;\">\t\t\t\t600<\/td>\n<td style=\"text-align: center;\">\t\t\t\t400<\/td>\n<td style=\"text-align: center;\">\t\t\t\t634<\/td>\n<td style=\"text-align: center;\">\t\t\t\t676<\/td>\n<td style=\"text-align: center;\">\t\t\t\t434<\/td>\n<td style=\"text-align: center;\">\t\t\t\t476<\/td>\n<td style=\"text-align: center;\">\t\t\t\t18<\/td>\n<\/tr>\n<tr>\n<td>\n<div style=\"text-align: center;\">\t\t\t\t\t600&#215;500<\/div>\n<\/td>\n<td style=\"text-align: center;\">\t\t\t\t600<\/td>\n<td style=\"text-align: center;\">\t\t\t\t500<\/td>\n<td style=\"text-align: center;\">\t\t\t\t634<\/td>\n<td style=\"text-align: center;\">\t\t\t\t676<\/td>\n<td style=\"text-align: center;\">\t\t\t\t534<\/td>\n<td style=\"text-align: center;\">\t\t\t\t576<\/td>\n<td style=\"text-align: center;\">\t\t\t\t19<\/td>\n<\/tr>\n<tr>\n<td style=\"text-align: center;\">\t\t\t\t600&#215;600<\/td>\n<td style=\"text-align: center;\">\t\t\t\t600<\/td>\n<td style=\"text-align: center;\">\t\t\t\t600<\/td>\n<td style=\"text-align: center;\">\t\t\t\t634<\/td>\n<td style=\"text-align: center;\">\t\t\t\t676<\/td>\n<td style=\"text-align: center;\">\t\t\t\t536<\/td>\n<td style=\"text-align: center;\">\t\t\t\t676<\/td>\n<td style=\"text-align: center;\">\t\t\t\t20<\/td>\n<\/tr>\n<\/tbody>\n<\/table>\n<p><\/p>\n<table id=\"biaoge\" align=\"center\" border=\"0\" cellpadding=\"1\" cellspacing=\"1\">\n<tbody>\n<tr>\n<td>\t\t\t\t<span style=\"font-size:14px;\"><strong><span style=\"font-size:16px;\">Caracter\u00edstica<\/span><\/strong><\/span>\t\t\t\t<\/p>\n<div>\t\t\t\t\t<span style=\"font-size:14px;\">Alimentaci\u00f3n mec\u00e1nica del sistema, sin fuente de alimentaci\u00f3n externa<\/span><\/div>\n<div>\t\t\t\t\t<span style=\"font-size:14px;\">Adecuado para impulsi\u00f3n o retorno de aire<\/span><\/div>\n<div>\t\t\t\t\t<span style=\"font-size:14px;\">caudal volum\u00e9trico 4:1<\/span><\/div>\n<div>\t\t\t\t\t<span style=\"font-size:14px;\">Ajuste del caudal mediante puntero en escala externa,precisi\u00f3n de la escala aproximadamente \u00b14%<\/span><\/div>\n<div>\t\t\t\t\t<span style=\"font-size:14px;\">Rango de presi\u00f3n diferencial de 50 a 1000 Pa<\/span><\/div>\n<div>\t\t\t\t\t<span style=\"font-size:14px;\">Ajuste del caudal mediante puntero en escala externa<\/span>\t\t\t\t\t<\/p>\n<div>\t\t\t\t\t\t<span style=\"font-size:14px;\">Los mecanismos de la compuerta no necesitan mantenimiento<\/span><\/div>\n<div>\t\t\t\t\t\t<span style=\"font-size:14px;\">Rango de temperaturas de funcionamiento 10\u00b0C a 50\u00b0C<\/span><\/div>\n<div>\t\t\t\t\t\t<span style=\"font-size:14px;\">Selecci\u00f3n en funci\u00f3n del tama\u00f1o nominal del sistema de conductos<\/span><\/div>\n<div>\t\t\t\t\t\t<span style=\"font-size:14px;\">ajuste de baja velocidad sin herramientas especiales<\/span><\/div>\n<div>\t\t\t\t\t\t<span style=\"font-size:14px;\">Para requisitos de ruido m\u00e1s estrictos puede utilizarse el silenciador<\/span><\/div>\n<\/p><\/div>\n<\/td>\n<\/tr>\n<\/tbody>\n<\/table>\n<div style=\"text-align: center;\">\t<img decoding=\"async\" alt=\"\" src=\"\/wp-content\/uploads\/2024\/05\/2-200309112Q2294.jpg\" style=\"width: 570px; height: 300px;\" \/><\/div>\n<\/div>","protected":false},"excerpt":{"rendered":"<p>Control de caudal de volumen constante<\/p>","protected":false},"featured_media":10178,"comment_status":"closed","ping_status":"closed","template":"","meta":[],"etheme_brands":[],"product_brand":[],"product_cat":[53],"product_tag":[],"class_list":{"0":"post-10176","1":"product","2":"type-product","3":"status-publish","4":"has-post-thumbnail","6":"product_cat-duct-fitting","8":"first","9":"instock","10":"shipping-taxable","11":"product-type-simple"},"_links":{"self":[{"href":"https:\/\/chinafore.com\/es\/wp-json\/wp\/v2\/product\/10176","targetHints":{"allow":["GET"]}}],"collection":[{"href":"https:\/\/chinafore.com\/es\/wp-json\/wp\/v2\/product"}],"about":[{"href":"https:\/\/chinafore.com\/es\/wp-json\/wp\/v2\/types\/product"}],"replies":[{"embeddable":true,"href":"https:\/\/chinafore.com\/es\/wp-json\/wp\/v2\/comments?post=10176"}],"version-history":[{"count":1,"href":"https:\/\/chinafore.com\/es\/wp-json\/wp\/v2\/product\/10176\/revisions"}],"predecessor-version":[{"id":11530,"href":"https:\/\/chinafore.com\/es\/wp-json\/wp\/v2\/product\/10176\/revisions\/11530"}],"wp:featuredmedia":[{"embeddable":true,"href":"https:\/\/chinafore.com\/es\/wp-json\/wp\/v2\/media\/10178"}],"wp:attachment":[{"href":"https:\/\/chinafore.com\/es\/wp-json\/wp\/v2\/media?parent=10176"}],"wp:term":[{"taxonomy":"brand","embeddable":true,"href":"https:\/\/chinafore.com\/es\/wp-json\/wp\/v2\/etheme_brands?post=10176"},{"taxonomy":"product_brand","embeddable":true,"href":"https:\/\/chinafore.com\/es\/wp-json\/wp\/v2\/product_brand?post=10176"},{"taxonomy":"product_cat","embeddable":true,"href":"https:\/\/chinafore.com\/es\/wp-json\/wp\/v2\/product_cat?post=10176"},{"taxonomy":"product_tag","embeddable":true,"href":"https:\/\/chinafore.com\/es\/wp-json\/wp\/v2\/product_tag?post=10176"}],"curies":[{"name":"wp","href":"https:\/\/api.w.org\/{rel}","templated":true}]}}