{"id":10168,"date":"2024-05-30T12:26:00","date_gmt":"2024-05-30T12:26:00","guid":{"rendered":"https:\/\/green-giraffe-671934.hostingersite.com\/?post_type=product&#038;p=10168"},"modified":"2024-12-05T08:46:35","modified_gmt":"2024-12-05T08:46:35","slug":"motorized-damper","status":"publish","type":"product","link":"https:\/\/chinafore.com\/es\/producto\/compuerta-motorizada\/","title":{"rendered":"Amortiguador motorizado"},"content":{"rendered":"<div class=\"container-text\">\n<div style=\"text-align: center;\">\t<strong><span style=\"font-size:36px;\">Amortiguador motorizado<\/span><\/strong><\/p>\n<p>\t<strong><span style=\"font-size:26px;\">MD<\/span><\/strong><\/p>\n<p>\t<img decoding=\"async\" alt=\"\" src=\"\/wp-content\/uploads\/2024\/05\/2-200309130631394.jpg\" \/><\/p>\n<table id=\"biaoge\" align=\"center\" border=\"1\" cellpadding=\"1\" cellspacing=\"1\">\n<tbody>\n<tr>\n<td>\t\t\t\t\t<strong><span style=\"font-size:14px;\">Talla<\/span><\/strong><\/td>\n<td>\t\t\t\t\t<strong><span style=\"font-size:14px;\">L(mm)<\/span><\/strong><\/td>\n<td>\t\t\t\t\t<strong><span style=\"font-size:14px;\">H(mm)<\/span><\/strong><\/td>\n<td>\t\t\t\t\t<strong><span style=\"font-size:14px;\">\u03a6D(mm)<\/span><\/strong><\/td>\n<\/tr>\n<tr>\n<td>\t\t\t\t\t4\"<\/td>\n<td>\t\t\t\t\t34<\/td>\n<td>\t\t\t\t\t250<\/td>\n<td>\t\t\t\t\t100.6<\/td>\n<\/tr>\n<tr>\n<td>\t\t\t\t\t5\"<\/td>\n<td>\t\t\t\t\t34<\/td>\n<td>\t\t\t\t\t250<\/td>\n<td>\t\t\t\t\t126<\/td>\n<\/tr>\n<tr>\n<td>\t\t\t\t\t6\"<\/td>\n<td>\t\t\t\t\t34<\/td>\n<td>\t\t\t\t\t250<\/td>\n<td>\t\t\t\t\t151.4<\/td>\n<\/tr>\n<tr>\n<td>\t\t\t\t\t8\"<\/td>\n<td>\t\t\t\t\t34<\/td>\n<td>\t\t\t\t\t250<\/td>\n<td>\t\t\t\t\t202.2<\/td>\n<\/tr>\n<tr>\n<td>\t\t\t\t\t10\"<\/td>\n<td>\t\t\t\t\t34<\/td>\n<td>\t\t\t\t\t250<\/td>\n<td>\t\t\t\t\t253.0<\/td>\n<\/tr>\n<tr>\n<td>\t\t\t\t\t12\"<\/td>\n<td>\t\t\t\t\t34<\/td>\n<td>\t\t\t\t\t300<\/td>\n<td>\t\t\t\t\t303.8<\/td>\n<\/tr>\n<tr>\n<td>\t\t\t\t\t14\"<\/td>\n<td>\t\t\t\t\t55<\/td>\n<td>\t\t\t\t\t355.6<\/td>\n<td>\t\t\t\t\t354.6<\/td>\n<\/tr>\n<tr>\n<td>\t\t\t\t\t18\"<\/td>\n<td>\t\t\t\t\t55<\/td>\n<td>\t\t\t\t\t406.4<\/td>\n<td>\t\t\t\t\t405.4<\/td>\n<\/tr>\n<\/tbody>\n<\/table>\n<p>\t<\/p>\n<table id=\"biaoge\" align=\"center\" border=\"0\" cellpadding=\"1\" cellspacing=\"1\">\n<tbody>\n<tr>\n<td>\n<div style=\"text-align: left;\">\t\t\t\t\t\t<strong><span style=\"font-size:16px;\">Caracter\u00edstica<\/span><\/strong><\/div>\n<div style=\"text-align: left;\">\t\t\t\t\t\t<span style=\"font-size:14px;\">Motor de CA de 24 voltios y 60 Hz<\/span><\/div>\n<div style=\"text-align: left;\">\t\t\t\t\t\t<span style=\"font-size:14px;\">Compuerta normalmente cerrada<\/span><\/div>\n<div style=\"text-align: left;\">\t\t\t\t\t\t<span style=\"font-size:14px;\">Se abre autom\u00e1ticamente cuando se activan los extractores.<\/span><\/div>\n<div style=\"text-align: left;\">\t\t\t\t\t\t<span style=\"font-size:14px;\">La espuma sellada minimiza las fugas de aire<\/span><\/div>\n<div style=\"text-align: left;\">\t\t\t\t\t\t<span style=\"font-size:14px;\">Escala de ajuste de la compuerta para ajustar el equilibrado<\/span><\/div>\n<div style=\"text-align: left;\">\t\t\t\t\t\t<span style=\"font-size:14px;\">Tama\u00f1o disponible 6\"\u30018\"\u300110\"<\/span><\/p>\n<div>\t\t\t\t\t\t\t<span style=\"font-size:14px;\">La compuerta autom\u00e1tica de aire de reposici\u00f3n proporciona un funcionamiento interbloqueado de la compuerta para que el aire exterior s\u00f3lo pueda entrar en la vivienda cuando est\u00e9 funcionando un ventilador o una campana conectados.<\/span><\/div>\n<\/p><\/div>\n<\/td>\n<\/tr>\n<\/tbody>\n<\/table>\n<div style=\"text-align: center;\">\t<img decoding=\"async\" alt=\"\" src=\"\/wp-content\/uploads\/2024\/05\/2-200309132046336.jpg\" style=\"width: 570px; height: 300px;\" \/><\/div>\n<\/div>","protected":false},"excerpt":{"rendered":"<p>Amortiguador motorizado<\/p>","protected":false},"featured_media":10170,"comment_status":"closed","ping_status":"closed","template":"","meta":[],"etheme_brands":[],"product_brand":[],"product_cat":[53],"product_tag":[],"class_list":{"0":"post-10168","1":"product","2":"type-product","3":"status-publish","4":"has-post-thumbnail","6":"product_cat-duct-fitting","8":"first","9":"instock","10":"shipping-taxable","11":"product-type-simple"},"_links":{"self":[{"href":"https:\/\/chinafore.com\/es\/wp-json\/wp\/v2\/product\/10168","targetHints":{"allow":["GET"]}}],"collection":[{"href":"https:\/\/chinafore.com\/es\/wp-json\/wp\/v2\/product"}],"about":[{"href":"https:\/\/chinafore.com\/es\/wp-json\/wp\/v2\/types\/product"}],"replies":[{"embeddable":true,"href":"https:\/\/chinafore.com\/es\/wp-json\/wp\/v2\/comments?post=10168"}],"version-history":[{"count":1,"href":"https:\/\/chinafore.com\/es\/wp-json\/wp\/v2\/product\/10168\/revisions"}],"predecessor-version":[{"id":11522,"href":"https:\/\/chinafore.com\/es\/wp-json\/wp\/v2\/product\/10168\/revisions\/11522"}],"wp:featuredmedia":[{"embeddable":true,"href":"https:\/\/chinafore.com\/es\/wp-json\/wp\/v2\/media\/10170"}],"wp:attachment":[{"href":"https:\/\/chinafore.com\/es\/wp-json\/wp\/v2\/media?parent=10168"}],"wp:term":[{"taxonomy":"brand","embeddable":true,"href":"https:\/\/chinafore.com\/es\/wp-json\/wp\/v2\/etheme_brands?post=10168"},{"taxonomy":"product_brand","embeddable":true,"href":"https:\/\/chinafore.com\/es\/wp-json\/wp\/v2\/product_brand?post=10168"},{"taxonomy":"product_cat","embeddable":true,"href":"https:\/\/chinafore.com\/es\/wp-json\/wp\/v2\/product_cat?post=10168"},{"taxonomy":"product_tag","embeddable":true,"href":"https:\/\/chinafore.com\/es\/wp-json\/wp\/v2\/product_tag?post=10168"}],"curies":[{"name":"wp","href":"https:\/\/api.w.org\/{rel}","templated":true}]}}