{"id":10152,"date":"2024-05-30T12:26:00","date_gmt":"2024-05-30T12:26:00","guid":{"rendered":"https:\/\/green-giraffe-671934.hostingersite.com\/?post_type=product&#038;p=10152"},"modified":"2024-12-05T08:46:32","modified_gmt":"2024-12-05T08:46:32","slug":"circular-sound-attenuators","status":"publish","type":"product","link":"https:\/\/chinafore.com\/es\/producto\/atenuadores-acusticos-circulares\/","title":{"rendered":"Atenuadores ac\u00fasticos circulares"},"content":{"rendered":"<div class=\"container-text\">\n<div style=\"text-align: center;\">\t<strong><span style=\"font-size:36px;\">Atenuadores ac\u00fasticos circulares<\/span><\/strong><\/p>\n<p>\t<strong><span style=\"font-size:26px;\">SA<\/span><\/strong><\/p>\n<p>\t<img decoding=\"async\" alt=\"\" src=\"\/wp-content\/uploads\/2024\/05\/2-2003091AFK42.jpg\" \/><\/p>\n<table id=\"biaoge\" align=\"center\" border=\"1\" cellpadding=\"1\" cellspacing=\"1\">\n<caption>\t\t\t<span style=\"font-size:16px;\"><strong>Dimensiones<\/strong><\/span><\/caption>\n<tbody>\n<tr>\n<td>\t\t\t\t\t<strong><span style=\"font-size:14px;\">Tipo<\/span><\/strong><\/td>\n<td>\t\t\t\t\t<strong><span style=\"font-size:14px;\">\u03a6D[mm]<\/span><\/strong><\/td>\n<td>\t\t\t\t\t<strong><span style=\"font-size:14px;\">\u03a6d[mm]<\/span><\/strong><\/td>\n<td>\t\t\t\t\t<strong><span style=\"font-size:14px;\">L[mm]<\/span><\/strong><\/td>\n<\/tr>\n<tr>\n<td>\t\t\t\t\tSA100 L=900<\/td>\n<td>\t\t\t\t\t200<\/td>\n<td>\t\t\t\t\t100<\/td>\n<td>\t\t\t\t\t900<\/td>\n<\/tr>\n<tr>\n<td>\t\t\t\t\tSA125 L=600<\/td>\n<td>\t\t\t\t\t200<\/td>\n<td>\t\t\t\t\t125<\/td>\n<td>\t\t\t\t\t600<\/td>\n<\/tr>\n<tr>\n<td>\t\t\t\t\tSA125 L=900<\/td>\n<td>\t\t\t\t\t200<\/td>\n<td>\t\t\t\t\t125<\/td>\n<td>\t\t\t\t\t900<\/td>\n<\/tr>\n<tr>\n<td>\t\t\t\t\tSA150 L=600<\/td>\n<td>\t\t\t\t\t250<\/td>\n<td>\t\t\t\t\t150<\/td>\n<td>\t\t\t\t\t600<\/td>\n<\/tr>\n<tr>\n<td>\t\t\t\t\tSA150 L=900<\/td>\n<td>\t\t\t\t\t250<\/td>\n<td>\t\t\t\t\t150<\/td>\n<td>\t\t\t\t\t900<\/td>\n<\/tr>\n<tr>\n<td>\t\t\t\t\tSA160 L=600<\/td>\n<td>\t\t\t\t\t250<\/td>\n<td>\t\t\t\t\t160<\/td>\n<td>\t\t\t\t\t600<\/td>\n<\/tr>\n<tr>\n<td>\t\t\t\t\tSA160 L=900<\/td>\n<td>\t\t\t\t\t250<\/td>\n<td>\t\t\t\t\t160<\/td>\n<td>\t\t\t\t\t900<\/td>\n<\/tr>\n<tr>\n<td>\t\t\t\t\tSA180 L=600<\/td>\n<td>\t\t\t\t\t315<\/td>\n<td>\t\t\t\t\t180<\/td>\n<td>\t\t\t\t\t600<\/td>\n<\/tr>\n<tr>\n<td>\t\t\t\t\tSA180 L=900<\/td>\n<td>\t\t\t\t\t315<\/td>\n<td>\t\t\t\t\t180<\/td>\n<td>\t\t\t\t\t900<\/td>\n<\/tr>\n<tr>\n<td>\t\t\t\t\tSA200 L=900<\/td>\n<td>\t\t\t\t\t315<\/td>\n<td>\t\t\t\t\t200<\/td>\n<td>\t\t\t\t\t900<\/td>\n<\/tr>\n<tr>\n<td>\t\t\t\t\tSA250 L=900<\/td>\n<td>\t\t\t\t\t400<\/td>\n<td>\t\t\t\t\t250<\/td>\n<td>\t\t\t\t\t900<\/td>\n<\/tr>\n<tr>\n<td>\t\t\t\t\tSA315 L=900<\/td>\n<td>\t\t\t\t\t500<\/td>\n<td>\t\t\t\t\t315<\/td>\n<td>\t\t\t\t\t900<\/td>\n<\/tr>\n<tr>\n<td>\t\t\t\t\tSA355 L=900<\/td>\n<td>\t\t\t\t\t500<\/td>\n<td>\t\t\t\t\t355<\/td>\n<td>\t\t\t\t\t900<\/td>\n<\/tr>\n<tr>\n<td>\t\t\t\t\tSA400 L=900<\/td>\n<td>\t\t\t\t\t630<\/td>\n<td>\t\t\t\t\t400<\/td>\n<td>\t\t\t\t\t900<\/td>\n<\/tr>\n<tr>\n<td>\t\t\t\t\tSA450 L=900<\/td>\n<td>\t\t\t\t\t630<\/td>\n<td>\t\t\t\t\t450<\/td>\n<td>\t\t\t\t\t900<\/td>\n<\/tr>\n<tr>\n<td>\t\t\t\t\tSA500 L=1200<\/td>\n<td>\t\t\t\t\t630<\/td>\n<td>\t\t\t\t\t500<\/td>\n<td>\t\t\t\t\t1200<\/td>\n<\/tr>\n<tr>\n<td>\t\t\t\t\tSA560 L=1200<\/td>\n<td>\t\t\t\t\t800<\/td>\n<td>\t\t\t\t\t560<\/td>\n<td>\t\t\t\t\t1200<\/td>\n<\/tr>\n<tr>\n<td>\t\t\t\t\tSA630 L=1200<\/td>\n<td>\t\t\t\t\t800<\/td>\n<td>\t\t\t\t\t630<\/td>\n<td>\t\t\t\t\t1200<\/td>\n<\/tr>\n<\/tbody>\n<\/table>\n<\/div>\n<table id=\"biaoge\" align=\"center\" border=\"1\" cellpadding=\"1\" cellspacing=\"1\">\n<caption>\t\t<strong><span style=\"font-size:16px;\">Atenuaci\u00f3n ac\u00fastica<\/span><\/strong><\/caption>\n<tbody>\n<tr>\n<td colspan=\"1\" rowspan=\"2\" style=\"text-align: center;\">\t\t\t\t<strong><span style=\"font-size:14px;\">Tipo<\/span><\/strong><\/td>\n<td colspan=\"7\" rowspan=\"1\" style=\"text-align: center;\">\t\t\t\t<strong><span style=\"font-size:14px;\">Atenuaci\u00f3n dB<\/span><\/strong><\/td>\n<\/tr>\n<tr>\n<td style=\"text-align: center;\">\t\t\t\t<strong><span style=\"font-size:14px;\">125[Hz]<\/span><\/strong><\/td>\n<td style=\"text-align: center;\">\t\t\t\t<strong><span style=\"font-size:14px;\">250[Hz]<\/span><\/strong><\/td>\n<td style=\"text-align: center;\">\t\t\t\t<strong><span style=\"font-size:14px;\">500[Hz]<\/span><\/strong><\/td>\n<td style=\"text-align: center;\">\t\t\t\t<strong><span style=\"font-size:14px;\">1k[Hz]<\/span><\/strong><\/td>\n<td style=\"text-align: center;\">\t\t\t\t<strong><span style=\"font-size:14px;\">2k[Hz]<\/span><\/strong><\/td>\n<td style=\"text-align: center;\">\t\t\t\t<strong><span style=\"font-size:14px;\">4k[Hz]<\/span><\/strong><\/td>\n<td style=\"text-align: center;\">\t\t\t\t<strong><span style=\"font-size:14px;\">8k[Hz]<\/span><\/strong><\/td>\n<\/tr>\n<tr>\n<td style=\"text-align: center;\">\t\t\t\tSA100 L=900<\/td>\n<td style=\"text-align: center;\">\t\t\t\t8<\/td>\n<td style=\"text-align: center;\">\t\t\t\t15<\/td>\n<td style=\"text-align: center;\">\t\t\t\t27<\/td>\n<td style=\"text-align: center;\">\t\t\t\t36<\/td>\n<td style=\"text-align: center;\">\t\t\t\t42<\/td>\n<td style=\"text-align: center;\">\t\t\t\t47<\/td>\n<td style=\"text-align: center;\">\t\t\t\t24<\/td>\n<\/tr>\n<tr>\n<td style=\"text-align: center;\">\t\t\t\tSA125 L=600<\/td>\n<td style=\"text-align: center;\">\t\t\t\t6<\/td>\n<td style=\"text-align: center;\">\t\t\t\t12<\/td>\n<td style=\"text-align: center;\">\t\t\t\t22<\/td>\n<td style=\"text-align: center;\">\t\t\t\t28<\/td>\n<td style=\"text-align: center;\">\t\t\t\t37<\/td>\n<td style=\"text-align: center;\">\t\t\t\t38<\/td>\n<td style=\"text-align: center;\">\t\t\t\t22<\/td>\n<\/tr>\n<tr>\n<td style=\"text-align: center;\">\t\t\t\tSA125 L=900<\/td>\n<td style=\"text-align: center;\">\t\t\t\t9<\/td>\n<td style=\"text-align: center;\">\t\t\t\t18<\/td>\n<td style=\"text-align: center;\">\t\t\t\t30<\/td>\n<td style=\"text-align: center;\">\t\t\t\t40<\/td>\n<td style=\"text-align: center;\">\t\t\t\t48<\/td>\n<td style=\"text-align: center;\">\t\t\t\t43<\/td>\n<td style=\"text-align: center;\">\t\t\t\t24<\/td>\n<\/tr>\n<tr>\n<td style=\"text-align: center;\">\t\t\t\tSA150 L=600<\/td>\n<td style=\"text-align: center;\">\t\t\t\t4<\/td>\n<td style=\"text-align: center;\">\t\t\t\t9<\/td>\n<td style=\"text-align: center;\">\t\t\t\t17<\/td>\n<td style=\"text-align: center;\">\t\t\t\t2<\/td>\n<td style=\"text-align: center;\">\t\t\t\t32<\/td>\n<td style=\"text-align: center;\">\t\t\t\t29<\/td>\n<td style=\"text-align: center;\">\t\t\t\t18<\/td>\n<\/tr>\n<tr>\n<td style=\"text-align: center;\">\t\t\t\tSA150 L=900<\/td>\n<td style=\"text-align: center;\">\t\t\t\t7<\/td>\n<td style=\"text-align: center;\">\t\t\t\t15<\/td>\n<td style=\"text-align: center;\">\t\t\t\t20<\/td>\n<td style=\"text-align: center;\">\t\t\t\t35<\/td>\n<td style=\"text-align: center;\">\t\t\t\t45<\/td>\n<td style=\"text-align: center;\">\t\t\t\t36<\/td>\n<td style=\"text-align: center;\">\t\t\t\t20<\/td>\n<\/tr>\n<tr>\n<td style=\"text-align: center;\">\t\t\t\tSA160 L=600<\/td>\n<td style=\"text-align: center;\">\t\t\t\t5<\/td>\n<td style=\"text-align: center;\">\t\t\t\t10<\/td>\n<td style=\"text-align: center;\">\t\t\t\t18<\/td>\n<td style=\"text-align: center;\">\t\t\t\t23<\/td>\n<td style=\"text-align: center;\">\t\t\t\t33<\/td>\n<td style=\"text-align: center;\">\t\t\t\t30<\/td>\n<td style=\"text-align: center;\">\t\t\t\t19<\/td>\n<\/tr>\n<tr>\n<td style=\"text-align: center;\">\t\t\t\tSA160 L=900<\/td>\n<td style=\"text-align: center;\">\t\t\t\t8<\/td>\n<td style=\"text-align: center;\">\t\t\t\t16<\/td>\n<td style=\"text-align: center;\">\t\t\t\t27<\/td>\n<td style=\"text-align: center;\">\t\t\t\t36<\/td>\n<td style=\"text-align: center;\">\t\t\t\t48<\/td>\n<td style=\"text-align: center;\">\t\t\t\t37<\/td>\n<td style=\"text-align: center;\">\t\t\t\t21<\/td>\n<\/tr>\n<tr>\n<td style=\"text-align: center;\">\t\t\t\tSA180 L=600<\/td>\n<td style=\"text-align: center;\">\t\t\t\t6<\/td>\n<td style=\"text-align: center;\">\t\t\t\t90<\/td>\n<td style=\"text-align: center;\">\t\t\t\t17<\/td>\n<td style=\"text-align: center;\">\t\t\t\t22<\/td>\n<td style=\"text-align: center;\">\t\t\t\t32<\/td>\n<td style=\"text-align: center;\">\t\t\t\t29<\/td>\n<td style=\"text-align: center;\">\t\t\t\t18<\/td>\n<\/tr>\n<tr>\n<td style=\"text-align: center;\">\t\t\t\tSA180 L=900<\/td>\n<td style=\"text-align: center;\">\t\t\t\t9<\/td>\n<td style=\"text-align: center;\">\t\t\t\t15<\/td>\n<td style=\"text-align: center;\">\t\t\t\t26<\/td>\n<td style=\"text-align: center;\">\t\t\t\t35<\/td>\n<td style=\"text-align: center;\">\t\t\t\t46<\/td>\n<td style=\"text-align: center;\">\t\t\t\t36<\/td>\n<td style=\"text-align: center;\">\t\t\t\t20<\/td>\n<\/tr>\n<tr>\n<td style=\"text-align: center;\">\t\t\t\tSA200 L=900<\/td>\n<td style=\"text-align: center;\">\t\t\t\t7<\/td>\n<td style=\"text-align: center;\">\t\t\t\t13<\/td>\n<td style=\"text-align: center;\">\t\t\t\t24<\/td>\n<td style=\"text-align: center;\">\t\t\t\t31<\/td>\n<td style=\"text-align: center;\">\t\t\t\t44<\/td>\n<td style=\"text-align: center;\">\t\t\t\t31<\/td>\n<td style=\"text-align: center;\">\t\t\t\t20<\/td>\n<\/tr>\n<tr>\n<td style=\"text-align: center;\">\t\t\t\tSA250 L=900<\/td>\n<td style=\"text-align: center;\">\t\t\t\t8<\/td>\n<td style=\"text-align: center;\">\t\t\t\t15<\/td>\n<td style=\"text-align: center;\">\t\t\t\t29<\/td>\n<td style=\"text-align: center;\">\t\t\t\t34<\/td>\n<td style=\"text-align: center;\">\t\t\t\t47<\/td>\n<td style=\"text-align: center;\">\t\t\t\t33<\/td>\n<td style=\"text-align: center;\">\t\t\t\t17<\/td>\n<\/tr>\n<tr>\n<td style=\"text-align: center;\">\t\t\t\tSA315 L=900<\/td>\n<td style=\"text-align: center;\">\t\t\t\t6<\/td>\n<td style=\"text-align: center;\">\t\t\t\t12<\/td>\n<td style=\"text-align: center;\">\t\t\t\t22<\/td>\n<td style=\"text-align: center;\">\t\t\t\t24<\/td>\n<td style=\"text-align: center;\">\t\t\t\t36<\/td>\n<td style=\"text-align: center;\">\t\t\t\t26<\/td>\n<td style=\"text-align: center;\">\t\t\t\t19<\/td>\n<\/tr>\n<tr>\n<td style=\"text-align: center;\">\t\t\t\tSA355 L=900<\/td>\n<td style=\"text-align: center;\">\t\t\t\t7<\/td>\n<td style=\"text-align: center;\">\t\t\t\t13<\/td>\n<td style=\"text-align: center;\">\t\t\t\t21<\/td>\n<td style=\"text-align: center;\">\t\t\t\t25<\/td>\n<td style=\"text-align: center;\">\t\t\t\t37<\/td>\n<td style=\"text-align: center;\">\t\t\t\t27<\/td>\n<td style=\"text-align: center;\">\t\t\t\t21<\/td>\n<\/tr>\n<tr>\n<td style=\"text-align: center;\">\t\t\t\tSA400 L=900<\/td>\n<td style=\"text-align: center;\">\t\t\t\t6<\/td>\n<td style=\"text-align: center;\">\t\t\t\t12<\/td>\n<td style=\"text-align: center;\">\t\t\t\t20<\/td>\n<td style=\"text-align: center;\">\t\t\t\t26<\/td>\n<td style=\"text-align: center;\">\t\t\t\t32<\/td>\n<td style=\"text-align: center;\">\t\t\t\t28<\/td>\n<td style=\"text-align: center;\">\t\t\t\t24<\/td>\n<\/tr>\n<tr>\n<td style=\"text-align: center;\">\t\t\t\tSA450 L=900<\/td>\n<td style=\"text-align: center;\">\t\t\t\t6<\/td>\n<td style=\"text-align: center;\">\t\t\t\t9<\/td>\n<td style=\"text-align: center;\">\t\t\t\t14<\/td>\n<td style=\"text-align: center;\">\t\t\t\t23<\/td>\n<td style=\"text-align: center;\">\t\t\t\t21<\/td>\n<td style=\"text-align: center;\">\t\t\t\t24<\/td>\n<td style=\"text-align: center;\">\t\t\t\t14<\/td>\n<\/tr>\n<tr>\n<td style=\"text-align: center;\">\t\t\t\tSA500 L=1200<\/td>\n<td style=\"text-align: center;\">\t\t\t\t7<\/td>\n<td style=\"text-align: center;\">\t\t\t\t11<\/td>\n<td style=\"text-align: center;\">\t\t\t\t15<\/td>\n<td style=\"text-align: center;\">\t\t\t\t24<\/td>\n<td style=\"text-align: center;\">\t\t\t\t22<\/td>\n<td style=\"text-align: center;\">\t\t\t\t25<\/td>\n<td style=\"text-align: center;\">\t\t\t\t16<\/td>\n<\/tr>\n<tr>\n<td style=\"text-align: center;\">\t\t\t\tSA560 L=1200<\/td>\n<td style=\"text-align: center;\">\t\t\t\t7<\/td>\n<td style=\"text-align: center;\">\t\t\t\t13<\/td>\n<td style=\"text-align: center;\">\t\t\t\t16<\/td>\n<td style=\"text-align: center;\">\t\t\t\t24<\/td>\n<td style=\"text-align: center;\">\t\t\t\t21<\/td>\n<td style=\"text-align: center;\">\t\t\t\t24<\/td>\n<td style=\"text-align: center;\">\t\t\t\t15<\/td>\n<\/tr>\n<tr>\n<td style=\"text-align: center;\">\t\t\t\tSA630 L=1200<\/td>\n<td style=\"text-align: center;\">\t\t\t\t7<\/td>\n<td style=\"text-align: center;\">\t\t\t\t14<\/td>\n<td style=\"text-align: center;\">\t\t\t\t18<\/td>\n<td style=\"text-align: center;\">\t\t\t\t25<\/td>\n<td style=\"text-align: center;\">\t\t\t\t21<\/td>\n<td style=\"text-align: center;\">\t\t\t\t21<\/td>\n<td style=\"text-align: center;\">\t\t\t\t15<\/td>\n<\/tr>\n<\/tbody>\n<\/table>\n<p><\/p>\n<table id=\"biaoge\" align=\"center\" border=\"0\" cellpadding=\"1\" cellspacing=\"1\">\n<tbody>\n<tr>\n<td>\t\t\t\t<span style=\"font-size:14px;\">Atenuador ac\u00fastico circular de acero galvanizado con carcasa aislante de entre 50 y 100 mm de grosor<\/span>\t\t\t\t<\/p>\n<div>\t\t\t\t\t<strong><span style=\"font-size:16px;\">Composici\u00f3n<\/span><\/strong><\/div>\n<div>\t\t\t\t\t<span style=\"font-size:14px;\">Los silenciadores circulares est\u00e1n dise\u00f1ados con un conducto exterior galvanizado<\/span><\/div>\n<div>\t\t\t\t\t<span style=\"font-size:14px;\">sistema<\/span><\/div>\n<div>\t\t\t\t\t<span style=\"font-size:14px;\">La carcasa interior es de chapa de acero perforada<\/span><\/div>\n<div>\t\t\t\t\t<span style=\"font-size:14px;\">La cavidad se rellena con lana mineral fonoabsorbente<\/span><\/p>\n<div>\t\t\t\t\t\t<strong><span style=\"font-size:16px;\">Montaje<\/span><\/strong><\/div>\n<div>\t\t\t\t\t\t<span style=\"font-size:14px;\">Los atenuadores deben montarse mediante suspensi\u00f3n en conducto<\/span><\/div>\n<div>\t\t\t\t\t\t<span style=\"font-size:14px;\">abrazaderas, alrededor de la conexi\u00f3n del conducto \u00d8d El di\u00e1metro exterior<\/span><\/div>\n<div>\t\t\t\t\t\t<span style=\"font-size:14px;\">\u00d8D de estos atenuadores pueden tener peque\u00f1as desviaciones de tama\u00f1o<\/span><\/div>\n<\/p><\/div>\n<\/td>\n<\/tr>\n<\/tbody>\n<\/table>\n<p><\/p>\n<div style=\"text-align: center;\">\t<img decoding=\"async\" alt=\"\" src=\"\/wp-content\/uploads\/2024\/05\/2-2003091H24D49.jpg\" style=\"width: 570px; height: 300px;\" \/><\/p>\n<p>\t<img decoding=\"async\" alt=\"\" src=\"\/wp-content\/uploads\/2024\/05\/2-2003091H259630.jpg\" style=\"width: 570px; height: 300px;\" \/><\/div>\n<\/div>","protected":false},"excerpt":{"rendered":"<p>Atenuadores ac\u00fasticos circulares<\/p>","protected":false},"featured_media":10154,"comment_status":"closed","ping_status":"closed","template":"","meta":[],"etheme_brands":[],"product_brand":[],"product_cat":[53],"product_tag":[],"class_list":{"0":"post-10152","1":"product","2":"type-product","3":"status-publish","4":"has-post-thumbnail","6":"product_cat-duct-fitting","8":"first","9":"instock","10":"shipping-taxable","11":"product-type-simple"},"_links":{"self":[{"href":"https:\/\/chinafore.com\/es\/wp-json\/wp\/v2\/product\/10152","targetHints":{"allow":["GET"]}}],"collection":[{"href":"https:\/\/chinafore.com\/es\/wp-json\/wp\/v2\/product"}],"about":[{"href":"https:\/\/chinafore.com\/es\/wp-json\/wp\/v2\/types\/product"}],"replies":[{"embeddable":true,"href":"https:\/\/chinafore.com\/es\/wp-json\/wp\/v2\/comments?post=10152"}],"version-history":[{"count":1,"href":"https:\/\/chinafore.com\/es\/wp-json\/wp\/v2\/product\/10152\/revisions"}],"predecessor-version":[{"id":11506,"href":"https:\/\/chinafore.com\/es\/wp-json\/wp\/v2\/product\/10152\/revisions\/11506"}],"wp:featuredmedia":[{"embeddable":true,"href":"https:\/\/chinafore.com\/es\/wp-json\/wp\/v2\/media\/10154"}],"wp:attachment":[{"href":"https:\/\/chinafore.com\/es\/wp-json\/wp\/v2\/media?parent=10152"}],"wp:term":[{"taxonomy":"brand","embeddable":true,"href":"https:\/\/chinafore.com\/es\/wp-json\/wp\/v2\/etheme_brands?post=10152"},{"taxonomy":"product_brand","embeddable":true,"href":"https:\/\/chinafore.com\/es\/wp-json\/wp\/v2\/product_brand?post=10152"},{"taxonomy":"product_cat","embeddable":true,"href":"https:\/\/chinafore.com\/es\/wp-json\/wp\/v2\/product_cat?post=10152"},{"taxonomy":"product_tag","embeddable":true,"href":"https:\/\/chinafore.com\/es\/wp-json\/wp\/v2\/product_tag?post=10152"}],"curies":[{"name":"wp","href":"https:\/\/api.w.org\/{rel}","templated":true}]}}