{"id":10068,"date":"2024-05-30T12:26:00","date_gmt":"2024-05-30T12:26:00","guid":{"rendered":"https:\/\/green-giraffe-671934.hostingersite.com\/?post_type=product&#038;p=10068"},"modified":"2024-12-05T08:46:21","modified_gmt":"2024-12-05T08:46:21","slug":"splitter-damper-hardware-duct-hardware","status":"publish","type":"product","link":"https:\/\/chinafore.com\/es\/producto\/splitter-damper-hardware-duct-hardware\/","title":{"rendered":"Splitter Damper Hardware Duct Hardware"},"content":{"rendered":"<div class=\"container-text\">\n<div style=\"text-align: center;\">\t<strong><span style=\"font-size:36px;\">Herrajes de la compuerta divisora<\/span><\/strong><\/p>\n<p>\t<img decoding=\"async\" alt=\"\" src=\"\/wp-content\/uploads\/2024\/05\/2-200313161A95U.jpg\" \/><\/p>\n<table id=\"biaoge\" align=\"center\" border=\"1\" cellpadding=\"1\" cellspacing=\"1\">\n<tbody>\n<tr>\n<td>\t\t\t\t\t<strong><span style=\"font-size:14px;\">Modelo<\/span><\/strong><\/td>\n<td>\t\t\t\t\t<strong><span style=\"font-size:14px;\">Tama\u00f1o del eje<\/span><\/strong><\/td>\n<\/tr>\n<tr>\n<td>\t\t\t\t\tSDB14<\/td>\n<td>\t\t\t\t\t1\/4\"<\/td>\n<\/tr>\n<tr>\n<td>\t\t\t\t\tSDB516<\/td>\n<td>\t\t\t\t\t5\/16\"<\/td>\n<\/tr>\n<\/tbody>\n<\/table>\n<\/div>\n<table id=\"biaoge\" align=\"center\" border=\"0\" cellpadding=\"1\" cellspacing=\"1\">\n<tbody>\n<tr>\n<td>\n<div>\t\t\t\t\t<span style=\"font-size:14px;\">El soporte del amortiguador del divisor consiste en un calibre 16&nbsp;<\/span><span style=\"font-size: 14px;\">estampaci\u00f3n cincada, pivote de sost\u00e9n, acero inoxidable&nbsp;<\/span><span style=\"font-size: 14px;\">muelle, \"Slider\" de acero y un anillo de compresi\u00f3n\/<\/span><span style=\"font-size: 14px;\">conjunto de contratuerca.<\/span><\/div>\n<div>\t\t\t\t\t<span style=\"font-size:14px;\">Este conjunto sujeta firmemente la barra de control en&nbsp;<\/span><span style=\"font-size: 14px;\">posici\u00f3n. La corredera permite la autoalineaci\u00f3n con el&nbsp;<\/span><span style=\"font-size: 14px;\">r\u00f3tula. Tambi\u00e9n disponible con pivote de lat\u00f3n roscado<\/span><\/div>\n<\/td>\n<\/tr>\n<\/tbody>\n<\/table>\n<p><\/div>","protected":false},"excerpt":{"rendered":"<p>Splitter Damper Hardware Duct Hardware<\/p>","protected":false},"featured_media":10070,"comment_status":"closed","ping_status":"closed","template":"","meta":[],"etheme_brands":[],"product_brand":[],"product_cat":[53],"product_tag":[],"class_list":{"0":"post-10068","1":"product","2":"type-product","3":"status-publish","4":"has-post-thumbnail","6":"product_cat-duct-fitting","8":"first","9":"instock","10":"shipping-taxable","11":"product-type-simple"},"_links":{"self":[{"href":"https:\/\/chinafore.com\/es\/wp-json\/wp\/v2\/product\/10068","targetHints":{"allow":["GET"]}}],"collection":[{"href":"https:\/\/chinafore.com\/es\/wp-json\/wp\/v2\/product"}],"about":[{"href":"https:\/\/chinafore.com\/es\/wp-json\/wp\/v2\/types\/product"}],"replies":[{"embeddable":true,"href":"https:\/\/chinafore.com\/es\/wp-json\/wp\/v2\/comments?post=10068"}],"version-history":[{"count":1,"href":"https:\/\/chinafore.com\/es\/wp-json\/wp\/v2\/product\/10068\/revisions"}],"predecessor-version":[{"id":11422,"href":"https:\/\/chinafore.com\/es\/wp-json\/wp\/v2\/product\/10068\/revisions\/11422"}],"wp:featuredmedia":[{"embeddable":true,"href":"https:\/\/chinafore.com\/es\/wp-json\/wp\/v2\/media\/10070"}],"wp:attachment":[{"href":"https:\/\/chinafore.com\/es\/wp-json\/wp\/v2\/media?parent=10068"}],"wp:term":[{"taxonomy":"brand","embeddable":true,"href":"https:\/\/chinafore.com\/es\/wp-json\/wp\/v2\/etheme_brands?post=10068"},{"taxonomy":"product_brand","embeddable":true,"href":"https:\/\/chinafore.com\/es\/wp-json\/wp\/v2\/product_brand?post=10068"},{"taxonomy":"product_cat","embeddable":true,"href":"https:\/\/chinafore.com\/es\/wp-json\/wp\/v2\/product_cat?post=10068"},{"taxonomy":"product_tag","embeddable":true,"href":"https:\/\/chinafore.com\/es\/wp-json\/wp\/v2\/product_tag?post=10068"}],"curies":[{"name":"wp","href":"https:\/\/api.w.org\/{rel}","templated":true}]}}