{"id":3,"date":"2024-11-30T16:25:35","date_gmt":"2024-11-30T16:25:35","guid":{"rendered":"https:\/\/green-giraffe-671934.hostingersite.com\/?page_id=3"},"modified":"2025-02-24T16:18:00","modified_gmt":"2025-02-24T16:18:00","slug":"privacy-policy","status":"publish","type":"page","link":"https:\/\/chinafore.com\/es\/politica-de-privacidad\/","title":{"rendered":"Pol\u00edtica de privacidad"},"content":{"rendered":"<h2 class=\"wp-block-heading\">Qui\u00e9nes somos<\/h2><p>Our website address is:&nbsp;<a href=\"https:\/\/chinafore.com\/es\/\" target=\"_blank\" rel=\"noreferrer noopener\">https:\/\/chinafore.com<\/a>. Chinafore Co. Ltd was founded in 2003, located in Hangzhou, China, specializing in production development, and innovations in HVAC\/R systems, including fresh air duct system and air conditioning installation system.<\/p><h3 class=\"wp-block-heading\">Comentarios<\/h3><p>When visitors leave comments on the site we collect the data shown in the comments form, and also the visitor\u2019s IP address and browser user agent string to help spam detection.<\/p><p>An anonymized string created from your email address (also called a hash) may be provided to the Gravatar service to see if you are using it. The Gravatar service privacy policy is available here:&nbsp;<a href=\"https:\/\/automattic.com\/privacy\/\" target=\"_blank\" rel=\"noreferrer noopener\">https:\/\/automattic.com\/privacy\/<\/a>. After approval of your comment, your profile picture is visible to the public in the context of your comment.<\/p><h3 class=\"wp-block-heading\">Medios de comunicaci\u00f3n<\/h3><p>Si subes im\u00e1genes al sitio web, debes evitar subir im\u00e1genes con datos de localizaci\u00f3n incrustados (EXIF GPS) incluidos. Los visitantes del sitio web pueden descargar y extraer cualquier dato de localizaci\u00f3n de las im\u00e1genes del sitio web.<\/p><h3 class=\"wp-block-heading\">Cookies<\/h3><p>If you leave a comment on our site you may opt &#8211; in to saving your name, email address and website in cookies. These are for your convenience so that you do not have to fill in your details again when you leave another comment. These cookies will last for one year.<\/p><p>Si visita nuestra p\u00e1gina de inicio de sesi\u00f3n, instalaremos una cookie temporal para determinar si su navegador acepta cookies. Esta cookie no contiene datos personales y se desecha al cerrar el navegador.<\/p><p>When you log in, we will also set up several cookies to save your login information and your screen display choices. Login cookies last for two days, and screen options cookies last for a year. If you select &#8220;Remember Me&#8221;, your login will persist for two weeks. If you log out of your account, the login cookies will be removed.<\/p><p>Si edita o publica un art\u00edculo, se guardar\u00e1 una cookie adicional en su navegador. Esta cookie no incluye datos personales y se limita a indicar el ID de publicaci\u00f3n del art\u00edculo que acaba de editar. Caduca al cabo de 1 d\u00eda.<\/p><h3 class=\"wp-block-heading\">Embedded Content From Other Websites<\/h3><p>Los art\u00edculos de este sitio pueden incluir contenido incrustado (por ejemplo, v\u00eddeos, im\u00e1genes, art\u00edculos, etc.). El contenido incrustado de otros sitios web se comporta exactamente igual que si el visitante hubiera visitado el otro sitio web.<\/p><p>These websites may collect data about you, use cookies, embed additional third &#8211; party tracking, and monitor your interaction with that embedded content, including tracking your interaction with the embedded content if you have an account and are logged in to that website.<\/p><h3 class=\"wp-block-heading\">Who We Share Your Data With<\/h3><p>Si solicita un restablecimiento de contrase\u00f1a, su direcci\u00f3n IP se incluir\u00e1 en el correo electr\u00f3nico de restablecimiento.<\/p><h3 class=\"wp-block-heading\">How Long We Retain Your Data<\/h3><p>If you leave a comment, the comment and its metadata are retained indefinitely. This is so we can recognize and approve any follow &#8211; up comments automatically instead of holding them in a moderation queue.<\/p><p>En el caso de los usuarios que se registran en nuestro sitio web (si los hay), tambi\u00e9n almacenamos la informaci\u00f3n personal que proporcionan en su perfil de usuario. Todos los usuarios pueden ver, editar o borrar su informaci\u00f3n personal en cualquier momento (excepto que no pueden cambiar su nombre de usuario). Los administradores del sitio web tambi\u00e9n pueden ver y modificar esa informaci\u00f3n.<\/p><h3 class=\"wp-block-heading\">What Rights You Have Over Your Data<\/h3><p>Si tiene una cuenta en este sitio o ha dejado comentarios, puede solicitar que le enviemos un archivo exportado de los datos personales que tenemos sobre usted, incluidos los que nos haya facilitado. Tambi\u00e9n puede solicitar que borremos cualquier dato personal que tengamos sobre usted. Esto no incluye los datos que estemos obligados a conservar por motivos administrativos, legales o de seguridad.<\/p><h3 class=\"wp-block-heading\">Where Your Data Is Sent<\/h3><p>Los comentarios de los visitantes pueden ser controlados por un servicio automatizado de detecci\u00f3n de spam.<\/p><h3 class=\"wp-block-heading\">Company Contact Information<\/h3><p>No. 499 Hongcan Rd., Hongken Xiaoshan Disctrict, Hangzhou, China<br>Phone: <a href=\"tel:86057181603529\">+86 0571 &#8211; 81603529<\/a><br>Whatsapp:<a href=\"https:\/\/wa.me\/+8615157112235\" target=\"_blank\" rel=\"noopener\">+86 15157112235<\/a><br>Email: <a href=\"mailto:chinafore@chinafore.com\">chinafore@chinafore.com<\/a><\/p>","protected":false},"excerpt":{"rendered":"<p>Who We Are Our website address is:&nbsp;https:\/\/chinafore.com. Chinafore Co. Ltd was founded in 2003, located in Hangzhou, China, specializing in production development, and innovations in&#8230;<\/p>","protected":false},"author":2,"featured_media":0,"parent":0,"menu_order":0,"comment_status":"closed","ping_status":"closed","template":"","meta":{"footnotes":""},"class_list":["post-3","page","type-page","status-publish","hentry"],"_links":{"self":[{"href":"https:\/\/chinafore.com\/es\/wp-json\/wp\/v2\/pages\/3","targetHints":{"allow":["GET"]}}],"collection":[{"href":"https:\/\/chinafore.com\/es\/wp-json\/wp\/v2\/pages"}],"about":[{"href":"https:\/\/chinafore.com\/es\/wp-json\/wp\/v2\/types\/page"}],"author":[{"embeddable":true,"href":"https:\/\/chinafore.com\/es\/wp-json\/wp\/v2\/users\/2"}],"replies":[{"embeddable":true,"href":"https:\/\/chinafore.com\/es\/wp-json\/wp\/v2\/comments?post=3"}],"version-history":[{"count":2,"href":"https:\/\/chinafore.com\/es\/wp-json\/wp\/v2\/pages\/3\/revisions"}],"predecessor-version":[{"id":13052,"href":"https:\/\/chinafore.com\/es\/wp-json\/wp\/v2\/pages\/3\/revisions\/13052"}],"wp:attachment":[{"href":"https:\/\/chinafore.com\/es\/wp-json\/wp\/v2\/media?parent=3"}],"curies":[{"name":"wp","href":"https:\/\/api.w.org\/{rel}","templated":true}]}}